{"id":932,"date":"2020-06-15T03:08:14","date_gmt":"2020-06-15T03:08:14","guid":{"rendered":"http:\/\/zsp14gliwice.pl\/sp28\/?page_id=932"},"modified":"2026-02-02T13:55:27","modified_gmt":"2026-02-02T13:55:27","slug":"nauczyciele","status":"publish","type":"page","link":"https:\/\/zsp14gliwice.pl\/sp28\/nauczyciele\/","title":{"rendered":"Nauczyciele"},"content":{"rendered":"<p><span style=\"color: #000000;\"><strong>Dyrektor:<\/strong><br \/>\nMagdalena Paciorek<\/span><\/p>\n<p><span style=\"color: #000000;\"><strong>Wicedyrektor:<\/strong><\/span><br \/>\n<span style=\"color: #000000;\">Przemys\u0142aw Kulik<\/span><\/p>\n<p><span style=\"color: #000000;\"><strong>Nauczyciele:<br \/>\n<\/strong><\/span><span style=\"color: #000000;\">Babiarz Ma\u0142gorzata<\/span><br \/>\n<span style=\"color: #000000;\">Bill Agnieszka<\/span><br \/>\n<span style=\"color: #000000;\">Bill Patrycja<\/span><br \/>\n<span style=\"color: #000000;\">Bill-Nowak Anna<\/span><br \/>\n<span style=\"color: #000000;\">Bladoszewska Agata<\/span><br \/>\n<span style=\"color: #000000;\">B\u0142aszczyszyn Izabela<\/span><br \/>\n<span style=\"color: #000000;\">Budzy\u0144ska-Mordal Marzena<\/span><br \/>\n<span style=\"color: #000000;\">Cembrzy\u0144ska-Tunia Martyna<\/span><br \/>\n<span style=\"color: #000000;\">Che\u0142ska-Urba\u0144ska Ma\u0142gorzata<\/span><br \/>\n<span style=\"color: #000000;\">Ch\u0119ci\u0144ska Gra\u017cyna<\/span><br \/>\n<span style=\"color: #000000;\">Chyzhova Iryna<\/span><br \/>\n<span style=\"color: #000000;\">Cybul Krzysztof<\/span><br \/>\n<span style=\"color: #000000;\">Czeka\u0142a Dominika<\/span><br \/>\n<span style=\"color: #000000;\">Czeka\u0142a Emilia<\/span><br \/>\n<span style=\"color: #000000;\">Czok Agnieszka<\/span><br \/>\n<span style=\"color: #000000;\">Czy\u017cykowska Dorota<\/span><br \/>\n<span style=\"color: #000000;\">Dumin-Kowal Mariola<\/span><br \/>\n<span style=\"color: #000000;\">Dyl\u0105g Tobiasz<\/span><br \/>\n<span style=\"color: #000000;\">Fr\u00f6hlich Angelika<\/span><br \/>\n<span style=\"color: #000000;\">Frydrych Karolina<\/span><br \/>\n<span style=\"color: #000000;\">Gawron Zbigniew<\/span><br \/>\n<span style=\"color: #000000;\">G\u0105bka Miros\u0142awa<\/span><br \/>\n<span style=\"color: #000000;\">Gemba\u0142a-Dudek Ewa<\/span><br \/>\n<span style=\"color: #000000;\">Gizicki Daniel<\/span><br \/>\n<span style=\"color: #000000;\">Goli\u0144ska Monika<\/span><br \/>\n<span style=\"color: #000000;\">Gomo\u0142a Anna<\/span><br \/>\n<span style=\"color: #000000;\">G\u00f3rska Kamilla<\/span><br \/>\n<span style=\"color: #000000;\">Here\u017aniak Agata<\/span><br \/>\n<span style=\"color: #000000;\">Izydorczyk Agnieszka<\/span><br \/>\n<span style=\"color: #000000;\">Janecka-Bia\u0142ek Anna<\/span><br \/>\n<span style=\"color: #000000;\">Janiga Monika<\/span><br \/>\n<span style=\"color: #000000;\">Jeznacka Anna<\/span><br \/>\n<span style=\"color: #000000;\">J\u0119dzierowska Anna<\/span><br \/>\n<span style=\"color: #000000;\">Kala-Czeszek Gra\u017cyna<\/span><br \/>\n<span style=\"color: #000000;\">Kalisz Brygida<\/span><br \/>\n<span style=\"color: #000000;\">Karczewska Justyna<\/span><br \/>\n<span style=\"color: #000000;\">Kasperczyk Joanna<\/span><br \/>\n<span style=\"color: #000000;\">Klajmon Joanna<\/span><br \/>\n<span style=\"color: #000000;\">Knap Natalia<\/span><br \/>\n<span style=\"color: #000000;\">Komarnicka Renata<\/span><br \/>\n<span style=\"color: #000000;\">Korna Monika<\/span><br \/>\n<span style=\"color: #000000;\">Kosi\u0144ska Agnieszka<\/span><br \/>\n<span style=\"color: #000000;\">Kosi\u0144ska-Didyk AGNIESZKA<\/span><br \/>\n<span style=\"color: #000000;\">Kozio\u0142 Jaros\u0142aw<\/span><br \/>\n<span style=\"color: #000000;\">Koz\u0142owska Iwona<\/span><br \/>\n<span style=\"color: #000000;\">Kubala Sylwia<\/span><br \/>\n<span style=\"color: #000000;\">Kubiec Zofia<\/span><br \/>\n<span style=\"color: #000000;\">Kuciej Dorota<\/span><br \/>\n<span style=\"color: #000000;\">Kulik Bo\u017cena<\/span><br \/>\n<span style=\"color: #000000;\">Kulik Przemys\u0142aw<\/span><br \/>\n<span style=\"color: #000000;\">Le\u015bniak Ewa<\/span><br \/>\n<span style=\"color: #000000;\">Machnik Tomasz <\/span><br \/>\n<span style=\"color: #000000;\">Matijuk Kamila<\/span><br \/>\n<span style=\"color: #000000;\">Mocarska Agnieszka<\/span><br \/>\n<span style=\"color: #000000;\">Moli\u0144ska Beata<\/span><br \/>\n<span style=\"color: #000000;\">Nowak Barbara<\/span><br \/>\n<span style=\"color: #000000;\">Nowicka Dorota<\/span><br \/>\n<span style=\"color: #000000;\">Nowicka El\u017cbieta<\/span><br \/>\n<span style=\"color: #000000;\">Odziomek Alicja<\/span><br \/>\n<span style=\"color: #000000;\">Paciorek Magdalena<\/span><br \/>\n<span style=\"color: #000000;\">P\u0119czalska Ma\u0142gorzata<\/span><br \/>\n<span style=\"color: #000000;\">Pilis Izabela<\/span><br \/>\n<span style=\"color: #000000;\">Plinta Joanna<\/span><br \/>\n<span style=\"color: #000000;\">Pomorski Przemys\u0142aw<\/span><br \/>\n<span style=\"color: #000000;\">Popiel-Kruk Aleksandra<\/span><br \/>\n<span style=\"color: #000000;\">P\u00f3\u0142torak Jolanta<\/span><br \/>\n<span style=\"color: #000000;\">Serafin Wiktoria<\/span><br \/>\n<span style=\"color: #000000;\">Sobieraj Anna<\/span><br \/>\n<span style=\"color: #000000;\">Solski Adam<\/span><br \/>\n<span style=\"color: #000000;\">Sowi\u0144ska Katarzyna<\/span><br \/>\n<span style=\"color: #000000;\">Stefa\u0144ska Anna<\/span><br \/>\n<span style=\"color: #000000;\">Strojek Ma\u0142gorzata<\/span><br \/>\n<span style=\"color: #000000;\">Szczepaniak Angelika<\/span><br \/>\n<span style=\"color: #000000;\">Szendzielorz Aleksandra <\/span><br \/>\n<span style=\"color: #000000;\">Szura Agata<\/span><br \/>\n<span style=\"color: #000000;\">Szymczak Klaudia<\/span><br \/>\n<span style=\"color: #000000;\">Tomas Krzysztof<\/span><br \/>\n<span style=\"color: #000000;\">Trembaczowska Alicja<\/span><br \/>\n<span style=\"color: #000000;\">Turek Ma\u0142gorzata<\/span><br \/>\n<span style=\"color: #000000;\">Urbanek Iwona<\/span><br \/>\n<span style=\"color: #000000;\">Walczuk Sylwester<\/span><br \/>\n<span style=\"color: #000000;\">W\u0105cha\u0142a Oliwia<\/span><br \/>\n<span style=\"color: #000000;\">Witkowska Aleksandra<\/span><br \/>\n<span style=\"color: #000000;\">Wr\u00f3bel Marta<\/span><br \/>\n<span style=\"color: #000000;\">Wysocka Anna<\/span><br \/>\n<span style=\"color: #000000;\">Zarychta Gra\u017cyna<\/span><br \/>\n<span style=\"color: #000000;\">Zawadzka Ewa<\/span><br \/>\n<span style=\"color: #000000;\">Zdanek Aleksandra<\/span><br \/>\n<span style=\"color: #000000;\">Zi\u00f3\u0142kowska-Machnik Barbara<\/span><\/p>\n","protected":false},"excerpt":{"rendered":"<p>Dyrektor: Magdalena Paciorek Wicedyrektor: Przemys\u0142aw Kulik Nauczyciele: Babiarz Ma\u0142gorzata Bill Agnieszka Bill Patrycja Bill-Nowak Anna Bladoszewska Agata B\u0142aszczyszyn Izabela Budzy\u0144ska-Mordal Marzena Cembrzy\u0144ska-Tunia Martyna Che\u0142ska-Urba\u0144ska Ma\u0142gorzata Ch\u0119ci\u0144ska Gra\u017cyna Chyzhova Iryna Cybul Krzysztof Czeka\u0142a Dominika Czeka\u0142a Emilia Czok Agnieszka Czy\u017cykowska Dorota Dumin-Kowal Mariola Dyl\u0105g Tobiasz Fr\u00f6hlich Angelika Frydrych Karolina Gawron Zbigniew G\u0105bka Miros\u0142awa Gemba\u0142a-Dudek Ewa Gizicki Daniel Goli\u0144ska Monika Gomo\u0142a Anna G\u00f3rska &#8230; <\/p>\n<div><a href=\"https:\/\/zsp14gliwice.pl\/sp28\/nauczyciele\/\" class=\"more-link\">Read More<\/a><\/div>\n","protected":false},"author":1,"featured_media":0,"parent":0,"menu_order":0,"comment_status":"closed","ping_status":"closed","template":"","meta":{"footnotes":""},"class_list":["post-932","page","type-page","status-publish","hentry","no-post-thumbnail"],"_links":{"self":[{"href":"https:\/\/zsp14gliwice.pl\/sp28\/wp-json\/wp\/v2\/pages\/932"}],"collection":[{"href":"https:\/\/zsp14gliwice.pl\/sp28\/wp-json\/wp\/v2\/pages"}],"about":[{"href":"https:\/\/zsp14gliwice.pl\/sp28\/wp-json\/wp\/v2\/types\/page"}],"author":[{"embeddable":true,"href":"https:\/\/zsp14gliwice.pl\/sp28\/wp-json\/wp\/v2\/users\/1"}],"replies":[{"embeddable":true,"href":"https:\/\/zsp14gliwice.pl\/sp28\/wp-json\/wp\/v2\/comments?post=932"}],"version-history":[{"count":15,"href":"https:\/\/zsp14gliwice.pl\/sp28\/wp-json\/wp\/v2\/pages\/932\/revisions"}],"predecessor-version":[{"id":5511,"href":"https:\/\/zsp14gliwice.pl\/sp28\/wp-json\/wp\/v2\/pages\/932\/revisions\/5511"}],"wp:attachment":[{"href":"https:\/\/zsp14gliwice.pl\/sp28\/wp-json\/wp\/v2\/media?parent=932"}],"curies":[{"name":"wp","href":"https:\/\/api.w.org\/{rel}","templated":true}]}}