{"id":8,"date":"2019-12-02T09:50:49","date_gmt":"2019-12-02T09:50:49","guid":{"rendered":"http:\/\/zsp14gliwice.pl\/sp28\/?page_id=8"},"modified":"2024-08-21T15:43:48","modified_gmt":"2024-08-21T15:43:48","slug":"strona-glowna","status":"publish","type":"page","link":"https:\/\/zsp14gliwice.pl\/sp28\/","title":{"rendered":"Strona g\u0142\u00f3wna"},"content":{"rendered":"<div class=\"wpb-content-wrapper\">[vc_row][vc_column]\n\t\t\t<!-- START Slider 2 REVOLUTION SLIDER 6.7.17 --><p class=\"rs-p-wp-fix\"><\/p>\n\t\t\t<rs-module-wrap id=\"rev_slider_2_1_wrapper\" data-source=\"gallery\" style=\"visibility:hidden;background:transparent;padding:0px;margin:0px auto;margin-top:0;margin-bottom:0;\">\n\t\t\t\t<rs-module id=\"rev_slider_2_1\" style=\"\" data-version=\"6.7.17\">\n\t\t\t\t\t<rs-slides style=\"overflow: hidden; position: absolute;\">\n\t\t\t\t\t\t<rs-slide style=\"position: absolute;\" data-key=\"rs-7\" data-title=\"Slide\" data-thumb=\"\/\/zsp14gliwice.pl\/sp28\/wp-content\/uploads\/2020\/04\/IMG_20190306_100917-50x100.jpg\" data-anim=\"adpr:false;\" data-in=\"o:0;\" data-out=\"a:false;\">\n\t\t\t\t\t\t\t<img decoding=\"async\" src=\"\/\/zsp14gliwice.pl\/sp28\/wp-content\/plugins\/revslider\/sr6\/assets\/assets\/dummy.png\" alt=\"IMG 20190306 100917\" title=\"IMG 20190306 100917\" width=\"1024\" height=\"768\" class=\"rev-slidebg tp-rs-img rs-lazyload\" data-lazyload=\"\/\/zsp14gliwice.pl\/sp28\/wp-content\/uploads\/2020\/04\/IMG_20190306_100917.jpg\" data-panzoom=\"d:5000ms;e:power1.inOut;ss:105%;se:100;\" data-no-retina>\n<!--\n\t\t\t\t\t\t\t--><rs-group\n\t\t\t\t\t\t\t\tid=\"slider-2-slide-7-layer-1\" \n\t\t\t\t\t\t\t\tdata-type=\"group\"\n\t\t\t\t\t\t\t\tdata-rsp_ch=\"on\"\n\t\t\t\t\t\t\t\tdata-xy=\"x:c;xo:-50px;y:c;\"\n\t\t\t\t\t\t\t\tdata-text=\"w:normal;s:20;\"\n\t\t\t\t\t\t\t\tdata-dim=\"w:1026px;h:295px;\"\n\t\t\t\t\t\t\t\tdata-frame_0=\"o:1;\"\n\t\t\t\t\t\t\t\tdata-frame_999=\"o:0;st:w;sA:9000;\"\n\t\t\t\t\t\t\t\tstyle=\"z-index:11;\"\n\t\t\t\t\t\t\t><!--\n\t\t\t\t\t\t\t\t--><rs-layer\n\t\t\t\t\t\t\t\t\tid=\"slider-2-slide-7-layer-2\" \n\t\t\t\t\t\t\t\t\tdata-type=\"text\"\n\t\t\t\t\t\t\t\t\tdata-color=\"#f7af42\"\n\t\t\t\t\t\t\t\t\tdata-tsh=\"c:rgba(0,0,0,0.4);h:1px;v:1px;b:2px;\"\n\t\t\t\t\t\t\t\t\tdata-rsp_ch=\"on\"\n\t\t\t\t\t\t\t\t\tdata-xy=\"y:117px;\"\n\t\t\t\t\t\t\t\t\tdata-pos=\"a\"\n\t\t\t\t\t\t\t\t\tdata-text=\"w:normal;s:36;l:40;ls:1;fw:500;\"\n\t\t\t\t\t\t\t\t\tdata-dim=\"minh:0px;\"\n\t\t\t\t\t\t\t\t\tdata-frame_0_mask=\"u:t;x:-50px;\"\n\t\t\t\t\t\t\t\t\tdata-frame_1=\"sp:1000;\"\n\t\t\t\t\t\t\t\t\tdata-frame_1_mask=\"u:t;\"\n\t\t\t\t\t\t\t\t\tdata-frame_999=\"o:0;st:w;\"\n\t\t\t\t\t\t\t\t\tstyle=\"z-index:10;font-family:'Roboto';\"\n\t\t\t\t\t\t\t\t> \n\t\t\t\t\t\t\t\t<\/rs-layer><!--\n\n\t\t\t\t\t\t\t\t--><rs-layer\n\t\t\t\t\t\t\t\t\tid=\"slider-2-slide-7-layer-0\" \n\t\t\t\t\t\t\t\t\tdata-type=\"text\"\n\t\t\t\t\t\t\t\t\tdata-color=\"#fff\"\n\t\t\t\t\t\t\t\t\tdata-rsp_ch=\"on\"\n\t\t\t\t\t\t\t\t\tdata-xy=\"x:-6px;y:c;yo:50px;\"\n\t\t\t\t\t\t\t\t\tdata-pos=\"a\"\n\t\t\t\t\t\t\t\t\tdata-text=\"w:normal;s:120;l:120;ls:-4;fw:800;\"\n\t\t\t\t\t\t\t\t\tdata-dim=\"w:1025px;minh:0px;\"\n\t\t\t\t\t\t\t\t\tdata-frame_0_mask=\"u:t;x:-50px;\"\n\t\t\t\t\t\t\t\t\tdata-frame_1=\"st:350;sp:1000;\"\n\t\t\t\t\t\t\t\t\tdata-frame_1_mask=\"u:t;\"\n\t\t\t\t\t\t\t\t\tdata-frame_999=\"o:0;st:w;\"\n\t\t\t\t\t\t\t\t\tstyle=\"z-index:9;font-family:'Poppins';\"\n\t\t\t\t\t\t\t\t>DLACZEGO SP28? \n\t\t\t\t\t\t\t\t<\/rs-layer><!--\n\n\t\t\t\t\t\t\t\t--><a\n\t\t\t\t\t\t\t\t\tid=\"slider-2-slide-7-layer-3\" \n\t\t\t\t\t\t\t\t\tclass=\"rs-layer rev-btn\"\n\t\t\t\t\t\t\t\t\thref=\"http:\/\/zsp14gliwice.pl\/sp28\/dlaczego-sp28\/\" target=\"_self\" rel=\"nofollow\"\n\t\t\t\t\t\t\t\t\tdata-type=\"button\"\n\t\t\t\t\t\t\t\t\tdata-color=\"#000000\"\n\t\t\t\t\t\t\t\t\tdata-bsh=\"c:rgba(0,0,0,0.15);h:5px;v:5px;b:10px;\"\n\t\t\t\t\t\t\t\t\tdata-rsp_ch=\"on\"\n\t\t\t\t\t\t\t\t\tdata-xy=\"y:b;yo:-10px;\"\n\t\t\t\t\t\t\t\t\tdata-pos=\"a\"\n\t\t\t\t\t\t\t\t\tdata-text=\"w:normal;s:25;l:54;fw:500;a:center;\"\n\t\t\t\t\t\t\t\t\tdata-dim=\"w:279px;h:54px;minh:0;\"\n\t\t\t\t\t\t\t\t\tdata-padding=\"r:34;l:34;\"\n\t\t\t\t\t\t\t\t\tdata-frame_0_mask=\"u:t;x:-50px;\"\n\t\t\t\t\t\t\t\t\tdata-frame_1=\"st:700;sp:1000;\"\n\t\t\t\t\t\t\t\t\tdata-frame_1_mask=\"u:t;\"\n\t\t\t\t\t\t\t\t\tdata-frame_999=\"o:0;st:w;\"\n\t\t\t\t\t\t\t\t\tdata-frame_hover=\"c:#fff;bgc:#000;bor:0px,0px,0px,0px;\"\n\t\t\t\t\t\t\t\t\tstyle=\"z-index:8;background-color:rgba(255,255,255,1);font-family:'Roboto';\"\n\t\t\t\t\t\t\t\t>Zobacz wi\u0119cej <i class=\"fa-chevron-right\"><\/i> \n\t\t\t\t\t\t\t\t<\/a><!--\n\t\t\t\t\t\t\t--><\/rs-group><!--\n-->\t\t\t\t\t<\/rs-slide>\n\t\t\t\t\t\t<rs-slide style=\"position: absolute;\" data-key=\"rs-6\" data-title=\"Slide\" data-thumb=\"\/\/zsp14gliwice.pl\/sp28\/wp-content\/uploads\/2020\/02\/slider-2-50x100.jpg\" data-anim=\"adpr:false;\" data-in=\"o:0;\" data-out=\"a:false;\">\n\t\t\t\t\t\t\t<img decoding=\"async\" src=\"\/\/zsp14gliwice.pl\/sp28\/wp-content\/plugins\/revslider\/sr6\/assets\/assets\/dummy.png\" alt=\"slider 2\" title=\"slider 2\" width=\"1920\" height=\"1280\" class=\"rev-slidebg tp-rs-img rs-lazyload\" data-lazyload=\"\/\/zsp14gliwice.pl\/sp28\/wp-content\/uploads\/2020\/02\/slider-2.jpg\" data-panzoom=\"d:5000ms;e:power1.inOut;ss:105%;se:100;\" data-no-retina>\n<!--\n\t\t\t\t\t\t\t--><rs-group\n\t\t\t\t\t\t\t\tid=\"slider-2-slide-6-layer-1\" \n\t\t\t\t\t\t\t\tdata-type=\"group\"\n\t\t\t\t\t\t\t\tdata-rsp_ch=\"on\"\n\t\t\t\t\t\t\t\tdata-xy=\"x:r;xo:50px;y:c;\"\n\t\t\t\t\t\t\t\tdata-text=\"w:normal;s:20;\"\n\t\t\t\t\t\t\t\tdata-dim=\"w:900px;h:295px;\"\n\t\t\t\t\t\t\t\tdata-frame_0=\"o:1;\"\n\t\t\t\t\t\t\t\tdata-frame_999=\"o:0;st:w;sA:9000;\"\n\t\t\t\t\t\t\t\tstyle=\"z-index:13;\"\n\t\t\t\t\t\t\t><!--\n\t\t\t\t\t\t\t\t--><rs-layer\n\t\t\t\t\t\t\t\t\tid=\"slider-2-slide-6-layer-2\" \n\t\t\t\t\t\t\t\t\tdata-type=\"text\"\n\t\t\t\t\t\t\t\t\tdata-color=\"#f7af42\"\n\t\t\t\t\t\t\t\t\tdata-tsh=\"c:rgba(0,0,0,0.4);h:1px;v:1px;b:2px;\"\n\t\t\t\t\t\t\t\t\tdata-rsp_ch=\"on\"\n\t\t\t\t\t\t\t\t\tdata-xy=\"x:r;y:117px;\"\n\t\t\t\t\t\t\t\t\tdata-pos=\"a\"\n\t\t\t\t\t\t\t\t\tdata-text=\"w:normal;s:36;l:40;ls:1;fw:500;\"\n\t\t\t\t\t\t\t\t\tdata-dim=\"minh:0px;\"\n\t\t\t\t\t\t\t\t\tdata-frame_0_mask=\"u:t;x:50px;\"\n\t\t\t\t\t\t\t\t\tdata-frame_1=\"sp:1000;\"\n\t\t\t\t\t\t\t\t\tdata-frame_1_mask=\"u:t;\"\n\t\t\t\t\t\t\t\t\tdata-frame_999=\"o:0;st:w;\"\n\t\t\t\t\t\t\t\t\tstyle=\"z-index:12;font-family:'Roboto';\"\n\t\t\t\t\t\t\t\t>RODZICE ! \n\t\t\t\t\t\t\t\t<\/rs-layer><!--\n\n\t\t\t\t\t\t\t\t--><rs-layer\n\t\t\t\t\t\t\t\t\tid=\"slider-2-slide-6-layer-0\" \n\t\t\t\t\t\t\t\t\tdata-type=\"text\"\n\t\t\t\t\t\t\t\t\tdata-color=\"#fff\"\n\t\t\t\t\t\t\t\t\tdata-rsp_ch=\"on\"\n\t\t\t\t\t\t\t\t\tdata-xy=\"x:r;xo:-26px;y:c;yo:52px;\"\n\t\t\t\t\t\t\t\t\tdata-pos=\"a\"\n\t\t\t\t\t\t\t\t\tdata-text=\"w:normal;s:120;l:90;ls:-4;fw:800;\"\n\t\t\t\t\t\t\t\t\tdata-dim=\"w:795px;minh:0px;\"\n\t\t\t\t\t\t\t\t\tdata-frame_0_mask=\"u:t;x:50px;\"\n\t\t\t\t\t\t\t\t\tdata-frame_1=\"st:350;sp:1000;\"\n\t\t\t\t\t\t\t\t\tdata-frame_1_mask=\"u:t;\"\n\t\t\t\t\t\t\t\t\tdata-frame_999=\"o:0;st:w;\"\n\t\t\t\t\t\t\t\t\tstyle=\"z-index:11;font-family:'Poppins';\"\n\t\t\t\t\t\t\t\t>REKRUTACJA \n\t\t\t\t\t\t\t\t<\/rs-layer><!--\n\t\t\t\t\t\t\t--><\/rs-group><!--\n\n\t\t\t\t\t\t\t--><a\n\t\t\t\t\t\t\t\tid=\"slider-2-slide-6-layer-3\" \n\t\t\t\t\t\t\t\tclass=\"rs-layer rev-btn\"\n\t\t\t\t\t\t\t\thref=\"http:\/\/zsp14gliwice.pl\/sp28\/klasa-dwujezyczna-7\/\" target=\"_self\" rel=\"nofollow\"\n\t\t\t\t\t\t\t\tdata-type=\"button\"\n\t\t\t\t\t\t\t\tdata-color=\"#000000\"\n\t\t\t\t\t\t\t\tdata-bsh=\"c:rgba(0,0,0,0.15);h:5px;v:5px;b:10px;\"\n\t\t\t\t\t\t\t\tdata-rsp_ch=\"on\"\n\t\t\t\t\t\t\t\tdata-xy=\"x:572px;y:430px;\"\n\t\t\t\t\t\t\t\tdata-text=\"w:normal;s:25;l:54;fw:500;a:center;\"\n\t\t\t\t\t\t\t\tdata-dim=\"w:359px;h:54px;minh:0;\"\n\t\t\t\t\t\t\t\tdata-padding=\"r:34;l:34;\"\n\t\t\t\t\t\t\t\tdata-frame_0_mask=\"u:t;x:50px;\"\n\t\t\t\t\t\t\t\tdata-frame_1=\"st:700;sp:1000;\"\n\t\t\t\t\t\t\t\tdata-frame_1_mask=\"u:t;\"\n\t\t\t\t\t\t\t\tdata-frame_999=\"o:0;st:w;\"\n\t\t\t\t\t\t\t\tdata-frame_hover=\"c:#fff;bgc:#000;bor:0px,0px,0px,0px;\"\n\t\t\t\t\t\t\t\tstyle=\"z-index:8;background-color:rgba(255,255,255,1);font-family:'Roboto';\"\n\t\t\t\t\t\t\t>Klasa VII dwuj\u0119zyczna <i class=\"fa-chevron-right\"><\/i> \n\t\t\t\t\t\t\t<\/a><!--\n\n\t\t\t\t\t\t\t--><a\n\t\t\t\t\t\t\t\tid=\"slider-2-slide-6-layer-12\" \n\t\t\t\t\t\t\t\tclass=\"rs-layer rev-btn\"\n\t\t\t\t\t\t\t\thref=\"http:\/\/zsp14gliwice.pl\/sp28\/klasa-plywacka\/\" target=\"_self\" rel=\"nofollow\"\n\t\t\t\t\t\t\t\tdata-type=\"button\"\n\t\t\t\t\t\t\t\tdata-color=\"#000000\"\n\t\t\t\t\t\t\t\tdata-bsh=\"c:rgba(0,0,0,0.15);h:5px;v:5px;b:10px;\"\n\t\t\t\t\t\t\t\tdata-rsp_ch=\"on\"\n\t\t\t\t\t\t\t\tdata-xy=\"x:950px;y:430px;\"\n\t\t\t\t\t\t\t\tdata-text=\"w:normal;s:25;l:54;fw:500;a:center;\"\n\t\t\t\t\t\t\t\tdata-dim=\"w:279px;h:54px;minh:0;\"\n\t\t\t\t\t\t\t\tdata-padding=\"r:34;l:34;\"\n\t\t\t\t\t\t\t\tdata-frame_0_mask=\"u:t;x:50px;\"\n\t\t\t\t\t\t\t\tdata-frame_1=\"st:700;sp:1000;\"\n\t\t\t\t\t\t\t\tdata-frame_1_mask=\"u:t;\"\n\t\t\t\t\t\t\t\tdata-frame_999=\"o:0;st:w;\"\n\t\t\t\t\t\t\t\tdata-frame_hover=\"c:#fff;bgc:#000;bor:0px,0px,0px,0px;\"\n\t\t\t\t\t\t\t\tstyle=\"z-index:10;background-color:rgba(255,255,255,1);font-family:'Roboto';\"\n\t\t\t\t\t\t\t>Klasa I sportowa <i class=\"fa-chevron-right\"><\/i> \n\t\t\t\t\t\t\t<\/a><!--\n\n\t\t\t\t\t\t\t--><a\n\t\t\t\t\t\t\t\tid=\"slider-2-slide-6-layer-14\" \n\t\t\t\t\t\t\t\tclass=\"rs-layer rev-btn\"\n\t\t\t\t\t\t\t\thref=\"http:\/\/zsp14gliwice.pl\/sp28\/rekrutacja-do-klasy-i\/\" target=\"_self\" rel=\"nofollow\"\n\t\t\t\t\t\t\t\tdata-type=\"button\"\n\t\t\t\t\t\t\t\tdata-color=\"#000000\"\n\t\t\t\t\t\t\t\tdata-bsh=\"c:rgba(0,0,0,0.15);h:5px;v:5px;b:10px;\"\n\t\t\t\t\t\t\t\tdata-rsp_ch=\"on\"\n\t\t\t\t\t\t\t\tdata-xy=\"x:275px;y:430px;\"\n\t\t\t\t\t\t\t\tdata-text=\"w:normal;s:25;l:54;fw:500;a:center;\"\n\t\t\t\t\t\t\t\tdata-dim=\"w:279px;h:54px;minh:0;\"\n\t\t\t\t\t\t\t\tdata-padding=\"r:34;l:34;\"\n\t\t\t\t\t\t\t\tdata-frame_0_mask=\"u:t;x:50px;\"\n\t\t\t\t\t\t\t\tdata-frame_1=\"st:700;sp:1000;\"\n\t\t\t\t\t\t\t\tdata-frame_1_mask=\"u:t;\"\n\t\t\t\t\t\t\t\tdata-frame_999=\"o:0;st:w;\"\n\t\t\t\t\t\t\t\tdata-frame_hover=\"c:#fff;bgc:#000;bor:0px,0px,0px,0px;\"\n\t\t\t\t\t\t\t\tstyle=\"z-index:9;background-color:rgba(255,255,255,1);font-family:'Roboto';\"\n\t\t\t\t\t\t\t>Klasa I og\u00f3lna <i class=\"fa-chevron-right\"><\/i> \n\t\t\t\t\t\t\t<\/a><!--\n-->\t\t\t\t\t<\/rs-slide>\n\t\t\t\t\t<\/rs-slides>\n\t\t\t\t<\/rs-module>\n\t\t\t\t<script>\n\t\t\t\t\tsetREVStartSize({c: 'rev_slider_2_1',rl:[1240,1024,778,480],el:[600],gw:[1240],gh:[600],type:'standard',justify:'',layout:'fullwidth',mh:\"0\"});if (window.RS_MODULES!==undefined && window.RS_MODULES.modules!==undefined && window.RS_MODULES.modules[\"revslider21\"]!==undefined) {window.RS_MODULES.modules[\"revslider21\"].once = false;window.revapi2 = undefined;if (window.RS_MODULES.checkMinimal!==undefined) window.RS_MODULES.checkMinimal()}\n\t\t\t\t<\/script>\n\t\t\t<\/rs-module-wrap>\n\t\t\t<!-- END REVOLUTION SLIDER -->\n[\/vc_column][\/vc_row][vc_row equal_height=&#8221;yes&#8221; content_placement=&#8221;middle&#8221; el_class=&#8221;kkinfo&#8221;][vc_column width=&#8221;1\/4&#8243; el_class=&#8221;.kkinfo-column&#8221;][vc_raw_html]JTNDZGl2JTIwY2xhc3MlM0QlMjJra0ljb25XcmFwcGVyJTIyJTNFJTNDaSUyMGNsYXNzJTNEJTIyZmFzJTIwZmEtc2Nob29sJTIyJTNFJTNDJTJGaSUzRSUzQyUyRmRpdiUzRQ==[\/vc_raw_html][vc_column_text]\n<h6><a class=\"main\" href=\"http:\/\/zsp14gliwice.pl\/sp28\/dlaczego-sp28\/\">DOGODNA LOKALIZACJA<\/a><\/h6>\n<p>Nasza szko\u0142a mie\u015bci si\u0119 w centrum miasta i stanowi wa\u017cny element \u015br\u00f3dmiejskiego krajobrazu.[\/vc_column_text][\/vc_column][vc_column width=&#8221;1\/4&#8243; el_class=&#8221;kkinfo-column&#8221;][vc_raw_html]JTNDZGl2JTIwY2xhc3MlM0QlMjJra0ljb25XcmFwcGVyJTIyJTNFJTNDaSUyMGNsYXNzJTNEJTIyZmFzJTIwZmEtYmVsbCUyMiUzRSUzQyUyRmklM0UlM0MlMkZkaXYlM0U=[\/vc_raw_html][vc_column_text]\n<h6><a class=\"main\" href=\"http:\/\/zsp14gliwice.pl\/sp28\/dlaczego-sp28\/\">BAZA LOKALOWA<\/a><\/h6>\n<p>Sale wyposa\u017cone w tablice multimedialne, pracownie komputerowe, basen i wiele innych.[\/vc_column_text][\/vc_column][vc_column width=&#8221;1\/4&#8243; el_class=&#8221;kkinfo-column&#8221;][vc_raw_html]JTNDZGl2JTIwY2xhc3MlM0QlMjJra0ljb25XcmFwcGVyJTIyJTNFJTNDaSUyMGNsYXNzJTNEJTIyZmFzJTIwZmEtYXdhcmQlMjIlM0UlM0MlMkZpJTNFJTNDJTJGZGl2JTNF[\/vc_raw_html][vc_column_text]\n<h6><a class=\"main\" href=\"http:\/\/zsp14gliwice.pl\/sp28\/dlaczego-sp28\/\">BASEN<\/a><\/h6>\n<p>Uczniowie wszystkich klas, dwa razy w tygodniu, korzystaj\u0105 z zaj\u0119\u0107 na basenie w ramach godzin wychowania fizycznego.[\/vc_column_text][\/vc_column][vc_column width=&#8221;1\/4&#8243; el_class=&#8221;kkinfo-column kkinfo-columnb&#8221;][vc_column_text]\n<h4 style=\"font-weight: 100;\">Wydarzenia z<\/h4>\n<h3>\u017bYCIA NASZEJ SZKO\u0141Y<\/h3>\n[\/vc_column_text][\/vc_column][\/vc_row][vc_row][vc_column width=&#8221;3\/4&#8243; css=&#8221;.vc_custom_1575641230218{padding-right: 20px !important;padding-left: 20px !important;}&#8221;][vc_column_text]\n<h2 style=\"font-size: 1.5em; color: #000; margin-top: 50px;\">Komunikaty Dyrektora szko\u0142y<\/h2>\n[\/vc_column_text][vc_basic_grid post_type=&#8221;post&#8221; max_items=&#8221;3&#8243; item=&#8221;50&#8243; initial_loading_animation=&#8221;none&#8221; grid_id=&#8221;vc_gid:1724254605016-8d717666-2c1f-1&#8243; taxonomies=&#8221;18&#8243;][\/vc_column][vc_column width=&#8221;1\/4&#8243; el_class=&#8221;kkTopAktualnosci&#8221;][vc_basic_grid post_type=&#8221;post&#8221; max_items=&#8221;7&#8243; element_width=&#8221;12&#8243; gap=&#8221;15&#8243; item=&#8221;809&#8243; grid_id=&#8221;vc_gid:1724254605016-12648697-c19e-9&#8243; taxonomies=&#8221;12&#8243;][\/vc_column][\/vc_row][vc_row css=&#8221;.vc_custom_1575884592302{background-color: #eeeeee !important;}&#8221; el_class=&#8221;kkinfo&#8221;][vc_column width=&#8221;1\/3&#8243; el_class=&#8221;kkinfo-column kkinfo-column__custom&#8221;][vc_raw_html]JTNDZGl2JTIwY2xhc3MlM0QlMjJra0ljb25XcmFwcGVyJTIyJTNFJTNDaSUyMGNsYXNzJTNEJTIyZmFzJTIwZmEtcGVyc29uLWJvb3RoJTIyJTNFJTNDJTJGaSUzRSUzQyUyRmRpdiUzRQ==[\/vc_raw_html][vc_column_text]\n<h6><a href=\"http:\/\/zsp14gliwice.pl\/sp28\/swietlica\/\">\u015awietlica<\/a><\/h6>\n<p><strong>Witamy w \u015bwietlicy SP 28 &#8211; tutaj ka\u017cdy ma\u0142y ucze\u0144 mo\u017ce czu\u0107 si\u0119 bezpiecznie.<br \/>\n<\/strong>[\/vc_column_text][\/vc_column][vc_column width=&#8221;1\/3&#8243; el_class=&#8221;kkinfo-column kkinfo-column__custom&#8221;][vc_raw_html]JTNDZGl2JTIwY2xhc3MlM0QlMjJra0ljb25XcmFwcGVyJTIyJTNFJTNDaSUyMGNsYXNzJTNEJTIyZmFzJTIwZmEtdXNlci1jbG9jayUyMiUzRSUzQyUyRmklM0UlM0MlMkZkaXYlM0U=[\/vc_raw_html][vc_column_text]\n<h6><a href=\"http:\/\/zsp14gliwice.pl\/sp28\/wolontariat\/\">Wolontariat<\/a><\/h6>\n<p><strong>\u201ePrzesta\u0144my nareszcie kr\u0119ci\u0107 si\u0119 wok\u00f3\u0142 siebie, a pomy\u015blmy o niesieniu pomocy innym\u201d. Stefan Wyszy\u0144ski<\/strong>[\/vc_column_text][\/vc_column][vc_column width=&#8221;1\/3&#8243; el_class=&#8221;kkinfo-column kkinfo-column__custom&#8221;][vc_raw_html]JTNDZGl2JTIwY2xhc3MlM0QlMjJra0ljb25XcmFwcGVyJTIyJTNFJTNDaSUyMGNsYXNzJTNEJTIyZmFzJTIwZmEtdXRlbnNpbHMlMjIlM0UlM0MlMkZpJTNFJTNDJTJGZGl2JTNF[\/vc_raw_html][vc_column_text]\n<h6><a href=\"http:\/\/zsp14gliwice.pl\/sp28\/trajkotka\/\">Trajkotka<\/a><\/h6>\n<p><strong>Je\u015bli masz co\u015b do powiedzenia i chcia\u0142by\u015b do nas do\u0142\u0105czy\u0107\u2026czekamy na Ciebie! <\/strong>[\/vc_column_text][\/vc_column][\/vc_row][vc_row][vc_column width=&#8221;1\/3&#8243; el_class=&#8221;kkNauczyciele&#8221;][vc_column_text]\n<h4>Nauczyciele<\/h4>\n<p style=\"color: #f7be68;\">SP 28 W GLIWICACH<\/p>\n[\/vc_column_text][vc_column_text css=&#8221;.vc_custom_1592481894797{margin-top: 25px !important;}&#8221;]\n<p style=\"text-align: center;\"><a  class=\"x-btn x-btn-flat x-btn-square x-btn-small\"  href=\"http:\/\/zsp14gliwice.pl\/sp28\/nauczyciele\/\" title=\"Zobacz wi\u0119cej\"    data-options=\"thumbnail: ''\"> Zobacz wi\u0119cej<\/a>\n[\/vc_column_text][\/vc_column][vc_column width=&#8221;1\/3&#8243; el_class=&#8221;kkDlaczegoMy&#8221;][vc_column_text]\n<h4>Dlaczego My ?<\/h4>\n<p style=\"color: #f7be68;\">NIE ZWLEKAJ &#8211; DO\u0141\u0104CZ DO NAS !<\/p>\n<h5 class=\"cieniej\"><span style=\"color: #808080;\"><i  class=\"x-icon x-icon-check-square-o\" data-x-icon-s=\"&#xf14a;\" aria-hidden=\"true\"><\/i> Dogodna lokalizacja w centrum miasta!<\/span><br \/>\n<span style=\"color: #808080;\"><i  class=\"x-icon x-icon-check-square-o\" data-x-icon-s=\"&#xf14a;\" aria-hidden=\"true\"><\/i> Sale lekcyjne wyposa\u017cone w tablice multimedialne!<\/span><br \/>\n<span style=\"color: #808080;\"><i  class=\"x-icon x-icon-check-square-o\" data-x-icon-s=\"&#xf14a;\" aria-hidden=\"true\"><\/i> Zaj\u0119cia na basenie dla uczni\u00f3w wszystkich klas!<\/span><br \/>\n<span style=\"color: #808080;\"><i  class=\"x-icon x-icon-check-square-o\" data-x-icon-s=\"&#xf14a;\" aria-hidden=\"true\"><\/i> Bogata oferta zaj\u0119\u0107 pozalekcyjnych!<\/span><br \/>\n<span style=\"color: #808080;\"><i  class=\"x-icon x-icon-check-square-o\" data-x-icon-s=\"&#xf14a;\" aria-hidden=\"true\"><\/i> Ciekawe programy i projekty edukacyjne!<\/span><br \/>\n<span style=\"color: #808080;\"><i  class=\"x-icon x-icon-check-square-o\" data-x-icon-s=\"&#xf14a;\" aria-hidden=\"true\"><\/i> Od klasy si\u00f3dmej \u2013 mo\u017cliwo\u015b\u0107 uczenia si\u0119 w klasie dwuj\u0119zycznej!<\/span><br \/>\n<span style=\"color: #808080;\"><i  class=\"x-icon x-icon-check-square-o\" data-x-icon-s=\"&#xf14a;\" aria-hidden=\"true\"><\/i> Wiele imprez \u015brodowiskowych i konkurs\u00f3w!<\/span><br \/>\n<span style=\"color: #808080;\"><i  class=\"x-icon x-icon-check-square-o\" data-x-icon-s=\"&#xf14a;\" aria-hidden=\"true\"><\/i> Szafki dla ka\u017cdego ucznia!<\/span><\/h5>\n<p>NIE ZWLEKAJ \u2013 DO\u0141\u0104CZ DO NAS![\/vc_column_text][\/vc_column][vc_column width=&#8221;1\/3&#8243; el_class=&#8221;kkDzwonki&#8221;][vc_column_text]\n<div class=\"kkDzwonki__wrapper\">\n<div class=\"kkDzwonki__row\">\n<h4><span style=\"color: #ff9900;\">Dzwonki i przerwy<\/span><\/h4>\n<h4><\/h4>\n<h4><strong><span style=\"color: #333333;\">1 lekcja\u00a0 \u00a0 \u00a0 8.00-8.45\u00a0 \u00a0 \u00a0\u00a0<\/span><span style=\"color: #333333;\"><br \/>\n<\/span><span style=\"color: #333333;\">2 lekcja\u00a0 \u00a0 \u00a08.55-9.40<br \/>\n<\/span><span style=\"color: #333333;\">3 lekcja\u00a0 \u00a0 \u00a0<\/span><span style=\"color: #333333;\">9.50-10.35<br \/>\n<\/span><span style=\"color: #333333;\">4 lekcja\u00a0 \u00a0 \u00a0<\/span><span style=\"color: #333333;\">10.45-11.30<br \/>\n<\/span><span style=\"color: #333333;\">5 lekcja\u00a0 \u00a0 \u00a0<\/span><span style=\"color: #333333;\">11.45-12.30<br \/>\n<\/span><span style=\"color: #333333;\">6 lekcja\u00a0 \u00a0 \u00a0<\/span><span style=\"color: #333333;\">12.45-13.30<br \/>\n<\/span><span style=\"color: #333333;\">7 lekcja\u00a0 \u00a0 \u00a0<\/span><span style=\"color: #333333;\">13.45-14.30<br \/>\n<\/span><span style=\"color: #333333;\">8 lekcja\u00a0 \u00a0 \u00a0<\/span><span style=\"color: #333333;\">14.35-15.20<br \/>\n<\/span><span style=\"color: #333333;\">9 lekcja\u00a0 \u00a0 \u00a0<\/span><span style=\"color: #333333;\">15.25-16.10<br \/>\n<\/span><span style=\"color: #333333;\">10 lekcja\u00a0 \u00a0<\/span><\/strong><span style=\"color: #333333;\"><strong>16.15-17.00<\/strong><br \/>\n<\/span><\/h4>\n<\/div>\n<div class=\"kkDzwonki__row\">\n<div style=\"text-align: center;\">Przerwy po 1, 2, 3, lekcji trwaj\u0105 10 minut, po 7, 8, 9 trwaj\u0105 5 min, natomiast pozosta\u0142e przerwy trwaj\u0105 15 minut.<\/div>\n<\/div>\n<\/div>\n[\/vc_column_text][\/vc_column][\/vc_row][vc_row equal_height=&#8221;yes&#8221; content_placement=&#8221;middle&#8221; el_class=&#8221;kkinfo&#8221;][vc_column width=&#8221;1\/3&#8243; el_class=&#8221;.kkinfo-column&#8221;][vc_raw_html]JTNDZGl2JTIwY2xhc3MlM0QlMjJra0ljb25XcmFwcGVyJTIyJTNFJTNDaSUyMGNsYXNzJTNEJTIyZmFzJTIwZmEtZ2xvYmUtYW1lcmljYXMlMjIlM0UlM0MlMkZpJTNFJTNDJTJGZGl2JTNF[\/vc_raw_html][vc_column_text]\n<h6><a class=\"main\" href=\"http:\/\/zsp14gliwice.pl\/sp28\/dlaczego-sp28\/\">J\u0118ZYKI OBCE<\/a><\/h6>\n<p>W naszej szkole od pierwszej klasy uczymy j\u0119zyka angielskiego, a niemieckiego lub hiszpa\u0144skiego jako drugiego j\u0119zyka od klasy si\u00f3dmej.[\/vc_column_text][\/vc_column][vc_column width=&#8221;1\/3&#8243; el_class=&#8221;.kkinfo-column&#8221;][vc_raw_html]JTNDZGl2JTIwY2xhc3MlM0QlMjJra0ljb25XcmFwcGVyJTIyJTNFJTNDaSUyMGNsYXNzJTNEJTIyZmFzJTIwZmEtaGlraW5nJTIyJTNFJTNDJTJGaSUzRSUzQyUyRmRpdiUzRQ==[\/vc_raw_html][vc_column_text]\n<h6><a class=\"main\" href=\"http:\/\/zsp14gliwice.pl\/sp28\/dlaczego-sp28\/\">ZAJ\u0118CIA POZALEKCYJNE<\/a><\/h6>\n<p>Mi\u0119dzy innymi k\u00f3\u0142ka przedmiotowe, k\u00f3\u0142ko teatralne, k\u00f3\u0142ko literackie, k\u00f3\u0142ko turystyczno-krajoznawcze i wiele innych. Sprawd\u017a sam.[\/vc_column_text][\/vc_column][vc_column width=&#8221;1\/3&#8243; el_class=&#8221;.kkinfo-column&#8221;][vc_raw_html]JTNDZGl2JTIwY2xhc3MlM0QlMjJra0ljb25XcmFwcGVyJTIyJTNFJTNDaSUyMGNsYXNzJTNEJTIyZmFzJTIwZmEtYXdhcmQlMjIlM0UlM0MlMkZpJTNFJTNDJTJGZGl2JTNF[\/vc_raw_html][vc_column_text]\n<h6><a class=\"main\" href=\"http:\/\/zsp14gliwice.pl\/sp28\/dlaczego-sp28\/\">PROJEKTY I PROGRAMY EDUKACYJNE<\/a><\/h6>\n<p>Z nauk\u0105 za pan brat, Trzymaj form\u0119, Zachowaj trze\u017awy umys\u0142 i wiele innych.[\/vc_column_text][\/vc_column][vc_column width=&#8221;1\/3&#8243; el_class=&#8221;.kkinfo-column&#8221;][vc_raw_html]JTNDZGl2JTIwY2xhc3MlM0QlMjJra0ljb25XcmFwcGVyJTIyJTNFJTNDaSUyMGNsYXNzJTNEJTIyZmFzJTIwZmEtdGhlYXRlci1tYXNrcyUyMiUzRSUzQyUyRmklM0UlM0MlMkZkaXYlM0U=[\/vc_raw_html][vc_column_text]\n<h6><a class=\"main\" href=\"http:\/\/zsp14gliwice.pl\/sp28\/dlaczego-sp28\/\">KLASY DWUJ\u0118ZYCZNE<\/a><\/h6>\n<p>W naszej szkole uczniowie klas si\u00f3dmych i \u00f3smych maj\u0105 mo\u017cliwo\u015b\u0107 uczenia si\u0119 w klasach dwuj\u0119zycznych.[\/vc_column_text][\/vc_column][vc_column width=&#8221;1\/3&#8243; el_class=&#8221;.kkinfo-column&#8221;][vc_raw_html]JTNDZGl2JTIwY2xhc3MlM0QlMjJra0ljb25XcmFwcGVyJTIyJTNFJTNDaSUyMGNsYXNzJTNEJTIyZmFzJTIwZmEtY2hpbGQlMjIlM0UlM0MlMkZpJTNFJTNDJTJGZGl2JTNF[\/vc_raw_html][vc_column_text]\n<h6><a class=\"main\" href=\"http:\/\/zsp14gliwice.pl\/sp28\/dlaczego-sp28\/\">IMPREZY \u015aRODOWISKOWE ORAZ KONKURSY<\/a><\/h6>\n<p>Koncert charytatywny, Piknik Rodzinny, Dzie\u0144 \u015al\u0105ski, Weekend z kultur\u0105 to tylko niekt\u00f3re z nich.[\/vc_column_text][\/vc_column][vc_column width=&#8221;1\/3&#8243; el_class=&#8221;.kkinfo-column&#8221;][vc_raw_html]JTNDZGl2JTIwY2xhc3MlM0QlMjJra0ljb25XcmFwcGVyJTIyJTNFJTNDaSUyMGNsYXNzJTNEJTIyZmFzJTIwZmEtbWVkYWwlMjIlM0UlM0MlMkZpJTNFJTNDJTJGZGl2JTNF[\/vc_raw_html][vc_column_text]\n<h6><a class=\"main\" href=\"http:\/\/zsp14gliwice.pl\/sp28\/dlaczego-sp28\/\">SUKCESY UCZNI\u00d3W<\/a><\/h6>\n<p>Szczeg\u00f3lny nacisk k\u0142adziemy na jako\u015b\u0107 kszta\u0142cenia, co przek\u0142ada si\u0119 na doskona\u0142e wyniki oraz osi\u0105gni\u0119cia uczni\u00f3w w konkursach i zawodach.[\/vc_column_text][\/vc_column][\/vc_row][vc_row][vc_column][vc_column_text]\n<h4>Z \u017cycia szko\u0142y<\/h4>\n[\/vc_column_text][vc_basic_grid post_type=&#8221;post&#8221; max_items=&#8221;4&#8243; element_width=&#8221;3&#8243; item=&#8221;50&#8243; initial_loading_animation=&#8221;fadeInUp&#8221; grid_id=&#8221;vc_gid:1724254605019-7b85d8f3-7d25-2&#8243; taxonomies=&#8221;14&#8243;][\/vc_column][\/vc_row]\n<\/div>","protected":false},"excerpt":{"rendered":"<p>[vc_row][vc_column][\/vc_column][\/vc_row][vc_row equal_height=&#8221;yes&#8221; content_placement=&#8221;middle&#8221; el_class=&#8221;kkinfo&#8221;][vc_column width=&#8221;1\/4&#8243; el_class=&#8221;.kkinfo-column&#8221;][vc_raw_html]JTNDZGl2JTIwY2xhc3MlM0QlMjJra0ljb25XcmFwcGVyJTIyJTNFJTNDaSUyMGNsYXNzJTNEJTIyZmFzJTIwZmEtc2Nob29sJTIyJTNFJTNDJTJGaSUzRSUzQyUyRmRpdiUzRQ==[\/vc_raw_html][vc_column_text] DOGODNA LOKALIZACJA Nasza szko\u0142a mie\u015bci si\u0119 w centrum miasta i stanowi wa\u017cny element \u015br\u00f3dmiejskiego krajobrazu.[\/vc_column_text][\/vc_column][vc_column width=&#8221;1\/4&#8243; el_class=&#8221;kkinfo-column&#8221;][vc_raw_html]JTNDZGl2JTIwY2xhc3MlM0QlMjJra0ljb25XcmFwcGVyJTIyJTNFJTNDaSUyMGNsYXNzJTNEJTIyZmFzJTIwZmEtYmVsbCUyMiUzRSUzQyUyRmklM0UlM0MlMkZkaXYlM0U=[\/vc_raw_html][vc_column_text] BAZA LOKALOWA Sale wyposa\u017cone w tablice multimedialne, pracownie komputerowe, basen i wiele innych.[\/vc_column_text][\/vc_column][vc_column width=&#8221;1\/4&#8243; el_class=&#8221;kkinfo-column&#8221;][vc_raw_html]JTNDZGl2JTIwY2xhc3MlM0QlMjJra0ljb25XcmFwcGVyJTIyJTNFJTNDaSUyMGNsYXNzJTNEJTIyZmFzJTIwZmEtYXdhcmQlMjIlM0UlM0MlMkZpJTNFJTNDJTJGZGl2JTNF[\/vc_raw_html][vc_column_text] BASEN Uczniowie wszystkich klas, dwa razy w tygodniu, korzystaj\u0105 z zaj\u0119\u0107 na basenie w ramach godzin wychowania fizycznego.[\/vc_column_text][\/vc_column][vc_column width=&#8221;1\/4&#8243; el_class=&#8221;kkinfo-column kkinfo-columnb&#8221;][vc_column_text] Wydarzenia &#8230; <\/p>\n<div><a href=\"https:\/\/zsp14gliwice.pl\/sp28\/\" class=\"more-link\">Read More<\/a><\/div>\n","protected":false},"author":1,"featured_media":0,"parent":0,"menu_order":0,"comment_status":"closed","ping_status":"closed","template":"template-blank-4.php","meta":{"footnotes":""},"class_list":["post-8","page","type-page","status-publish","hentry","no-post-thumbnail"],"_links":{"self":[{"href":"https:\/\/zsp14gliwice.pl\/sp28\/wp-json\/wp\/v2\/pages\/8"}],"collection":[{"href":"https:\/\/zsp14gliwice.pl\/sp28\/wp-json\/wp\/v2\/pages"}],"about":[{"href":"https:\/\/zsp14gliwice.pl\/sp28\/wp-json\/wp\/v2\/types\/page"}],"author":[{"embeddable":true,"href":"https:\/\/zsp14gliwice.pl\/sp28\/wp-json\/wp\/v2\/users\/1"}],"replies":[{"embeddable":true,"href":"https:\/\/zsp14gliwice.pl\/sp28\/wp-json\/wp\/v2\/comments?post=8"}],"version-history":[{"count":170,"href":"https:\/\/zsp14gliwice.pl\/sp28\/wp-json\/wp\/v2\/pages\/8\/revisions"}],"predecessor-version":[{"id":4686,"href":"https:\/\/zsp14gliwice.pl\/sp28\/wp-json\/wp\/v2\/pages\/8\/revisions\/4686"}],"wp:attachment":[{"href":"https:\/\/zsp14gliwice.pl\/sp28\/wp-json\/wp\/v2\/media?parent=8"}],"curies":[{"name":"wp","href":"https:\/\/api.w.org\/{rel}","templated":true}]}}