{"id":799,"date":"2020-04-27T14:00:23","date_gmt":"2020-04-27T14:00:23","guid":{"rendered":"http:\/\/zsp14gliwice.pl\/sp28\/?page_id=799"},"modified":"2025-06-17T13:42:06","modified_gmt":"2025-06-17T13:42:06","slug":"wykaz-podrecznikow-2","status":"publish","type":"page","link":"https:\/\/zsp14gliwice.pl\/sp28\/wykaz-podrecznikow-2\/","title":{"rendered":"Wykaz podrecznik\u00f3w"},"content":{"rendered":"<h4><span style=\"color: #000000;\">Poni\u017cej udost\u0119pniamy wykaz podr\u0119cznik\u00f3w\u00a0 dla klas I &#8211; VIII na rok szkolny 2025\/2026<\/span><\/h4>\n<h5><span style=\"color: #ff0000;\"><a style=\"color: #ff0000;\" href=\"https:\/\/zsp14gliwice.pl\/sp28\/wp-content\/uploads\/2025\/06\/Wykaz-podrecznikow-i-materialow-cwiczeniowych-2025.2026.pdf\">Wykaz podr\u0119cznik\u00f3w i materia\u0142\u00f3w \u0107wiczeniowych 2025.2026<\/a><\/span><\/h5>\n","protected":false},"excerpt":{"rendered":"<p>Poni\u017cej udost\u0119pniamy wykaz podr\u0119cznik\u00f3w\u00a0 dla klas I &#8211; VIII na rok szkolny 2025\/2026 Wykaz podr\u0119cznik\u00f3w i materia\u0142\u00f3w \u0107wiczeniowych 2025.2026<\/p>\n","protected":false},"author":2,"featured_media":0,"parent":0,"menu_order":0,"comment_status":"closed","ping_status":"closed","template":"","meta":{"footnotes":""},"class_list":["post-799","page","type-page","status-publish","hentry","no-post-thumbnail"],"_links":{"self":[{"href":"https:\/\/zsp14gliwice.pl\/sp28\/wp-json\/wp\/v2\/pages\/799"}],"collection":[{"href":"https:\/\/zsp14gliwice.pl\/sp28\/wp-json\/wp\/v2\/pages"}],"about":[{"href":"https:\/\/zsp14gliwice.pl\/sp28\/wp-json\/wp\/v2\/types\/page"}],"author":[{"embeddable":true,"href":"https:\/\/zsp14gliwice.pl\/sp28\/wp-json\/wp\/v2\/users\/2"}],"replies":[{"embeddable":true,"href":"https:\/\/zsp14gliwice.pl\/sp28\/wp-json\/wp\/v2\/comments?post=799"}],"version-history":[{"count":14,"href":"https:\/\/zsp14gliwice.pl\/sp28\/wp-json\/wp\/v2\/pages\/799\/revisions"}],"predecessor-version":[{"id":5245,"href":"https:\/\/zsp14gliwice.pl\/sp28\/wp-json\/wp\/v2\/pages\/799\/revisions\/5245"}],"wp:attachment":[{"href":"https:\/\/zsp14gliwice.pl\/sp28\/wp-json\/wp\/v2\/media?parent=799"}],"curies":[{"name":"wp","href":"https:\/\/api.w.org\/{rel}","templated":true}]}}