{"id":763,"date":"2020-04-17T17:13:00","date_gmt":"2020-04-17T17:13:00","guid":{"rendered":"http:\/\/zsp14gliwice.pl\/sp28\/?page_id=763"},"modified":"2023-10-04T07:35:41","modified_gmt":"2023-10-04T07:35:41","slug":"pedagog","status":"publish","type":"page","link":"https:\/\/zsp14gliwice.pl\/sp28\/pedagog\/","title":{"rendered":"Pedagog"},"content":{"rendered":"<p><span style=\"color: #000000;\"><strong>Zapraszamy do odwiedzania strony <a style=\"color: #000000;\" href=\"https:\/\/padlet.com\/monikajaniga79\/hivsvn8yb171\">PADLET &#8211; Monika Janiga<\/a><\/strong><\/span><\/p>\n<p><span style=\"color: #000000;\">G\u0142\u00f3wnym celem pracy pedagoga jest pomoc uczniowi. Jestem do Waszej dyspozycji!<\/span><br \/>\n<span style=\"color: #000000;\">PRZYJD\u0179 Z KA\u017bD\u0104 SPRAW\u0104, Z KT\u00d3R\u0104 SAM NIE POTRAFISZ SOBIE PORADZI\u0106.<\/span><br \/>\n<span style=\"color: #000000;\">Nie twierdz\u0119, \u017ce rozwi\u0105\u017c\u0119 wszystkie Twoje problemy, ale mog\u0119 Ci pom\u00f3c przemy\u015ble\u0107 r\u00f3\u017cne sprawy, mo\u017cemy porozmawia\u0107 o trapi\u0105cych Ci\u0119 problemach, mo\u017cemy wsp\u00f3lnie opracowa\u0107 spos\u00f3b dzia\u0142ania, aby Ci pom\u00f3c.<\/span><\/p>\n<p><span style=\"color: #000000;\"><a style=\"color: #000000;\" href=\"http:\/\/zsp14gliwice.pl\/sp28\/pedagog\/terminy-postepowania-rekrutacyjnego\/\" rel=\"attachment wp-att-826\"><img loading=\"lazy\" decoding=\"async\" class=\"alignnone wp-image-826\" src=\"http:\/\/zsp14gliwice.pl\/sp28\/wp-content\/uploads\/2020\/05\/Terminy-postepowania-rekrutacyjnego-300x300.jpg\" alt=\"\" width=\"224\" height=\"224\" srcset=\"https:\/\/zsp14gliwice.pl\/sp28\/wp-content\/uploads\/2020\/05\/Terminy-postepowania-rekrutacyjnego-300x300.jpg 300w, https:\/\/zsp14gliwice.pl\/sp28\/wp-content\/uploads\/2020\/05\/Terminy-postepowania-rekrutacyjnego-150x150.jpg 150w, https:\/\/zsp14gliwice.pl\/sp28\/wp-content\/uploads\/2020\/05\/Terminy-postepowania-rekrutacyjnego-768x768.jpg 768w, https:\/\/zsp14gliwice.pl\/sp28\/wp-content\/uploads\/2020\/05\/Terminy-postepowania-rekrutacyjnego-100x100.jpg 100w, https:\/\/zsp14gliwice.pl\/sp28\/wp-content\/uploads\/2020\/05\/Terminy-postepowania-rekrutacyjnego.jpg 960w\" sizes=\"(max-width: 224px) 100vw, 224px\" \/><\/a><\/span><\/p>\n<p><span style=\"color: #000000;\"><strong>Do zada\u0144 pedagoga szkolnego, we wsp\u00f3\u0142pracy z psychologiem szkolnym, nale\u017cy mi\u0119dzy innymi:<\/strong><\/span><br \/>\n<span style=\"color: #000000;\">\u2022 Rozpoznawanie indywidualnych potrzeb uczni\u00f3w oraz analizowanie przyczyn niepowodze\u0144 szkolnych.<\/span><br \/>\n<span style=\"color: #000000;\">\u2022 Okre\u015blanie form i sposob\u00f3w udzielania uczniom pomocy psychologiczno-pedagogicznej, odpowiednio do rozpoznanych potrzeb.<\/span><br \/>\n<span style=\"color: #000000;\">\u2022 Organizowanie i udzielanie r\u00f3\u017cnych form pomocy psychologiczno pedagogicznej dla uczni\u00f3w, rodzic\u00f3w i nauczycieli.<\/span><br \/>\n<span style=\"color: #000000;\">\u2022 Podejmowanie dzia\u0142a\u0144 wychowawczych i profilaktycznych wynikaj\u0105cych z programu wychowawczo-profilaktycznego szko\u0142y w stosunku do uczni\u00f3w, z udzia\u0142em rodzic\u00f3w i <\/span><span style=\"color: #000000;\">nauczycieli.<\/span><br \/>\n<span style=\"color: #000000;\">\u2022 Wspieranie dzia\u0142a\u0144 wychowawczych i opieku\u0144czych nauczycieli wynikaj\u0105cych z programu wychowawczo-profilaktycznego szko\u0142y i bie\u017c\u0105cych potrzeb.<\/span><br \/>\n<span style=\"color: #000000;\">\u2022 Planowanie i koordynowanie zada\u0144 realizowanych przez szko\u0142\u0119 na rzecz uczni\u00f3w, rodzic\u00f3w i nauczycieli, w zakresie wyboru przez uczni\u00f3w kierunku kszta\u0142cenia i zawodu.<\/span><br \/>\n<span style=\"color: #000000;\">\u2022 Dzia\u0142anie na rzecz zorganizowania opieki i pomocy materialnej uczniom znajduj\u0105cym si\u0119 w trudnej sytuacji \u017cyciowej.<\/span><br \/>\n<span style=\"color: #000000;\">\u2022 Udzielanie uczniom porad i konsultacji.<\/span><br \/>\n<span style=\"color: #000000;\">\u2022 Inicjowanie i prowadzenie dzia\u0142a\u0144 mediacyjnych i interwencyjnych w sytuacjach kryzysowych.<\/span><\/p>\n<p><span style=\"color: #000000;\"><strong>Zadania, o kt\u00f3rych mowa realizowane s\u0105 we wsp\u00f3\u0142pracy z:<\/strong><\/span><br \/>\n<span style=\"color: #000000;\">\u2022 Rodzicami<\/span><br \/>\n<span style=\"color: #000000;\">\u2022 Nauczycielami i innymi pracownikami szko\u0142y<\/span><br \/>\n<span style=\"color: #000000;\">\u2022 Nauczycielami i pracownikami innych szk\u00f3\u0142<\/span><br \/>\n<span style=\"color: #000000;\">\u2022 Poradni\u0105 Psychologiczno- Pedagogiczn\u0105<\/span><br \/>\n<span style=\"color: #000000;\">\u2022 Poradniami Specjalistycznymi<\/span><br \/>\n<span style=\"color: #000000;\">\u2022 Innymi podmiotami dzia\u0142aj\u0105cymi na rzecz rodziny, dzieci i m\u0142odzie\u017cy.<\/span><\/p>\n<p><span style=\"color: #000000;\"><strong>Uczniowie mog\u0105 si\u0119 zg\u0142asza\u0107 do pedagoga, gdy:<\/strong><\/span><br \/>\n<span style=\"color: #000000;\">\u2022 nie radz\u0105 sobie z nauk\u0105;<\/span><br \/>\n<span style=\"color: #000000;\">\u2022 kto\u015b naruszy ich prawa;<\/span><br \/>\n<span style=\"color: #000000;\">\u2022 kto\u015b stosuje wobec nich przemoc;<\/span><br \/>\n<span style=\"color: #000000;\">\u2022 potrzebuj\u0105 pomocy i rady;<\/span><br \/>\n<span style=\"color: #000000;\">\u2022 chc\u0105 po prostu z kim\u015b porozmawia\u0107;<\/span><br \/>\n<span style=\"color: #000000;\">\u2022 chc\u0105 poradzi\u0107 si\u0119, wybieraj\u0105c drog\u0119 edukacji, przysz\u0142y zaw\u00f3d;<\/span><\/p>\n<p><span style=\"color: #000000;\"><strong>Rodzice uczni\u00f3w mog\u0105 oczekiwa\u0107 pomocy wtedy, gdy:<\/strong><\/span><br \/>\n<span style=\"color: #000000;\">\u2022 dziecko ma problemy z nauk\u0105, licznymi nieobecno\u015bciami i odnalezieniem si\u0119 w szkole;<\/span><br \/>\n<span style=\"color: #000000;\">\u2022 dziecko ma problemy z zachowaniem, z r\u00f3wie\u015bnikami;<\/span><br \/>\n<span style=\"color: #000000;\">\u2022 potrzebuj\u0105 uzyskania informacji o mo\u017cliwo\u015bciach pomocy dla swoich dzieci;<\/span><br \/>\n<span style=\"color: #000000;\">\u2022 w rodzinie wyst\u0119puj\u0105 problemy.<\/span><\/p>\n<p><span style=\"color: #000000;\">GODZINY PRACY PEDAGOGA SZKOLNEGO<\/span><\/p>\n<p><strong><span style=\"color: #000000;\">Poniedzia\u0142ek 8.45 &#8211; 12.45 \/ 13.30 &#8211; 14.30<\/span><\/strong><\/p>\n<p><strong><span style=\"color: #000000;\">Wtorek\u00a0\u00a0\u00a0\u00a0\u00a0\u00a0\u00a0\u00a0\u00a0 8.00 &#8211; 12.15<\/span><\/strong><\/p>\n<p><strong><span style=\"color: #000000;\">\u015aroda\u00a0 \u00a0 \u00a0 \u00a0 \u00a0 \u00a0 \u00a08.00 &#8211; 12.15<\/span><\/strong><strong><span style=\"color: #000000;\">\u00a0 \u00a0 \u00a0 \u00a0 \u00a0 \u00a0 \u00a0 \u00a0 \u00a0 \u00a0<\/span><\/strong><\/p>\n<p><strong><span style=\"color: #000000;\">Czwartek\u00a0 \u00a0 \u00a0 8.50 &#8211; 12.20<\/span><\/strong><\/p>\n<p><strong><span style=\"color: #000000;\">Pi\u0105tek\u00a0\u00a0\u00a0\u00a0\u00a0\u00a0\u00a0\u00a0\u00a0\u00a0\u00a0 8.00 &#8211; 8.50 \/ 9.50 &#8211; 14.00<\/span><\/strong><\/p>\n<p>&nbsp;<\/p>\n","protected":false},"excerpt":{"rendered":"<p>Zapraszamy do odwiedzania strony PADLET &#8211; Monika Janiga G\u0142\u00f3wnym celem pracy pedagoga jest pomoc uczniowi. Jestem do Waszej dyspozycji! PRZYJD\u0179 Z KA\u017bD\u0104 SPRAW\u0104, Z KT\u00d3R\u0104 SAM NIE POTRAFISZ SOBIE PORADZI\u0106. Nie twierdz\u0119, \u017ce rozwi\u0105\u017c\u0119 wszystkie Twoje problemy, ale mog\u0119 Ci pom\u00f3c przemy\u015ble\u0107 r\u00f3\u017cne sprawy, mo\u017cemy porozmawia\u0107 o trapi\u0105cych Ci\u0119 problemach, mo\u017cemy wsp\u00f3lnie opracowa\u0107 spos\u00f3b dzia\u0142ania, aby Ci pom\u00f3c. Do zada\u0144 &#8230; <\/p>\n<div><a href=\"https:\/\/zsp14gliwice.pl\/sp28\/pedagog\/\" class=\"more-link\">Read More<\/a><\/div>\n","protected":false},"author":2,"featured_media":0,"parent":0,"menu_order":0,"comment_status":"closed","ping_status":"closed","template":"","meta":{"footnotes":""},"class_list":["post-763","page","type-page","status-publish","hentry","no-post-thumbnail"],"_links":{"self":[{"href":"https:\/\/zsp14gliwice.pl\/sp28\/wp-json\/wp\/v2\/pages\/763"}],"collection":[{"href":"https:\/\/zsp14gliwice.pl\/sp28\/wp-json\/wp\/v2\/pages"}],"about":[{"href":"https:\/\/zsp14gliwice.pl\/sp28\/wp-json\/wp\/v2\/types\/page"}],"author":[{"embeddable":true,"href":"https:\/\/zsp14gliwice.pl\/sp28\/wp-json\/wp\/v2\/users\/2"}],"replies":[{"embeddable":true,"href":"https:\/\/zsp14gliwice.pl\/sp28\/wp-json\/wp\/v2\/comments?post=763"}],"version-history":[{"count":12,"href":"https:\/\/zsp14gliwice.pl\/sp28\/wp-json\/wp\/v2\/pages\/763\/revisions"}],"predecessor-version":[{"id":4256,"href":"https:\/\/zsp14gliwice.pl\/sp28\/wp-json\/wp\/v2\/pages\/763\/revisions\/4256"}],"wp:attachment":[{"href":"https:\/\/zsp14gliwice.pl\/sp28\/wp-json\/wp\/v2\/media?parent=763"}],"curies":[{"name":"wp","href":"https:\/\/api.w.org\/{rel}","templated":true}]}}