{"id":754,"date":"2020-04-17T16:34:21","date_gmt":"2020-04-17T16:34:21","guid":{"rendered":"http:\/\/zsp14gliwice.pl\/sp28\/?page_id=754"},"modified":"2025-09-10T06:33:51","modified_gmt":"2025-09-10T06:33:51","slug":"psycholog","status":"publish","type":"page","link":"https:\/\/zsp14gliwice.pl\/sp28\/psycholog\/","title":{"rendered":"Psycholog"},"content":{"rendered":"<p><span style=\"color: #000000;\">Psycholog Gra\u017cyna Kala-Czeszek \u2013 Twoje wsparcie w szkole <\/span><br \/>\n<span style=\"color: #000000;\">Psycholog szkolny jest osob\u0105, do kt\u00f3rej zawsze mo\u017cesz si\u0119 zwr\u00f3ci\u0107 \u2013 niezale\u017cnie od tego, czy jeste\u015b uczniem, rodzicem czy nauczycielem. Jego zadaniem jest wspieranie rozwoju dzieci i m\u0142odzie\u017cy, pomoc w rozwi\u0105zywaniu trudno\u015bci oraz tworzenie przyjaznej i bezpiecznej atmosfery w szkole.<\/span><\/p>\n<p><span style=\"color: #000000;\">Dla uczni\u00f3w:<\/span><br \/>\n<span style=\"color: #000000;\">Psycholog pomo\u017ce Ci, je\u015bli: <\/span><br \/>\n<span style=\"color: #000000;\">&#8211; masz k\u0142opoty w nauce,<\/span><br \/>\n<span style=\"color: #000000;\">&#8211; trudno Ci si\u0119 skoncentrowa\u0107 lub radzi\u0107 sobie ze stresem,<\/span><br \/>\n<span style=\"color: #000000;\">&#8211; prze\u017cywasz trudne emocje, czujesz si\u0119 samotny lub niezrozumiany,<\/span><br \/>\n<span style=\"color: #000000;\">&#8211; masz konflikt z r\u00f3wie\u015bnikami, nauczycielami albo w domu,<\/span><br \/>\n<span style=\"color: #000000;\">&#8211; chcesz porozmawia\u0107 o czym\u015b wa\u017cnym, w zaufaniu.<\/span><\/p>\n<p><span style=\"color: #000000;\">To miejsce, gdzie mo\u017cesz by\u0107 sob\u0105 i powiedzie\u0107 wszystko, co Ci\u0119 martwi. Tutaj nikt Ci\u0119 nie oceni \u2013 zamiast tego razem poszukamy rozwi\u0105za\u0144.<\/span><\/p>\n<p><span style=\"color: #000000;\">Dla rodzic\u00f3w:<\/span><br \/>\n<span style=\"color: #000000;\">Psycholog wspiera r\u00f3wnie\u017c rodzic\u00f3w, oferuj\u0105c:<\/span><br \/>\n<span style=\"color: #000000;\">&#8211; porady dotycz\u0105ce wychowania i wspierania dziecka,<\/span><br \/>\n<span style=\"color: #000000;\">&#8211; pomoc w zrozumieniu trudnych zachowa\u0144,<\/span><br \/>\n<span style=\"color: #000000;\">&#8211; wskaz\u00f3wki, jak radzi\u0107 sobie z emocjami dziecka i jak rozmawia\u0107 o wa\u017cnych sprawach,<\/span><br \/>\n<span style=\"color: #000000;\">&#8211; wsp\u00f3\u0142prac\u0119 w sytuacjach kryzysowych.<\/span><\/p>\n<p><span style=\"color: #000000;\">Dlaczego warto przyj\u015b\u0107?<\/span><br \/>\n<span style=\"color: #000000;\">Rozmowa z psychologiem to nie \u201eproblem\u201d, lecz szansa na lepsze samopoczucie i zrozumienie siebie. Ka\u017cdy mo\u017ce potrzebowa\u0107 wsparcia \u2013 czasem wystarczy jedno spotkanie, by poczu\u0107 ulg\u0119.<\/span><br \/>\n<span style=\"color: #000000;\">Psycholog szkolny czeka na Ciebie w gabinecie, gdzie znajdziesz spok\u00f3j, \u017cyczliwo\u015b\u0107 i pe\u0142n\u0105 dyskrecj\u0119.<\/span><\/p>\n<p><span style=\"color: #000000;\">Zapraszam \u2013 drzwi s\u0105\u00a0zawsze\u00a0otwarte!<\/span><\/p>\n<p><span style=\"color: #000000;\">Pomoc psychologiczno-pedagogiczn\u0105 mo\u017cna r\u00f3wnie\u017c uzyska\u0107 w Poradni Psychologiczno-Pedagogicznej w Gliwicach przy ulicy Gierymskiego 1.<\/span><\/p>\n<p><span style=\"color: #000000;\">Polecane publikacje:<br \/>\nDepresja m\u0142odzie\u0144cza<br \/>\n<span style=\"color: #0000ff;\"><a style=\"color: #0000ff;\" href=\"https:\/\/wyleczdepresje.pl\/depresja-mlodziencza\/\" target=\"_blank\" rel=\"noopener noreferrer\" data-saferedirecturl=\"https:\/\/www.google.com\/url?q=https:\/\/wyleczdepresje.pl\/depresja-mlodziencza\/&amp;source=gmail&amp;ust=1614235611065000&amp;usg=AFQjCNEUdxXDiy0LX5pHNXyhteKIMf-HYQ\">https:\/\/wyleczdepresje.pl\/<wbr \/>depresja-mlodziencza\/<\/a><\/span><\/span><br \/>\n<span style=\"color: #000000;\">Czy moje dziecko zagro\u017cone jest dysleksj\u0105?<\/span><br \/>\n<span style=\"color: #000000;\"><a style=\"color: #000000;\" href=\"http:\/\/eduentuzjasci.pl\/images\/stories\/publikacje\/ibe-czy-moje-dziecko-jest-zagrozone-dysleksja.pdf\"><span style=\"color: #3366ff;\">http:\/\/eduentuzjasci.pl\/images\/stories\/publikacje\/ibe-czy-moje-dziecko-jest-zagrozone-dysleksja.pdf<\/span><\/a><\/span><br \/>\n<span style=\"color: #000000;\">Zesp\u00f3\u0142 Aspergera. Co o nim wiesz?<\/span><br \/>\n<span style=\"color: #000000;\"><a style=\"color: #000000;\" href=\"http:\/\/kta.szczecin.pl\/wp-content\/uploads\/2017\/02\/Zesp%C3%B3%C5%82-Aspergera.-Co-o-nim-wiesz.pdf\"><span style=\"color: #3366ff;\">http:\/\/kta.szczecin.pl\/wp-content\/uploads\/2017\/02\/Zesp%C3%B3%C5%82-Aspergera.-Co-o-nim-wiesz.pdf<\/span><\/a><\/span><br \/>\n<span style=\"color: #000000;\">ADHD \u2013 informacje dla rodzic\u00f3w.<\/span><br \/>\n<span style=\"color: #000000;\"><a style=\"color: #000000;\" href=\"https:\/\/www.centrumadhd.gda.pl\/media\/ADHD_1.pdf\"><span style=\"color: #3366ff;\">https:\/\/www.centrumadhd.gda.pl\/media\/ADHD_1.pdf<\/span><\/a><\/span><\/p>\n<p><span style=\"color: #000000;\"><strong>GODZINY PRACY PSYCHOLOGA SZKOLNEGO<\/strong><\/span><\/p>\n<p><strong><span style=\"color: #000000;\">Poniedzia\u0142ek\u00a0\u00a0\u00a0\u00a0\u00a0 9.00 &#8211; 12.30<\/span><\/strong><\/p>\n<p><strong><span style=\"color: #000000;\">Wtorek\u00a0 \u00a0 \u00a0 \u00a0 \u00a0 \u00a0 9.00 &#8211; 12.45<\/span><\/strong><\/p>\n<p><strong><span style=\"color: #000000;\">\u015aroda\u00a0 \u00a0 \u00a0 \u00a0 \u00a0 \u00a0 \u00a08.45 &#8211; 11.45 \/ 12.30 &#8211; 13.30<\/span><\/strong><\/p>\n<p><strong><span style=\"color: #000000;\">Czwartek\u00a0 \u00a0 \u00a0 \u00a0 8.00 \u2013 8.55 \/ 9.40 &#8211; 13.45<\/span><\/strong><\/p>\n<p><strong><span style=\"color: #000000;\">Pi\u0105tek\u00a0 \u00a0 \u00a0 \u00a0 \u00a0 \u00a0 \u00a09.00 &#8211; 13.00<\/span><\/strong><\/p>\n","protected":false},"excerpt":{"rendered":"<p>Psycholog Gra\u017cyna Kala-Czeszek \u2013 Twoje wsparcie w szkole Psycholog szkolny jest osob\u0105, do kt\u00f3rej zawsze mo\u017cesz si\u0119 zwr\u00f3ci\u0107 \u2013 niezale\u017cnie od tego, czy jeste\u015b uczniem, rodzicem czy nauczycielem. Jego zadaniem jest wspieranie rozwoju dzieci i m\u0142odzie\u017cy, pomoc w rozwi\u0105zywaniu trudno\u015bci oraz tworzenie przyjaznej i bezpiecznej atmosfery w szkole. Dla uczni\u00f3w: Psycholog pomo\u017ce Ci, je\u015bli: &#8211; masz k\u0142opoty w nauce, &#8211; &#8230; <\/p>\n<div><a href=\"https:\/\/zsp14gliwice.pl\/sp28\/psycholog\/\" class=\"more-link\">Read More<\/a><\/div>\n","protected":false},"author":2,"featured_media":0,"parent":0,"menu_order":0,"comment_status":"closed","ping_status":"closed","template":"","meta":{"footnotes":""},"class_list":["post-754","page","type-page","status-publish","hentry","no-post-thumbnail"],"_links":{"self":[{"href":"https:\/\/zsp14gliwice.pl\/sp28\/wp-json\/wp\/v2\/pages\/754"}],"collection":[{"href":"https:\/\/zsp14gliwice.pl\/sp28\/wp-json\/wp\/v2\/pages"}],"about":[{"href":"https:\/\/zsp14gliwice.pl\/sp28\/wp-json\/wp\/v2\/types\/page"}],"author":[{"embeddable":true,"href":"https:\/\/zsp14gliwice.pl\/sp28\/wp-json\/wp\/v2\/users\/2"}],"replies":[{"embeddable":true,"href":"https:\/\/zsp14gliwice.pl\/sp28\/wp-json\/wp\/v2\/comments?post=754"}],"version-history":[{"count":15,"href":"https:\/\/zsp14gliwice.pl\/sp28\/wp-json\/wp\/v2\/pages\/754\/revisions"}],"predecessor-version":[{"id":3999,"href":"https:\/\/zsp14gliwice.pl\/sp28\/wp-json\/wp\/v2\/pages\/754\/revisions\/3999"}],"wp:attachment":[{"href":"https:\/\/zsp14gliwice.pl\/sp28\/wp-json\/wp\/v2\/media?parent=754"}],"curies":[{"name":"wp","href":"https:\/\/api.w.org\/{rel}","templated":true}]}}