{"id":695,"date":"2020-04-16T15:41:58","date_gmt":"2020-04-16T15:41:58","guid":{"rendered":"http:\/\/zsp14gliwice.pl\/sp28\/?page_id=695"},"modified":"2020-09-01T10:46:27","modified_gmt":"2020-09-01T10:46:27","slug":"wymiana-miedzynarodowa","status":"publish","type":"page","link":"https:\/\/zsp14gliwice.pl\/sp28\/wymiana-miedzynarodowa\/","title":{"rendered":"Wymiana mi\u0119dzynarodowa"},"content":{"rendered":"<h6><span style=\"color: #000000;\">Wymiana w pigu\u0142ce!<\/span><\/h6>\n<ul>\n<li><span style=\"color: #000000;\">Kto mo\u017ce wzi\u0105\u0107 udzia\u0142 w wymianie?<\/span><br \/>\n<span style=\"color: #000000;\">W wymianie mog\u0105 wzi\u0105\u0107 udzia\u0142 uczniowie SP 28 z klas VII i VIII. Nie jest konieczne ucz\u0119szczanie na lekcje hiszpa\u0144skiego, jednak w przypadku wi\u0119kszej liczby ch\u0119tnych ni\u017c miejsc, pierwsze\u0144stwo maj\u0105 uczniowie ucz\u0105cy si\u0119 j\u0119zyka hiszpa\u0144skiego w naszej szkole. Wskazane jest by uczestnik zna\u0142 j\u0119zyk angielski w stopniu komunikatywnym<\/span><\/li>\n<li><span style=\"color: #000000;\">Ile trwa wymiana?<\/span><br \/>\n<span style=\"color: #000000;\">Wymiana trwa tydzie\u0144, dzie\u0144 wyjazdu ustalany jest po konsultacji rozk\u0142adu lot\u00f3w i plan\u00f3w obu szk\u00f3\u0142 bior\u0105cych udzia\u0142 w wymianie.<\/span><\/li>\n<\/ul>\n<ul>\n<li><span style=\"color: #000000;\">Dok\u0105d wyje\u017cd\u017camy?<\/span><br \/>\n<span style=\"color: #000000;\">W tym roku pojechali\u015bmy do Barcelony, ale biuro wsp\u00f3\u0142organizuj\u0105ce wyjazd wsp\u00f3\u0142pracuje r\u00f3wnie\u017c ze szko\u0142ami w Elche i Walencji.<\/span><\/li>\n<\/ul>\n<ul>\n<li><span style=\"color: #000000;\">Czy wyjazd jest p\u0142atny?<\/span><br \/>\n<span style=\"color: #000000;\">Tak, uczestnicy zobowi\u0105zani s\u0105 do op\u0142acenia biletu lotniczego oraz atrakcji na miejscu (m.in. bilety wst\u0119pu) oraz przyj\u0105\u0107 u siebie w domu uczni\u00f3w z Hiszpanii (da\u0107 zakwaterowanie i wy\u017cywienie).<\/span><\/li>\n<\/ul>\n<p><a href=\"http:\/\/zsp14gliwice.pl\/sp28\/wp-content\/uploads\/2020\/04\/Wymiana-uczniowska-Barcelona.pdf\">Wymiana uczniowska Barcelona<\/a><\/p>\n","protected":false},"excerpt":{"rendered":"<p>Wymiana w pigu\u0142ce! Kto mo\u017ce wzi\u0105\u0107 udzia\u0142 w wymianie? W wymianie mog\u0105 wzi\u0105\u0107 udzia\u0142 uczniowie SP 28 z klas VII i VIII. Nie jest konieczne ucz\u0119szczanie na lekcje hiszpa\u0144skiego, jednak w przypadku wi\u0119kszej liczby ch\u0119tnych ni\u017c miejsc, pierwsze\u0144stwo maj\u0105 uczniowie ucz\u0105cy si\u0119 j\u0119zyka hiszpa\u0144skiego w naszej szkole. Wskazane jest by uczestnik zna\u0142 j\u0119zyk angielski w stopniu komunikatywnym Ile trwa wymiana? &#8230; <\/p>\n<div><a href=\"https:\/\/zsp14gliwice.pl\/sp28\/wymiana-miedzynarodowa\/\" class=\"more-link\">Read More<\/a><\/div>\n","protected":false},"author":2,"featured_media":0,"parent":0,"menu_order":0,"comment_status":"closed","ping_status":"closed","template":"","meta":{"footnotes":""},"class_list":["post-695","page","type-page","status-publish","hentry","no-post-thumbnail"],"_links":{"self":[{"href":"https:\/\/zsp14gliwice.pl\/sp28\/wp-json\/wp\/v2\/pages\/695"}],"collection":[{"href":"https:\/\/zsp14gliwice.pl\/sp28\/wp-json\/wp\/v2\/pages"}],"about":[{"href":"https:\/\/zsp14gliwice.pl\/sp28\/wp-json\/wp\/v2\/types\/page"}],"author":[{"embeddable":true,"href":"https:\/\/zsp14gliwice.pl\/sp28\/wp-json\/wp\/v2\/users\/2"}],"replies":[{"embeddable":true,"href":"https:\/\/zsp14gliwice.pl\/sp28\/wp-json\/wp\/v2\/comments?post=695"}],"version-history":[{"count":6,"href":"https:\/\/zsp14gliwice.pl\/sp28\/wp-json\/wp\/v2\/pages\/695\/revisions"}],"predecessor-version":[{"id":1196,"href":"https:\/\/zsp14gliwice.pl\/sp28\/wp-json\/wp\/v2\/pages\/695\/revisions\/1196"}],"wp:attachment":[{"href":"https:\/\/zsp14gliwice.pl\/sp28\/wp-json\/wp\/v2\/media?parent=695"}],"curies":[{"name":"wp","href":"https:\/\/api.w.org\/{rel}","templated":true}]}}