{"id":691,"date":"2020-04-16T15:41:10","date_gmt":"2020-04-16T15:41:10","guid":{"rendered":"http:\/\/zsp14gliwice.pl\/sp28\/?page_id=691"},"modified":"2025-11-03T08:09:04","modified_gmt":"2025-11-03T08:09:04","slug":"swietlica","status":"publish","type":"page","link":"https:\/\/zsp14gliwice.pl\/sp28\/swietlica\/","title":{"rendered":"\u015awietlica"},"content":{"rendered":"<p><a href=\"http:\/\/zsp14gliwice.pl\/sp28\/wp-content\/uploads\/2020\/04\/str-1.png\"><img loading=\"lazy\" decoding=\"async\" class=\"alignnone wp-image-703\" src=\"http:\/\/zsp14gliwice.pl\/sp28\/wp-content\/uploads\/2020\/04\/str-1-212x300.png\" alt=\"\" width=\"242\" height=\"342\" srcset=\"https:\/\/zsp14gliwice.pl\/sp28\/wp-content\/uploads\/2020\/04\/str-1-212x300.png 212w, https:\/\/zsp14gliwice.pl\/sp28\/wp-content\/uploads\/2020\/04\/str-1-722x1024.png 722w, https:\/\/zsp14gliwice.pl\/sp28\/wp-content\/uploads\/2020\/04\/str-1-100x142.png 100w, https:\/\/zsp14gliwice.pl\/sp28\/wp-content\/uploads\/2020\/04\/str-1.png 759w\" sizes=\"(max-width: 242px) 100vw, 242px\" \/><\/a> \u00a0\u00a0\u00a0\u00a0\u00a0\u00a0\u00a0\u00a0\u00a0\u00a0\u00a0 <a href=\"http:\/\/zsp14gliwice.pl\/sp28\/wp-content\/uploads\/2020\/04\/str-2.png\"><img loading=\"lazy\" decoding=\"async\" class=\"alignnone wp-image-704\" src=\"http:\/\/zsp14gliwice.pl\/sp28\/wp-content\/uploads\/2020\/04\/str-2-213x300.png\" alt=\"\" width=\"240\" height=\"338\" srcset=\"https:\/\/zsp14gliwice.pl\/sp28\/wp-content\/uploads\/2020\/04\/str-2-213x300.png 213w, https:\/\/zsp14gliwice.pl\/sp28\/wp-content\/uploads\/2020\/04\/str-2-727x1024.png 727w, https:\/\/zsp14gliwice.pl\/sp28\/wp-content\/uploads\/2020\/04\/str-2-100x141.png 100w, https:\/\/zsp14gliwice.pl\/sp28\/wp-content\/uploads\/2020\/04\/str-2.png 760w\" sizes=\"(max-width: 240px) 100vw, 240px\" \/><\/a> \u00a0\u00a0\u00a0\u00a0\u00a0\u00a0\u00a0\u00a0\u00a0\u00a0 <a href=\"http:\/\/zsp14gliwice.pl\/sp28\/wp-content\/uploads\/2020\/04\/str-3.png\"><img loading=\"lazy\" decoding=\"async\" class=\"alignnone wp-image-705\" src=\"http:\/\/zsp14gliwice.pl\/sp28\/wp-content\/uploads\/2020\/04\/str-3-212x300.png\" alt=\"\" width=\"241\" height=\"341\" srcset=\"https:\/\/zsp14gliwice.pl\/sp28\/wp-content\/uploads\/2020\/04\/str-3-212x300.png 212w, https:\/\/zsp14gliwice.pl\/sp28\/wp-content\/uploads\/2020\/04\/str-3-722x1024.png 722w, https:\/\/zsp14gliwice.pl\/sp28\/wp-content\/uploads\/2020\/04\/str-3-100x142.png 100w, https:\/\/zsp14gliwice.pl\/sp28\/wp-content\/uploads\/2020\/04\/str-3.png 757w\" sizes=\"(max-width: 241px) 100vw, 241px\" \/><\/a><\/p>\n<p><a href=\"http:\/\/zsp14gliwice.pl\/sp28\/wp-content\/uploads\/2020\/04\/str-4.png\"><img loading=\"lazy\" decoding=\"async\" class=\"alignnone wp-image-706\" src=\"http:\/\/zsp14gliwice.pl\/sp28\/wp-content\/uploads\/2020\/04\/str-4-212x300.png\" alt=\"\" width=\"241\" height=\"341\" srcset=\"https:\/\/zsp14gliwice.pl\/sp28\/wp-content\/uploads\/2020\/04\/str-4-212x300.png 212w, https:\/\/zsp14gliwice.pl\/sp28\/wp-content\/uploads\/2020\/04\/str-4-723x1024.png 723w, https:\/\/zsp14gliwice.pl\/sp28\/wp-content\/uploads\/2020\/04\/str-4-100x142.png 100w, https:\/\/zsp14gliwice.pl\/sp28\/wp-content\/uploads\/2020\/04\/str-4.png 760w\" sizes=\"(max-width: 241px) 100vw, 241px\" \/><\/a> \u00a0\u00a0\u00a0\u00a0\u00a0\u00a0\u00a0\u00a0\u00a0 <a href=\"http:\/\/zsp14gliwice.pl\/sp28\/wp-content\/uploads\/2020\/04\/str-5.png\"><img loading=\"lazy\" decoding=\"async\" class=\"alignnone wp-image-707\" src=\"http:\/\/zsp14gliwice.pl\/sp28\/wp-content\/uploads\/2020\/04\/str-5-211x300.png\" alt=\"\" width=\"241\" height=\"343\" srcset=\"https:\/\/zsp14gliwice.pl\/sp28\/wp-content\/uploads\/2020\/04\/str-5-211x300.png 211w, https:\/\/zsp14gliwice.pl\/sp28\/wp-content\/uploads\/2020\/04\/str-5-721x1024.png 721w, https:\/\/zsp14gliwice.pl\/sp28\/wp-content\/uploads\/2020\/04\/str-5-100x142.png 100w, https:\/\/zsp14gliwice.pl\/sp28\/wp-content\/uploads\/2020\/04\/str-5.png 759w\" sizes=\"(max-width: 241px) 100vw, 241px\" \/><\/a><\/p>\n<p style=\"font-weight: 400;\"><span style=\"color: #000000;\"><strong>Szanowni Pa\u0144stwo<\/strong><\/span><\/p>\n<p style=\"font-weight: 400;\"><span style=\"color: #000000;\">Informujemy, \u017ce do \u015bwietlicy szkolnej mog\u0105 ucz\u0119szcza\u0107 dzieci,\u00a0 kt\u00f3rych oboje rodzic\u00f3w\/opiekun\u00f3w prawnych pracuje.\u00a0 Warunkiem przyj\u0119cia dziecka do \u015bwietlicy jest z\u0142o\u017cenie. Karty Zg\u0142oszenia Dziecka Do \u015awietlicy Szkolnej\u00a0 wraz z za\u015bwiadczeniem o zatrudnieniu.<\/span><\/p>\n<p style=\"font-weight: 400;\"><span style=\"color: #000000;\">Kart\u0119 Zg\u0142oszenia mo\u017cna pobra\u0107 z zak\u0142adki Dla Rodzica\/\u015awietlica\u00a0<\/span><\/p>\n<p style=\"font-weight: 400;\"><span style=\"color: #000000;\">Karty Zg\u0142oszenia wraz z za\u015bwiadczeniem mo\u017cna sk\u0142ada\u0107 w skrzynce podawczej \u201e\u015awietlica &#8211; karty zg\u0142oszenia\u201d umieszczonej przy wej\u015bciu\u00a0do szko\u0142y od strony boiska (wej\u015bcie do \u015bwietlicy).<\/span><\/p>\n<p style=\"font-weight: 400;\"><span style=\"color: #000000;\">\u00a0\u00a0\u00a0\u00a0\u00a0\u00a0\u00a0\u00a0\u00a0\u00a0\u00a0\u00a0\u00a0\u00a0\u00a0\u00a0\u00a0\u00a0\u00a0\u00a0\u00a0\u00a0\u00a0\u00a0\u00a0\u00a0\u00a0\u00a0\u00a0\u00a0\u00a0\u00a0\u00a0\u00a0\u00a0\u00a0\u00a0\u00a0\u00a0\u00a0\u00a0\u00a0\u00a0\u00a0\u00a0\u00a0\u00a0\u00a0\u00a0\u00a0\u00a0\u00a0\u00a0\u00a0\u00a0\u00a0\u00a0\u00a0 Wychowawcy \u015bwietlicy<\/span><\/p>\n<p><span style=\"color: #0000ff;\"><a style=\"color: #0000ff;\" href=\"https:\/\/zsp14gliwice.pl\/sp28\/wp-content\/uploads\/2025\/11\/Karta-zgloszenia-dziecka-do-swietlicy-2025_2026-.pdf\">Karta zg\u0142oszenia dziecka do s\u0301wietlicy 2025_2026<\/a><\/span><\/p>\n<p><span style=\"color: #0000ff;\"><a style=\"color: #0000ff;\" href=\"https:\/\/zsp14gliwice.pl\/sp28\/wp-content\/uploads\/2025\/11\/Plan-pracy-swietlicy-2025_2026.pdf\">Plan pracy s\u0301wietlicy 2025_2026<\/a><\/span><\/p>\n","protected":false},"excerpt":{"rendered":"<p>\u00a0\u00a0\u00a0\u00a0\u00a0\u00a0\u00a0\u00a0\u00a0\u00a0\u00a0 \u00a0\u00a0\u00a0\u00a0\u00a0\u00a0\u00a0\u00a0\u00a0\u00a0 \u00a0\u00a0\u00a0\u00a0\u00a0\u00a0\u00a0\u00a0\u00a0 Szanowni Pa\u0144stwo Informujemy, \u017ce do \u015bwietlicy szkolnej mog\u0105 ucz\u0119szcza\u0107 dzieci,\u00a0 kt\u00f3rych oboje rodzic\u00f3w\/opiekun\u00f3w prawnych pracuje.\u00a0 Warunkiem przyj\u0119cia dziecka do \u015bwietlicy jest z\u0142o\u017cenie. Karty Zg\u0142oszenia Dziecka Do \u015awietlicy Szkolnej\u00a0 wraz z za\u015bwiadczeniem o zatrudnieniu. Kart\u0119 Zg\u0142oszenia mo\u017cna pobra\u0107 z zak\u0142adki Dla Rodzica\/\u015awietlica\u00a0 Karty Zg\u0142oszenia wraz z za\u015bwiadczeniem mo\u017cna sk\u0142ada\u0107 w skrzynce podawczej \u201e\u015awietlica &#8211; karty zg\u0142oszenia\u201d umieszczonej przy &#8230; <\/p>\n<div><a href=\"https:\/\/zsp14gliwice.pl\/sp28\/swietlica\/\" class=\"more-link\">Read More<\/a><\/div>\n","protected":false},"author":2,"featured_media":0,"parent":0,"menu_order":0,"comment_status":"closed","ping_status":"closed","template":"","meta":{"footnotes":""},"class_list":["post-691","page","type-page","status-publish","hentry","no-post-thumbnail"],"_links":{"self":[{"href":"https:\/\/zsp14gliwice.pl\/sp28\/wp-json\/wp\/v2\/pages\/691"}],"collection":[{"href":"https:\/\/zsp14gliwice.pl\/sp28\/wp-json\/wp\/v2\/pages"}],"about":[{"href":"https:\/\/zsp14gliwice.pl\/sp28\/wp-json\/wp\/v2\/types\/page"}],"author":[{"embeddable":true,"href":"https:\/\/zsp14gliwice.pl\/sp28\/wp-json\/wp\/v2\/users\/2"}],"replies":[{"embeddable":true,"href":"https:\/\/zsp14gliwice.pl\/sp28\/wp-json\/wp\/v2\/comments?post=691"}],"version-history":[{"count":26,"href":"https:\/\/zsp14gliwice.pl\/sp28\/wp-json\/wp\/v2\/pages\/691\/revisions"}],"predecessor-version":[{"id":3408,"href":"https:\/\/zsp14gliwice.pl\/sp28\/wp-json\/wp\/v2\/pages\/691\/revisions\/3408"}],"wp:attachment":[{"href":"https:\/\/zsp14gliwice.pl\/sp28\/wp-json\/wp\/v2\/media?parent=691"}],"curies":[{"name":"wp","href":"https:\/\/api.w.org\/{rel}","templated":true}]}}