{"id":660,"date":"2020-04-16T15:12:29","date_gmt":"2020-04-16T15:12:29","guid":{"rendered":"http:\/\/zsp14gliwice.pl\/sp28\/?page_id=660"},"modified":"2026-02-06T08:22:06","modified_gmt":"2026-02-06T08:22:06","slug":"rekrutacja-do-klasy-i","status":"publish","type":"page","link":"https:\/\/zsp14gliwice.pl\/sp28\/rekrutacja-do-klasy-i\/","title":{"rendered":"Klasa I og\u00f3lna"},"content":{"rendered":"<h5 style=\"text-align: left;\"><span style=\"color: #000000;\"><strong>Rekrutacja do klasy pierwszej Rok szkolny 2026\/2027<\/strong><\/span><\/h5>\n<h4 style=\"text-align: left;\"><span style=\"color: #000000;\"><strong><br \/>\nZarz\u0105dzenie Prezydenta Miasta Gliwice<\/strong><\/span><\/h4>\n<div class=\"mceTemp\">\n<div id=\"attachment_5492\" style=\"width: 1056px\" class=\"wp-caption aligncenter\"><a href=\"https:\/\/zsp14gliwice.pl\/sp28\/wp-content\/uploads\/2026\/01\/Zarzadzenie-Prezydenta-Miasta.jpeg\"><img loading=\"lazy\" decoding=\"async\" aria-describedby=\"caption-attachment-5492\" class=\"size-full wp-image-5492\" title=\"Zarz\u0105dzenie Prezydenta Miasta\" src=\"https:\/\/zsp14gliwice.pl\/sp28\/wp-content\/uploads\/2026\/01\/Zarzadzenie-Prezydenta-Miasta.jpeg\" alt=\"Zarz\u0105dzenie Prezydenta Miasta\" width=\"1046\" height=\"1539\" srcset=\"https:\/\/zsp14gliwice.pl\/sp28\/wp-content\/uploads\/2026\/01\/Zarzadzenie-Prezydenta-Miasta.jpeg 1046w, https:\/\/zsp14gliwice.pl\/sp28\/wp-content\/uploads\/2026\/01\/Zarzadzenie-Prezydenta-Miasta-204x300.jpeg 204w, https:\/\/zsp14gliwice.pl\/sp28\/wp-content\/uploads\/2026\/01\/Zarzadzenie-Prezydenta-Miasta-696x1024.jpeg 696w, https:\/\/zsp14gliwice.pl\/sp28\/wp-content\/uploads\/2026\/01\/Zarzadzenie-Prezydenta-Miasta-768x1130.jpeg 768w, https:\/\/zsp14gliwice.pl\/sp28\/wp-content\/uploads\/2026\/01\/Zarzadzenie-Prezydenta-Miasta-1044x1536.jpeg 1044w, https:\/\/zsp14gliwice.pl\/sp28\/wp-content\/uploads\/2026\/01\/Zarzadzenie-Prezydenta-Miasta-100x147.jpeg 100w, https:\/\/zsp14gliwice.pl\/sp28\/wp-content\/uploads\/2026\/01\/Zarzadzenie-Prezydenta-Miasta-1043x1535.jpeg 1043w\" sizes=\"(max-width: 1046px) 100vw, 1046px\" \/><\/a><p id=\"caption-attachment-5492\" class=\"wp-caption-text\">Zarz\u0105dzenie Prezydenta Miasta<\/p><\/div>\n<p>&nbsp;<\/p>\n<p>&nbsp;<\/p>\n<h4 style=\"text-align: left;\"><span style=\"color: #000000;\"><strong>Terminy postepowania rekrutacyjnego do klasy 1 og\u00f3lne<\/strong>j<\/span><\/h4>\n<div id=\"attachment_5493\" style=\"width: 1095px\" class=\"wp-caption aligncenter\"><a href=\"https:\/\/zsp14gliwice.pl\/sp28\/wp-content\/uploads\/2026\/01\/Terminy-i-rekrutacja-dla-klas-1-ogolnej.jpeg\"><img loading=\"lazy\" decoding=\"async\" aria-describedby=\"caption-attachment-5493\" class=\"size-full wp-image-5493\" title=\"Terminy i rekrutacja dla klas 1 og\u00f3lnej\" src=\"https:\/\/zsp14gliwice.pl\/sp28\/wp-content\/uploads\/2026\/01\/Terminy-i-rekrutacja-dla-klas-1-ogolnej.jpeg\" alt=\"Terminy i rekrutacja dla klas 1 og\u00f3lnej\" width=\"1085\" height=\"1544\" srcset=\"https:\/\/zsp14gliwice.pl\/sp28\/wp-content\/uploads\/2026\/01\/Terminy-i-rekrutacja-dla-klas-1-ogolnej.jpeg 1085w, https:\/\/zsp14gliwice.pl\/sp28\/wp-content\/uploads\/2026\/01\/Terminy-i-rekrutacja-dla-klas-1-ogolnej-211x300.jpeg 211w, https:\/\/zsp14gliwice.pl\/sp28\/wp-content\/uploads\/2026\/01\/Terminy-i-rekrutacja-dla-klas-1-ogolnej-720x1024.jpeg 720w, https:\/\/zsp14gliwice.pl\/sp28\/wp-content\/uploads\/2026\/01\/Terminy-i-rekrutacja-dla-klas-1-ogolnej-768x1093.jpeg 768w, https:\/\/zsp14gliwice.pl\/sp28\/wp-content\/uploads\/2026\/01\/Terminy-i-rekrutacja-dla-klas-1-ogolnej-1079x1536.jpeg 1079w, https:\/\/zsp14gliwice.pl\/sp28\/wp-content\/uploads\/2026\/01\/Terminy-i-rekrutacja-dla-klas-1-ogolnej-100x142.jpeg 100w, https:\/\/zsp14gliwice.pl\/sp28\/wp-content\/uploads\/2026\/01\/Terminy-i-rekrutacja-dla-klas-1-ogolnej-1043x1484.jpeg 1043w\" sizes=\"(max-width: 1085px) 100vw, 1085px\" \/><\/a><p id=\"caption-attachment-5493\" class=\"wp-caption-text\">Terminy i rekrutacja dla klas 1 og\u00f3lnej<\/p><\/div>\n<p>&nbsp;<\/p>\n<\/div>\n<h5><a href=\"https:\/\/bip.gliwice.eu\/storage\/uchwaly\/12453.pdf\"><span style=\"color: #3366ff;\">https:\/\/bip.gliwice.eu\/storage\/uchwaly\/12453.pdf<\/span><\/a><\/h5>\n<h5><span style=\"color: #0000ff;\"><a style=\"color: #0000ff;\" href=\"https:\/\/zsp14gliwice.pl\/sp28\/wp-content\/uploads\/2026\/02\/Regulamin-rekrutacji-do-klasy-1-ogolnej.pdf\">Regulamin rekrutacji do klasy 1 og\u00f3lnej<\/a><br \/>\n<\/span><\/h5>\n<h5><span style=\"color: #0000ff;\"><a style=\"color: #0000ff;\" href=\"https:\/\/zsp14gliwice.pl\/sp28\/wp-content\/uploads\/2026\/02\/Dlaczego-warto-wybrac-nasza-szkole.-Nasza-szkola-zapewnia.pdf\">Dlaczego warto wybra\u0107 nasz\u0105 szko\u0142\u0119. Nasza szko\u0142a zapewnia<\/a><\/span><\/h5>\n<h5><span style=\"color: #0000ff;\"><a style=\"color: #0000ff;\" href=\"https:\/\/zsp14gliwice.pl\/sp28\/wp-content\/uploads\/2026\/02\/Rejon-SP-28.pdf\">Rejon SP 28<\/a><\/span><\/h5>\n<h5><strong><span style=\"color: #000000;\">Dokumentacja do pobrania dla dzieci zamieszka\u0142ych w obwodzie szko\u0142y:<\/span><\/strong><\/h5>\n<h5><span style=\"color: #ff0000;\"><a style=\"color: #ff0000;\" href=\"https:\/\/zsp14gliwice.pl\/sp28\/wp-content\/uploads\/2026\/02\/Podanie-o-przyjecie-dziecka-do-szkoly.pdf\">Podanie o przyj\u0119cie dziecka do szko\u0142y<\/a><\/span><\/h5>\n<h5><span style=\"color: #ff0000;\"><a style=\"color: #ff0000;\" href=\"https:\/\/zsp14gliwice.pl\/sp28\/wp-content\/uploads\/2026\/02\/Oswiadczenie-o-miejscu-zamieszkania-rodzicow-kandydata-i-kandydata.pdf\">O\u015bwiadczenie o miejscu zamieszkania rodzic\u00f3w kandydata i kandydata<\/a><\/span><\/h5>\n<h5><strong><span style=\"color: #000000;\">Dokumentacja do pobrania dla kandydat\u00f3w spoza rejonu:<\/span><\/strong><\/h5>\n<h5><span style=\"color: #ff0000;\"><a style=\"color: #ff0000;\" href=\"https:\/\/zsp14gliwice.pl\/sp28\/wp-content\/uploads\/2026\/02\/Wniosek-do-klasy-pierwszej-ogolnej-spoza-rejonu.pdf\">Wniosek do klasy pierwszej og\u00f3lnej spoza rejonu<\/a><\/span><\/h5>\n<h5><span style=\"color: #ff0000;\"><a style=\"color: #ff0000;\" href=\"https:\/\/zsp14gliwice.pl\/sp28\/wp-content\/uploads\/2026\/02\/Oswiadczenie-Rodzica-zal.-do-wniosku-spoza-rejonu.pdf\">O\u015bwiadczenie Rodzica za\u0142. do wniosku spoza rejonu<\/a><\/span><\/h5>\n<h5><span style=\"color: #ff0000;\"><a style=\"color: #ff0000;\" href=\"https:\/\/zsp14gliwice.pl\/sp28\/wp-content\/uploads\/2026\/02\/Potwierdzenie-woli-klasa-1-spoza-rejonu.pdf\">Potwierdzenie woli klasa 1 spoza rejonu<\/a><\/span><\/h5>\n<h5><strong><span style=\"color: #000000;\">Pozosta\u0142e dokumenty:<\/span><\/strong><\/h5>\n<h5><span style=\"color: #ff0000;\"><a style=\"color: #ff0000;\" href=\"https:\/\/zsp14gliwice.pl\/sp28\/wp-content\/uploads\/2026\/02\/Podanie-o-przyjecie-do-swietlicy-2026.pdf\">Podanie o przyj\u0119cie do \u015bwietlicy 2026<\/a><\/span><\/h5>\n","protected":false},"excerpt":{"rendered":"<p>Rekrutacja do klasy pierwszej Rok szkolny 2026\/2027 Zarz\u0105dzenie Prezydenta Miasta Gliwice &nbsp; &nbsp; Terminy postepowania rekrutacyjnego do klasy 1 og\u00f3lnej &nbsp; https:\/\/bip.gliwice.eu\/storage\/uchwaly\/12453.pdf Regulamin rekrutacji do klasy 1 og\u00f3lnej Dlaczego warto wybra\u0107 nasz\u0105 szko\u0142\u0119. Nasza szko\u0142a zapewnia Rejon SP 28 Dokumentacja do pobrania dla dzieci zamieszka\u0142ych w obwodzie szko\u0142y: Podanie o przyj\u0119cie dziecka do szko\u0142y O\u015bwiadczenie o miejscu zamieszkania rodzic\u00f3w kandydata &#8230; <\/p>\n<div><a href=\"https:\/\/zsp14gliwice.pl\/sp28\/rekrutacja-do-klasy-i\/\" class=\"more-link\">Read More<\/a><\/div>\n","protected":false},"author":2,"featured_media":0,"parent":0,"menu_order":0,"comment_status":"closed","ping_status":"closed","template":"","meta":{"footnotes":""},"class_list":["post-660","page","type-page","status-publish","hentry","no-post-thumbnail"],"_links":{"self":[{"href":"https:\/\/zsp14gliwice.pl\/sp28\/wp-json\/wp\/v2\/pages\/660"}],"collection":[{"href":"https:\/\/zsp14gliwice.pl\/sp28\/wp-json\/wp\/v2\/pages"}],"about":[{"href":"https:\/\/zsp14gliwice.pl\/sp28\/wp-json\/wp\/v2\/types\/page"}],"author":[{"embeddable":true,"href":"https:\/\/zsp14gliwice.pl\/sp28\/wp-json\/wp\/v2\/users\/2"}],"replies":[{"embeddable":true,"href":"https:\/\/zsp14gliwice.pl\/sp28\/wp-json\/wp\/v2\/comments?post=660"}],"version-history":[{"count":27,"href":"https:\/\/zsp14gliwice.pl\/sp28\/wp-json\/wp\/v2\/pages\/660\/revisions"}],"predecessor-version":[{"id":5522,"href":"https:\/\/zsp14gliwice.pl\/sp28\/wp-json\/wp\/v2\/pages\/660\/revisions\/5522"}],"wp:attachment":[{"href":"https:\/\/zsp14gliwice.pl\/sp28\/wp-json\/wp\/v2\/media?parent=660"}],"curies":[{"name":"wp","href":"https:\/\/api.w.org\/{rel}","templated":true}]}}