{"id":651,"date":"2020-04-16T14:59:50","date_gmt":"2020-04-16T14:59:50","guid":{"rendered":"http:\/\/zsp14gliwice.pl\/sp28\/?page_id=651"},"modified":"2026-03-04T09:00:37","modified_gmt":"2026-03-04T09:00:37","slug":"karta-rowerowa","status":"publish","type":"page","link":"https:\/\/zsp14gliwice.pl\/sp28\/karta-rowerowa\/","title":{"rendered":"Karta rowerowa"},"content":{"rendered":"<p style=\"text-align: center;\"><span style=\"color: #000000;\"><strong>Procedura ubiegania si\u0119 o kart\u0119 rowerow\u0105 w ZSP nr 14 w Gliwicach<\/strong><\/span><\/p>\n<p style=\"text-align: center;\"><span style=\"color: #000000;\">Zgodnie z ustaw\u0105 z dnia 20 czerwca 1997r.\u00a0<em>Prawo o ruchu drogowym<\/em>\u00a0(Dz. U. z 2005r.Nr 108, poz. 908) kart\u0119 rowerow\u0105 lub motorowerow\u0105 mo\u017ce uzyska\u0107 osoba, kt\u00f3ra wykaza\u0142a si\u0119 niezb\u0119dnymi kwalifikacjami i osi\u0105gn\u0119\u0142a wymagany wiek: 10 lat w przypadku karty rowerowej i 13 lat w przypadku karty motorowerowej. Zgodnie z art. 109 ustawy\u00a0<em>Prawo o ruchu drogowym,<\/em>\u00a0od dnia 1 lipca 1999 r. karta rowerowa i motorowerowa jest wydawana wy\u0142\u0105cznie w szkole podstawowej i\u00a0ponadpodstawowej.<\/span><\/p>\n<p style=\"text-align: center;\"><span style=\"color: #000000;\"><strong>Procedura uzyskania karty rowerowej<\/strong><\/span><\/p>\n<p><span style=\"color: #000000;\">Uzyskanie karty rowerowej wymaga post\u0119powania zgodnie z poni\u017csz\u0105 procedur\u0105:<\/span><\/p>\n<ol>\n<li><span style=\"color: #000000;\">Ucze\u0144 powinien pobra\u0107 w sekretariacie, od osoby odpowiedzianej za przeprowadzanie egzaminu (Pani Anna Wysocka &#8211; cz\u0119\u015b\u0107 teoretyczna Praktyka &#8211; Pan wice dyrektor Przemys\u0142aw Kulik, Pan Jaros\u0142aw Kozio\u0142) lub ze strony internetowej szko\u0142y <strong><em>Arkusz zalicze\u0144 ucznia <\/em><\/strong><\/span><\/li>\n<li><span style=\"color: #000000;\">Wype\u0142ni\u0107 czytelnie swoje dane osobowe.<\/span><\/li>\n<li><span style=\"color: #000000;\">Uzyska\u0107 wpis (zgod\u0119) rodzica lub prawnego opiekuna.<\/span><\/li>\n<li><span style=\"color: #000000;\">Uzyska\u0107 wpis (zgod\u0119) nauczyciela wychowawcy.<\/span><\/li>\n<li><span style=\"color: #000000;\">Zg\u0142osi\u0107 si\u0119 do egzaminatora (p. wice dyrektor Przemys\u0142aw Kulik, p. Jaros\u0142aw Kozio\u0142) nie p\u00f3\u017aniej ni\u017c na dwa dni przed terminem egzaminu z wype\u0142nionym\u00a0<strong><em>Arkuszem zalicze\u0144 ucznia <\/em><\/strong>oraz aktualnym zdj\u0119ciem legitymacyjnym.<\/span><\/li>\n<li><span style=\"color: #000000;\">Uczestniczy\u0107 w teoretycznych zaj\u0119ciach szkoleniowych przygotowuj\u0105cych do zalicze\u0144 lekcje techniki.<\/span><\/li>\n<li><span style=\"color: #000000;\">Przyst\u0105pi\u0107 do sprawdzianu teoretycznego.<\/span><\/li>\n<li><span style=\"color: #000000;\">Po pozytywnym zaliczeniu sprawdzianu teoretycznego uzyskaniu 80 % (20 na 25 pyta\u0144) pozytywnych odpowiedzi, przyst\u0105pi\u0107 do sprawdzianu praktycznego z jazdy na w\u0142asnym lub po\u017cyczonym rowerze na placu manewrowym.<\/span><\/li>\n<li><span style=\"color: #000000;\">Po pozytywnym zdaniu egzaminu zg\u0142osi\u0107 si\u0119 po up\u0142ywie tygodnia od daty egzaminu, do sekretariatu szko\u0142y, po odbi\u00f3r karty rowerowej.<\/span><\/li>\n<\/ol>\n<p style=\"text-align: center;\"><span style=\"color: #000000;\"><strong>Warunki ubiegania si\u0119 o kart\u0119 rowerow\u0105<\/strong><\/span><\/p>\n<ol>\n<li><span style=\"color: #000000;\">Do egzaminu na kart\u0119 rowerow\u0105 mog\u0105 przyst\u0105pi\u0107 uczniowie, kt\u00f3rzy nie p\u00f3\u017aniej ni\u017c w dniu egzaminu uko\u0144czyli 10 lat.<\/span><\/li>\n<li><span style=\"color: #000000;\">Ucze\u0144 powinien w wyznaczonym terminie, na dwa dni przed egzaminem z\u0142o\u017cy\u0107 wype\u0142niony czytelnie\u00a0<em><strong>Arkusz zalicze\u0144 ucznia<\/strong>\u00a0<\/em>wraz z aktualnym zdj\u0119ciem legitymacyjnym.<\/span><\/li>\n<li><span style=\"color: #000000;\">W przypadku braku podpisu rodzica lub wychowawcy, ucze\u0144 nie mo\u017ce ubiega\u0107 si\u0119 o uzyskanie karty rowerowej.<\/span><\/li>\n<li><span style=\"color: #000000;\">Ucze\u0144 musi uczestniczy\u0107 w zaj\u0119ciach teoretycznych i praktycznych zorganizowanych w ramach lekcji zaj\u0119\u0107 technicznych lub innych z wychowania komunikacyjnego.<\/span><\/li>\n<li><span style=\"color: #000000;\">Ucze\u0144 przyst\u0119puje do sprawdzenia umiej\u0119tno\u015bci teoretycznych w wyznaczonym terminie, sprawdzian odbywa si\u0119 w formie testowej 25 pyta\u0144.<\/span><\/li>\n<li><span style=\"color: #000000;\">W przypadku nie zaliczenia lub nie przyst\u0105pienia do sprawdzianu w pierwszym terminie, ucze\u0144 mo\u017ce przyst\u0105pi\u0107 do jednego sprawdzianu poprawkowego w drugim terminie.<\/span><\/li>\n<li><span style=\"color: #000000;\">Po zaliczeniu sprawdzianu teoretycznego ucze\u0144 przyst\u0119puje do sprawdzianu praktycznego z jazdy na rowerze.<\/span><\/li>\n<li><span style=\"color: #000000;\">Egzamin praktyczny musi si\u0119 odbywa\u0107 wy\u0142\u0105cznie na rowerze posiadaj\u0105cym wyposa\u017cenie przewidziane przez prawo o ruchu drogowym.<\/span><\/li>\n<li><span style=\"color: #000000;\">Uczniowi, kt\u00f3ry spe\u0142ni\u0142 wszystkie wymagania egzaminacyjne do kierowania rowerem, wydawana jest karta rowerowa.<\/span><\/li>\n<li><span style=\"color: #000000;\">Karta rowerowa wydawana jest, na podstawie sporz\u0105dzonego przez koordynatora sprawozdania z przeprowadzonego egzaminu.<\/span><\/li>\n<li><span style=\"color: #000000;\">Karta rowerowa wydawana jest w sekretariacie szko\u0142y nie pr\u0119dzej, jak po up\u0142ywie tygodnia od czasu egzaminu.<\/span><\/li>\n<li><span style=\"color: #000000;\">Rejestr wydanych kart rowerowych prowadzony i przechowywany jest w sekretariacie szko\u0142y.<\/span><\/li>\n<li><span style=\"color: #000000;\">W przypadku utraty lub zniszczenia karty rowerowej rodzic sk\u0142ada pisemne o\u015bwiadczenie o zaistnia\u0142ym fakcie. Za duplikat karty szko\u0142a pobiera odpowiedni\u0105 op\u0142at\u0119.<\/span><\/li>\n<li><span style=\"color: #000000;\">W uzyskaniu karty rowerowej uczniowi pomagaj\u0105, w szczeg\u00f3lno\u015bci nauczyciele ucz\u0105cy zaj\u0119\u0107 technicznych, wychowania fizycznego oraz wychowawcy.<\/span><\/li>\n<li><span style=\"color: #000000;\">Do uzyskania karty rowerowej przygotowywani s\u0105 uczniowie klas IV w ramach przedmiotu zaj\u0119\u0107 technicznych, g\u0142\u00f3wnie na zaj\u0119ciach z wychowania komunikacyjnego.<\/span><\/li>\n<\/ol>\n<p>&nbsp;<\/p>\n<p style=\"text-align: center;\"><span style=\"color: #000000;\"><strong>Egzamin sk\u0142ada si\u0119 z dw\u00f3ch cz\u0119\u015bci: teoretycznej i praktycznej.<\/strong><\/span><\/p>\n<p><span style=\"color: #000000;\"><strong>Przyst\u0105pienie do egzaminu jest dobrowolne.<\/strong><\/span><\/p>\n<ol>\n<li><span style=\"color: #000000;\"><strong>Egzamin teoretyczny <\/strong>przeprowadzany jest w formie testu. Ucze\u0144 ma prawo do egzaminu poprawkowego. Egzamin obejmuje sprawdzenie znajomo\u015bci przepis\u00f3w ruchu drogowego, znak\u00f3w i sygna\u0142\u00f3w drogowych, zasad bezpiecznego poruszania si\u0119 po drogach oraz zakresu pierwszej pomocy.<\/span><\/li>\n<li><span style=\"color: #000000;\"><strong>Egzamin praktyczny <\/strong>polega na wykonaniu nast\u0119puj\u0105cych zada\u0144 egzaminacyjnych: \u00a0\u00a0<\/span><\/li>\n<\/ol>\n<ul>\n<li><span style=\"color: #000000;\">przygotowanie roweru do jazdy<\/span><\/li>\n<li><span style=\"color: #000000;\">ruszanie z terenu p\u0142askiego i pod g\u00f3rk\u0119<\/span><\/li>\n<li><span style=\"color: #000000;\"> jazda do przodu po prostej i \u0142ukach w kszta\u0142cie cyfry 8 (tzw. \u201e\u00f3semki\u201d)<\/span><\/li>\n<li><span style=\"color: #000000;\">jazda po wyznaczonym torze<\/span><\/li>\n<li><span style=\"color: #000000;\">prawid\u0142owe hamowanie i zatrzymywanie pojazdu w wyznaczonych miejscach w\u0142a\u015bciwe reagowanie na znaki i sygna\u0142y drogowe.<\/span><\/li>\n<\/ul>\n<p><span style=\"color: #000000;\">Sprawdzian umiej\u0119tno\u015bci praktycznych\u00a0 odbywa\u0107 si\u0119 b\u0119dzie w wyznaczonym terminie na odpowiednio przygotowanym placu manewrowym, w obecno\u015bci komisji egzaminacyjnej<\/span><\/p>\n<p><span style=\"color: #000000;\"><u>Ucze\u0144 zobowi\u0105zany jest stawi\u0107 si\u0119 na egzamin z\u00a0 rowerem wzorcowo przygotowanym do u\u017cytku tj. sprawnym technicznie i przepisowo wyposa\u017conym, lub skorzysta\u0107 z roweru przygotowanego przez organizatora egzaminu.<\/u><\/span><\/p>\n<p><span style=\"color: #000000;\">Ca\u0142o\u015bci\u0105 spraw organizacyjnych zwi\u0105zanych z uzyskaniem przez uczni\u00f3w karty rowerowej kieruje szko\u0142a.<\/span><\/p>\n<p><span style=\"color: #000000;\"><strong>Komisja egzaminacyjna sporz\u0105dza protok\u00f3\u0142 przeprowadzonego egzaminu<\/strong>\u00a0<strong>i do\u0142\u0105cza do niego w formie za\u0142\u0105cznik\u00f3w arkusze zalicze\u0144 ubiegaj\u0105cego si\u0119 o kart\u0119 rowerow\u0105.<\/strong><\/span><\/p>\n<h6><span style=\"color: #000000;\">Zagadnienia do opracowania na Egzamin teoretyczny z Karty Rowerowej:<br \/>\n<\/span><br \/>\n<span style=\"color: #ff0000;\"><a style=\"color: #ff0000;\" href=\"https:\/\/zsp14gliwice.pl\/sp28\/wp-content\/uploads\/2025\/03\/Zagadnienia-do-karty-rowerowej.pdf\">Zagadnienia do karty rowerowej<\/a><\/span><\/h6>\n<h6><strong><a style=\"color: #ff0000;\" href=\"https:\/\/zsp14gliwice.pl\/sp28\/wp-content\/uploads\/2026\/03\/Klucz-odpowiedzi-Pytania-do-karty-rowerowej.pdf\">Klucz odpowiedzi Pytania do karty rowerowej<\/a><\/strong><\/h6>\n<p>&nbsp;<\/p>\n<p>&nbsp;<\/p>\n<p><span style=\"color: #ff0000;\">PRZYDATNE LINKI:<\/span><\/p>\n<p><span style=\"color: #ff0000;\"><a style=\"color: #ff0000;\" href=\"https:\/\/kartarowerowa.net.pl\/\">https:\/\/kartarowerowa.net.pl\/<\/a><\/span><\/p>\n<p><span style=\"color: #000000;\">Hulajnoga Elektryczna:<\/span> <span style=\"color: #ff0000;\">https:\/\/www.youtube.com\/watch?v=9wFdnjMB1_A&amp;t=29s<\/span><\/p>\n<p>&nbsp;<\/p>\n<!-- WP Attachments -->\r\n        <div style=\"width:100%;margin:10px 0 10px 0;\">\r\n            <h3>Za\u0142\u0105czniki<\/h3>\r\n        <ul class=\"post-attachments\"><li class=\"post-attachment mime-application-pdf\"><a href=\"https:\/\/zsp14gliwice.pl\/sp28\/wp-content\/uploads\/2021\/01\/Arkusz-zaliczen-ucznia.pdf\">Arkusz zalicze\u0144 ucznia<\/a> <small>(48 kB)<\/small><\/li><li class=\"post-attachment mime-application-pdf\"><a href=\"https:\/\/zsp14gliwice.pl\/sp28\/wp-content\/uploads\/2026\/03\/Klucz-odpowiedzi-Pytania-do-karty-rowerowej.pdf\">Klucz odpowiedzi Pytania do karty rowerowej<\/a> <small>(97 kB)<\/small><\/li><li class=\"post-attachment mime-application-pdf\"><a href=\"https:\/\/zsp14gliwice.pl\/sp28\/wp-content\/uploads\/2025\/03\/Zagadnienia-do-karty-rowerowej.pdf\">Zagadnienia do karty rowerowej<\/a> <small>(18 MB)<\/small><\/li><\/ul><\/div>","protected":false},"excerpt":{"rendered":"<p>Procedura ubiegania si\u0119 o kart\u0119 rowerow\u0105 w ZSP nr 14 w Gliwicach Zgodnie z ustaw\u0105 z dnia 20 czerwca 1997r.\u00a0Prawo o ruchu drogowym\u00a0(Dz. U. z 2005r.Nr 108, poz. 908) kart\u0119 rowerow\u0105 lub motorowerow\u0105 mo\u017ce uzyska\u0107 osoba, kt\u00f3ra wykaza\u0142a si\u0119 niezb\u0119dnymi kwalifikacjami i osi\u0105gn\u0119\u0142a wymagany wiek: 10 lat w przypadku karty rowerowej i 13 lat w przypadku karty motorowerowej. Zgodnie z &#8230; <\/p>\n<div><a href=\"https:\/\/zsp14gliwice.pl\/sp28\/karta-rowerowa\/\" class=\"more-link\">Read More<\/a><\/div>\n","protected":false},"author":2,"featured_media":0,"parent":0,"menu_order":0,"comment_status":"closed","ping_status":"closed","template":"","meta":{"footnotes":""},"class_list":["post-651","page","type-page","status-publish","hentry","no-post-thumbnail"],"_links":{"self":[{"href":"https:\/\/zsp14gliwice.pl\/sp28\/wp-json\/wp\/v2\/pages\/651"}],"collection":[{"href":"https:\/\/zsp14gliwice.pl\/sp28\/wp-json\/wp\/v2\/pages"}],"about":[{"href":"https:\/\/zsp14gliwice.pl\/sp28\/wp-json\/wp\/v2\/types\/page"}],"author":[{"embeddable":true,"href":"https:\/\/zsp14gliwice.pl\/sp28\/wp-json\/wp\/v2\/users\/2"}],"replies":[{"embeddable":true,"href":"https:\/\/zsp14gliwice.pl\/sp28\/wp-json\/wp\/v2\/comments?post=651"}],"version-history":[{"count":11,"href":"https:\/\/zsp14gliwice.pl\/sp28\/wp-json\/wp\/v2\/pages\/651\/revisions"}],"predecessor-version":[{"id":5066,"href":"https:\/\/zsp14gliwice.pl\/sp28\/wp-json\/wp\/v2\/pages\/651\/revisions\/5066"}],"wp:attachment":[{"href":"https:\/\/zsp14gliwice.pl\/sp28\/wp-json\/wp\/v2\/media?parent=651"}],"curies":[{"name":"wp","href":"https:\/\/api.w.org\/{rel}","templated":true}]}}