{"id":646,"date":"2020-04-16T14:54:28","date_gmt":"2020-04-16T14:54:28","guid":{"rendered":"http:\/\/zsp14gliwice.pl\/sp28\/?page_id=646"},"modified":"2025-10-17T10:02:21","modified_gmt":"2025-10-17T10:02:21","slug":"samorzad-szkolny","status":"publish","type":"page","link":"https:\/\/zsp14gliwice.pl\/sp28\/samorzad-szkolny\/","title":{"rendered":"Samorz\u0105d Szkolny"},"content":{"rendered":"<h5>Samorz\u0105d Szkolny Szko\u0142y Podstawowej nr 28 w Gliwicach zosta\u0142 powo\u0142any na mocy demokratycznych wybor\u00f3w. Powo\u0142ani cz\u0142onkowie reprezentuj\u0105 ca\u0142\u0105 spo\u0142eczno\u015b\u0107 uczniowsk\u0105. Propozycje dzia\u0142a\u0144 i postulaty s\u0105 dyskutowane w obecno\u015bci opiekuna Samorz\u0105du, mgr Aleksandra Popiel &#8211; Kruk, zarz\u0105du Samorz\u0105du Szkolnego oraz samorz\u0105d\u00f3w klasowych. Nast\u0119pnie zostaj\u0105 przekazane do rozpatrzenia Dyrekcji szko\u0142y. Zebrania Samorz\u0105du odbywaj\u0105 si\u0119 w zale\u017cno\u015bci od potrzeb, najcz\u0119\u015bciej raz w miesi\u0105cu.<\/h5>\n<h6><span style=\"color: #3366ff;\">Natalia Samborowska &#8211; przewodnicz\u0105ca<\/span><\/h6>\n<h6><span style=\"color: #3366ff;\">Nastazja Kurz\u0105tek &#8211; 1. zast\u0119pca przewodnicz\u0105cej<\/span><\/h6>\n<h6><span style=\"color: #3366ff;\">Jagoda Kaiser &#8211; 2. zast\u0119pca przewodnicz\u0105cej<\/span><\/h6>\n<p>&nbsp;<\/p>\n<h6><span style=\"color: #ff0000;\"><a style=\"color: #ff0000;\" href=\"http:\/\/zsp14gliwice.pl\/sp28\/wp-content\/uploads\/2020\/04\/Dzia\u0142ania-Samorz\u0105du-Szkolnego.pdf\">Dzia\u0142ania Samorz\u0105du Szkolnego<\/a><\/span><\/h6>\n<h6><a href=\"http:\/\/zsp14gliwice.pl\/sp28\/wp-content\/uploads\/2020\/04\/Regulamin-Samorz\u0105du-Uczniowskiego.pdf\"><span style=\"color: #ff0000;\">Regulamin Samorz\u0105du Uczniowskiego<\/span><\/a><\/h6>\n","protected":false},"excerpt":{"rendered":"<p>Samorz\u0105d Szkolny Szko\u0142y Podstawowej nr 28 w Gliwicach zosta\u0142 powo\u0142any na mocy demokratycznych wybor\u00f3w. Powo\u0142ani cz\u0142onkowie reprezentuj\u0105 ca\u0142\u0105 spo\u0142eczno\u015b\u0107 uczniowsk\u0105. Propozycje dzia\u0142a\u0144 i postulaty s\u0105 dyskutowane w obecno\u015bci opiekuna Samorz\u0105du, mgr Aleksandra Popiel &#8211; Kruk, zarz\u0105du Samorz\u0105du Szkolnego oraz samorz\u0105d\u00f3w klasowych. Nast\u0119pnie zostaj\u0105 przekazane do rozpatrzenia Dyrekcji szko\u0142y. Zebrania Samorz\u0105du odbywaj\u0105 si\u0119 w zale\u017cno\u015bci od potrzeb, najcz\u0119\u015bciej raz w miesi\u0105cu. &#8230; <\/p>\n<div><a href=\"https:\/\/zsp14gliwice.pl\/sp28\/samorzad-szkolny\/\" class=\"more-link\">Read More<\/a><\/div>\n","protected":false},"author":2,"featured_media":0,"parent":0,"menu_order":0,"comment_status":"closed","ping_status":"closed","template":"","meta":{"footnotes":""},"class_list":["post-646","page","type-page","status-publish","hentry","no-post-thumbnail"],"_links":{"self":[{"href":"https:\/\/zsp14gliwice.pl\/sp28\/wp-json\/wp\/v2\/pages\/646"}],"collection":[{"href":"https:\/\/zsp14gliwice.pl\/sp28\/wp-json\/wp\/v2\/pages"}],"about":[{"href":"https:\/\/zsp14gliwice.pl\/sp28\/wp-json\/wp\/v2\/types\/page"}],"author":[{"embeddable":true,"href":"https:\/\/zsp14gliwice.pl\/sp28\/wp-json\/wp\/v2\/users\/2"}],"replies":[{"embeddable":true,"href":"https:\/\/zsp14gliwice.pl\/sp28\/wp-json\/wp\/v2\/comments?post=646"}],"version-history":[{"count":12,"href":"https:\/\/zsp14gliwice.pl\/sp28\/wp-json\/wp\/v2\/pages\/646\/revisions"}],"predecessor-version":[{"id":1189,"href":"https:\/\/zsp14gliwice.pl\/sp28\/wp-json\/wp\/v2\/pages\/646\/revisions\/1189"}],"wp:attachment":[{"href":"https:\/\/zsp14gliwice.pl\/sp28\/wp-json\/wp\/v2\/media?parent=646"}],"curies":[{"name":"wp","href":"https:\/\/api.w.org\/{rel}","templated":true}]}}