{"id":640,"date":"2020-04-16T14:48:34","date_gmt":"2020-04-16T14:48:34","guid":{"rendered":"http:\/\/zsp14gliwice.pl\/sp28\/?page_id=640"},"modified":"2020-06-19T07:43:51","modified_gmt":"2020-06-19T07:43:51","slug":"certyfikaty","status":"publish","type":"page","link":"https:\/\/zsp14gliwice.pl\/sp28\/certyfikaty\/","title":{"rendered":"Certyfikaty"},"content":{"rendered":"<p><span style=\"color: #000000;\"><strong>NAZWY PROGRAM\u00d3W ZA KT\u00d3RE OTRZYMALI\u015aMY CERTYFIKAT<\/strong><\/span><\/p>\n<p><span style=\"color: #000000;\">\u2022 <strong>Szko\u0142a z Klas\u0105<\/strong> &#8211; kompleksowy program rozwoju szko\u0142y,<\/span><br \/>\n<span style=\"color: #000000;\">\u2022 <strong>Przyjazna Szko\u0142a<\/strong> &#8211; tworzenie przyjaznej atmosfery i warunk\u00f3w rozwoju dla uczni\u00f3w oraz nauczycieli,<\/span><br \/>\n<span style=\"color: #000000;\">\u2022 <strong>Lepsza Szko\u0142a<\/strong> &#8211; Og\u00f3lnopolski Projekt Edukacyjny poszerzaj\u0105cy ofert\u0119 edukacyjn\u0105 szko\u0142y,<\/span><br \/>\n<span style=\"color: #000000;\">\u2022 <strong>Szko\u0142a \u0141owc\u00f3w Talent\u00f3w<\/strong> &#8211; rozwijanie talent\u00f3w i zainteresowa\u0144 uczni\u00f3w oraz wysokich osi\u0105gni\u0119\u0107 w og\u00f3lnopolskich konkursach przedmiotowych,<\/span><br \/>\n<span style=\"color: #000000;\">\u2022 <strong>Szko\u0142a Odkrywc\u00f3w Talent\u00f3w<\/strong> &#8211; kompleksowy system pracy z uczniem zdolnym,<\/span><br \/>\n<span style=\"color: #000000;\">\u2022 <strong>Mistrzowie Kodowania<\/strong> &#8211; program edukacyjny promuj\u0105cy nauk\u0119 programowania w\u015br\u00f3d dzieci i m\u0142odzie\u017cy,<\/span><br \/>\n<span style=\"color: #000000;\">\u2022 <strong>Szko\u0142a Mistrz\u00f3w Programowania: \u201ePixBlocks\u201d<\/strong> &#8211; og\u00f3lnopolska akcja rozwijaj\u0105ca umiej\u0119tno\u015bci programowania,<\/span><br \/>\n<span style=\"color: #000000;\">\u2022 <strong>Szko\u0142a gotowa na TIK<\/strong> &#8211; program edukacyjny, podnosz\u0105cy jako\u015b\u0107 nauczania i uczenia si\u0119 przy wykorzystaniu technologii informatycznej i komputerowej,<\/span><br \/>\n<span style=\"color: #000000;\">\u2022 <strong>Bezpieczniki TAURONA<\/strong> &#8211; W\u0141\u0104CZ dla dobra dziecka &#8211; program edukacyjny pod patronatem Ministra Edukacji Narodowej, kt\u00f3rego najwa\u017cniejszym celem jest<\/span><br \/>\n<span style=\"color: #000000;\">przekazanie dzieciom zasad bezpiecznego korzystania z urz\u0105dze\u0144 elektrycznych,<\/span><br \/>\n<span style=\"color: #000000;\">\u2022 <strong>Akademia Odkrywcy im. Tony Halika<\/strong> &#8211; program edukacji spo\u0142eczno- przyrodniczej,<\/span><br \/>\n<span style=\"color: #000000;\">\u2022 <strong>Dove Self &#8211; Esteem<\/strong> &#8211; Budowanie pozytywnej samooceny &#8211; program obj\u0119ty Honorowym Patronatem Rzecznika Praw Dziecka.<\/span><br \/>\n<span style=\"color: #000000;\">\u2022 <strong>Og\u00f3lnopolski sprawdzian kompetencji trzecioklasist\u00f3w.<\/strong><\/span><\/p>\n<p>&nbsp;<\/p>\n","protected":false},"excerpt":{"rendered":"<p>NAZWY PROGRAM\u00d3W ZA KT\u00d3RE OTRZYMALI\u015aMY CERTYFIKAT \u2022 Szko\u0142a z Klas\u0105 &#8211; kompleksowy program rozwoju szko\u0142y, \u2022 Przyjazna Szko\u0142a &#8211; tworzenie przyjaznej atmosfery i warunk\u00f3w rozwoju dla uczni\u00f3w oraz nauczycieli, \u2022 Lepsza Szko\u0142a &#8211; Og\u00f3lnopolski Projekt Edukacyjny poszerzaj\u0105cy ofert\u0119 edukacyjn\u0105 szko\u0142y, \u2022 Szko\u0142a \u0141owc\u00f3w Talent\u00f3w &#8211; rozwijanie talent\u00f3w i zainteresowa\u0144 uczni\u00f3w oraz wysokich osi\u0105gni\u0119\u0107 w og\u00f3lnopolskich konkursach przedmiotowych, \u2022 Szko\u0142a Odkrywc\u00f3w &#8230; <\/p>\n<div><a href=\"https:\/\/zsp14gliwice.pl\/sp28\/certyfikaty\/\" class=\"more-link\">Read More<\/a><\/div>\n","protected":false},"author":2,"featured_media":0,"parent":0,"menu_order":0,"comment_status":"closed","ping_status":"closed","template":"","meta":{"footnotes":""},"class_list":["post-640","page","type-page","status-publish","hentry","no-post-thumbnail"],"_links":{"self":[{"href":"https:\/\/zsp14gliwice.pl\/sp28\/wp-json\/wp\/v2\/pages\/640"}],"collection":[{"href":"https:\/\/zsp14gliwice.pl\/sp28\/wp-json\/wp\/v2\/pages"}],"about":[{"href":"https:\/\/zsp14gliwice.pl\/sp28\/wp-json\/wp\/v2\/types\/page"}],"author":[{"embeddable":true,"href":"https:\/\/zsp14gliwice.pl\/sp28\/wp-json\/wp\/v2\/users\/2"}],"replies":[{"embeddable":true,"href":"https:\/\/zsp14gliwice.pl\/sp28\/wp-json\/wp\/v2\/comments?post=640"}],"version-history":[{"count":3,"href":"https:\/\/zsp14gliwice.pl\/sp28\/wp-json\/wp\/v2\/pages\/640\/revisions"}],"predecessor-version":[{"id":1000,"href":"https:\/\/zsp14gliwice.pl\/sp28\/wp-json\/wp\/v2\/pages\/640\/revisions\/1000"}],"wp:attachment":[{"href":"https:\/\/zsp14gliwice.pl\/sp28\/wp-json\/wp\/v2\/media?parent=640"}],"curies":[{"name":"wp","href":"https:\/\/api.w.org\/{rel}","templated":true}]}}