{"id":623,"date":"2020-04-16T14:33:19","date_gmt":"2020-04-16T14:33:19","guid":{"rendered":"http:\/\/zsp14gliwice.pl\/sp28\/?page_id=623"},"modified":"2020-06-19T07:42:28","modified_gmt":"2020-06-19T07:42:28","slug":"hymn-szkoly","status":"publish","type":"page","link":"https:\/\/zsp14gliwice.pl\/sp28\/hymn-szkoly\/","title":{"rendered":"Hymn Szko\u0142y"},"content":{"rendered":"<p><span style=\"color: #000000;\"><strong>S\u0142owa &#8211; Marzanna Pietruszka \u2013 \u0141\u00f3j<\/strong><\/span><br \/>\n<span style=\"color: #000000;\"><strong>Muzyka -Brygida Kalisz<\/strong><\/span><\/p>\n<h5><span style=\"color: #000000;\">wersja szkolna<\/span><\/h5>\n<h3><span style=\"color: #000000;\">Szkolna superrodzina<\/span><\/h3>\n<p><span style=\"color: #000000;\"><strong>Ref.<\/strong><\/span><br \/>\n<span style=\"color: #000000;\">Tworzymy jedn\u0105 szkoln\u0105 dru\u017cyn\u0119<\/span><br \/>\n<span style=\"color: #000000;\">Od siedmiolatk\u00f3w po \u00f3sm\u0105 klas\u0119<\/span><br \/>\n<span style=\"color: #000000;\">Wspania\u0142\u0105 zgran\u0105 superrodzin\u0119,<\/span><br \/>\n<span style=\"color: #000000;\">Gdzie ka\u017cdy ucze\u0144 pragnie by\u0107 asem.<\/span><\/p>\n<p><span style=\"color: #000000;\"><strong>1.<\/strong><\/span><br \/>\n<span style=\"color: #000000;\">Szko\u0142a to nie tylko jest nauka,<\/span><br \/>\n<span style=\"color: #000000;\">To przyjaciele, wsp\u00f3lna zabawa,<\/span><br \/>\n<span style=\"color: #000000;\">Rozmowy, wycieczki, sport i sztuka &#8230;<\/span><br \/>\n<span style=\"color: #000000;\">Przyznajmy to po prostu \u015bwietna sprawa.<\/span><\/p>\n<p><span style=\"color: #000000;\"><strong>Ref.<\/strong><\/span><br \/>\n<span style=\"color: #000000;\">Dwudziesta \u00f3sma szko\u0142a w Gliwicach<\/span><br \/>\n<span style=\"color: #000000;\">Pierwsza jest zawsze w ka\u017cdej dziedzinie.<\/span><br \/>\n<span style=\"color: #000000;\">\u201eTo szko\u0142a z klas\u0105! &#8211; s\u0142ycha\u0107 na ulicach &#8211;<\/span><br \/>\n<span style=\"color: #000000;\">Z poziomu oraz kultury s\u0142ynie\u201d.<\/span><\/p>\n<p><span style=\"color: #000000;\"><strong>2.<\/strong><\/span><br \/>\n<span style=\"color: #000000;\">Witold Budryk jest patronem szko\u0142y,<\/span><br \/>\n<span style=\"color: #000000;\">To dla nas wszystkich du\u017ce wyzwanie.<\/span><br \/>\n<span style=\"color: #000000;\">U\u015bmiechni\u0119ty, radosny, weso\u0142y<\/span><br \/>\n<span style=\"color: #000000;\">I ka\u017cdy mistrzem tu w czym\u015b pozostanie.<\/span><\/p>\n<p><span style=\"color: #000000;\"><strong>Ref.<\/strong><\/span><br \/>\n<span style=\"color: #000000;\">Gliwice, Polsko, Europo, \u015bwiecie<\/span><br \/>\n<span style=\"color: #000000;\">O naszej wielko\u015bci si\u0119 dowiecie!<\/span><br \/>\n<span style=\"color: #000000;\">Pi\u0119kne marzenia ludzi spe\u0142nimy,<\/span><br \/>\n<span style=\"color: #000000;\">Po to si\u0119 przecie\u017c pilnie uczymy. bis<\/span><\/p>\n","protected":false},"excerpt":{"rendered":"<p>S\u0142owa &#8211; Marzanna Pietruszka \u2013 \u0141\u00f3j Muzyka -Brygida Kalisz wersja szkolna Szkolna superrodzina Ref. Tworzymy jedn\u0105 szkoln\u0105 dru\u017cyn\u0119 Od siedmiolatk\u00f3w po \u00f3sm\u0105 klas\u0119 Wspania\u0142\u0105 zgran\u0105 superrodzin\u0119, Gdzie ka\u017cdy ucze\u0144 pragnie by\u0107 asem. 1. Szko\u0142a to nie tylko jest nauka, To przyjaciele, wsp\u00f3lna zabawa, Rozmowy, wycieczki, sport i sztuka &#8230; Przyznajmy to po prostu \u015bwietna sprawa. Ref. Dwudziesta \u00f3sma szko\u0142a w &#8230; <\/p>\n<div><a href=\"https:\/\/zsp14gliwice.pl\/sp28\/hymn-szkoly\/\" class=\"more-link\">Read More<\/a><\/div>\n","protected":false},"author":2,"featured_media":0,"parent":0,"menu_order":0,"comment_status":"closed","ping_status":"closed","template":"","meta":{"footnotes":""},"class_list":["post-623","page","type-page","status-publish","hentry","no-post-thumbnail"],"_links":{"self":[{"href":"https:\/\/zsp14gliwice.pl\/sp28\/wp-json\/wp\/v2\/pages\/623"}],"collection":[{"href":"https:\/\/zsp14gliwice.pl\/sp28\/wp-json\/wp\/v2\/pages"}],"about":[{"href":"https:\/\/zsp14gliwice.pl\/sp28\/wp-json\/wp\/v2\/types\/page"}],"author":[{"embeddable":true,"href":"https:\/\/zsp14gliwice.pl\/sp28\/wp-json\/wp\/v2\/users\/2"}],"replies":[{"embeddable":true,"href":"https:\/\/zsp14gliwice.pl\/sp28\/wp-json\/wp\/v2\/comments?post=623"}],"version-history":[{"count":3,"href":"https:\/\/zsp14gliwice.pl\/sp28\/wp-json\/wp\/v2\/pages\/623\/revisions"}],"predecessor-version":[{"id":999,"href":"https:\/\/zsp14gliwice.pl\/sp28\/wp-json\/wp\/v2\/pages\/623\/revisions\/999"}],"wp:attachment":[{"href":"https:\/\/zsp14gliwice.pl\/sp28\/wp-json\/wp\/v2\/media?parent=623"}],"curies":[{"name":"wp","href":"https:\/\/api.w.org\/{rel}","templated":true}]}}