{"id":520,"date":"2020-04-10T06:23:15","date_gmt":"2020-04-10T06:23:15","guid":{"rendered":"http:\/\/zsp14gliwice.pl\/sp28\/?page_id=520"},"modified":"2020-08-31T11:48:57","modified_gmt":"2020-08-31T11:48:57","slug":"dlaczego-sp28","status":"publish","type":"page","link":"https:\/\/zsp14gliwice.pl\/sp28\/dlaczego-sp28\/","title":{"rendered":"Dlaczego SP28?"},"content":{"rendered":"<div class=\"wpb-content-wrapper\">[vc_row parallax=&#8221;content-moving&#8221; parallax_image=&#8221;523&#8243;][vc_column][vc_column_text css=&#8221;.vc_custom_1586500222856{padding-top: 8% !important;padding-bottom: 8% !important;}&#8221;]\n<h1 style=\"text-align: center;\"><span style=\"color: #ffffff;\">Dlaczego SP28?<\/span><\/h1>\n[\/vc_column_text][\/vc_column][\/vc_row][vc_row][vc_column css_animation=&#8221;fadeInUp&#8221; width=&#8221;1\/2&#8243; css=&#8221;.vc_custom_1586507174484{padding-top: 8% !important;padding-right: 14% !important;padding-bottom: 8% !important;padding-left: 14% !important;}&#8221;][vc_column_text]\n<h2 style=\"text-align: center;\"><strong>LOKALIZACJA<\/strong><\/h2>\n<p>Nasza szko\u0142a mie\u015bci si\u0119 w centrum miasta i stanowi wa\u017cny element \u015br\u00f3dmiejskiego krajobrazu. Niedaleko naszej plac\u00f3wki po\u0142o\u017cone s\u0105: miejski dom kultury, kina, muzea, szko\u0142y j\u0119zykowe i wiele innych obiekt\u00f3w.<\/p>\n<p>Do naszej szko\u0142y \u0142atwo dojecha\u0107 nawet z ko\u0144ca \u015bwiata &#x1f60a; &#8211; blisko szko\u0142y znajduj\u0105 si\u0119 przystanki wielu linii autobusowych!<\/p>\n<p>&nbsp;<\/p>\n<h5 style=\"text-align: center;\">Zobacz jak do nas dojecha\u0107<\/h5>\n<p style=\"text-align: center;\"><a  class=\"x-btn x-btn-transparent x-btn-rounded x-btn-large\"  href=\"https:\/\/www.google.pl\/maps\/place\/Szko%C5%82a+Podstawowa+nr+28\/@50.293402,18.6699886,17z\/data=!3m1!4b1!4m5!3m4!1s0x471130ff1be1498f:0x34685a67d45e900c!8m2!3d50.293402!4d18.6721773\" title=\"Nasza szko\u0142a\"    data-options=\"thumbnail: ''\"><span style=\"color: #ff9900;\">Nasza szko\u0142a<\/span><\/a>\n[\/vc_column_text][\/vc_column][vc_column css_animation=&#8221;fadeInRight&#8221; width=&#8221;1\/2&#8243;][vc_single_image image=&#8221;526&#8243; img_size=&#8221;full&#8221; alignment=&#8221;center&#8221; css_animation=&#8221;fadeInRight&#8221;][\/vc_column][\/vc_row][vc_row][vc_column css_animation=&#8221;fadeInUp&#8221; width=&#8221;1\/2&#8243;][vc_images_carousel images=&#8221;545,544,541,543,542&#8243; img_size=&#8221;full&#8221; onclick=&#8221;link_no&#8221; autoplay=&#8221;yes&#8221; hide_pagination_control=&#8221;yes&#8221; wrap=&#8221;yes&#8221;][\/vc_column][vc_column width=&#8221;1\/2&#8243; css=&#8221;.vc_custom_1586507184139{padding-top: 8% !important;padding-right: 14% !important;padding-bottom: 8% !important;padding-left: 14% !important;}&#8221;][vc_column_text]\n<h2 style=\"text-align: center;\"><strong>BAZA LOKALOWA<\/strong><\/h2>\n<p><strong>Baz\u0119 szko\u0142y stanowi\u0105: <\/strong><\/p>\n<ul id=\"\" class=\"x-ul-icons\" style=\"\" > <li id=\"\" class=\"x-li-icon\" style=\"\" ><i class=\"x-icon-check\" aria-hidden=\"true\" style=\"\" data-x-icon-s=\"&#xf00c;\" ><\/i>sale lekcyjne wyposa\u017cone w tablice multimedialne,<\/li> <li id=\"\" class=\"x-li-icon\" style=\"\" ><i class=\"x-icon-check\" aria-hidden=\"true\" style=\"\" data-x-icon-s=\"&#xf00c;\" ><\/i>pracownie komputerowe,<\/li><li id=\"\" class=\"x-li-icon\" style=\"\" ><i class=\"x-icon-check\" aria-hidden=\"true\" style=\"\" data-x-icon-s=\"&#xf00c;\" ><\/i>pracownia chemiczno-fizyczna,<\/li> <li id=\"\" class=\"x-li-icon\" style=\"\" ><i class=\"x-icon-check\" aria-hidden=\"true\" style=\"\" data-x-icon-s=\"&#xf00c;\" ><\/i>basen,<\/li><li id=\"\" class=\"x-li-icon\" style=\"\" ><i class=\"x-icon-check\" aria-hidden=\"true\" style=\"\" data-x-icon-s=\"&#xf00c;\" ><\/i>boisko do pi\u0142ki no\u017cnej, koszyk\u00f3wki,<\/li><li id=\"\" class=\"x-li-icon\" style=\"\" ><i class=\"x-icon-check\" aria-hidden=\"true\" style=\"\" data-x-icon-s=\"&#xf00c;\" ><\/i>bie\u017cnia,<\/li><li id=\"\" class=\"x-li-icon\" style=\"\" ><i class=\"x-icon-check\" aria-hidden=\"true\" style=\"\" data-x-icon-s=\"&#xf00c;\" ><\/i>plac zabaw dla najm\u0142odszych uczni\u00f3w,<\/li><li id=\"\" class=\"x-li-icon\" style=\"\" ><i class=\"x-icon-check\" aria-hidden=\"true\" style=\"\" data-x-icon-s=\"&#xf00c;\" ><\/i>biblioteka,<\/li><li id=\"\" class=\"x-li-icon\" style=\"\" ><i class=\"x-icon-check\" aria-hidden=\"true\" style=\"\" data-x-icon-s=\"&#xf00c;\" ><\/i>\u015bwietlica,<\/li><li id=\"\" class=\"x-li-icon\" style=\"\" ><i class=\"x-icon-check\" aria-hidden=\"true\" style=\"\" data-x-icon-s=\"&#xf00c;\" ><\/i>sto\u0142\u00f3wka,<\/li><li id=\"\" class=\"x-li-icon\" style=\"\" ><i class=\"x-icon-check\" aria-hidden=\"true\" style=\"\" data-x-icon-s=\"&#xf00c;\" ><\/i>szafki dla ka\u017cdego ucznia.<\/li><\/ul>[\/vc_column_text][\/vc_column][\/vc_row][vc_row][vc_column css_animation=&#8221;fadeInUp&#8221; width=&#8221;1\/2&#8243; css=&#8221;.vc_custom_1586507109849{padding-top: 10% !important;padding-right: 14% !important;padding-bottom: 4% !important;padding-left: 14% !important;}&#8221;][vc_column_text]\n<h2 style=\"text-align: center;\"><strong>BASEN<\/strong><\/h2>\n<p><strong>Stawiamy na sport! <\/strong><\/p>\n<i  class=\"x-icon x-icon-check-square-o\" data-x-icon-s=\"&#xf14a;\" aria-hidden=\"true\"><\/i> Uczniowie wszystkich klas, dwa razy w tygodniu, korzystaj\u0105 z zaj\u0119\u0107 na basenie w ramach realizacji godzin wychowania fizycznego.<\/p>\n<i  class=\"x-icon x-icon-check-square-o\" data-x-icon-s=\"&#xf14a;\" aria-hidden=\"true\"><\/i> W szkole realizujemy program nauki p\u0142ywania: Nauka i doskonalenie technik p\u0142ywackich.<\/p>\n<i  class=\"x-icon x-icon-check-square-o\" data-x-icon-s=\"&#xf14a;\" aria-hidden=\"true\"><\/i> Klasy sportowe optymalnie \u0142\u0105cz\u0105 wzmo\u017con\u0105 aktywno\u015b\u0107 ruchow\u0105 z nauk\u0105.<\/p>\n<i  class=\"x-icon x-icon-check-square-o\" data-x-icon-s=\"&#xf14a;\" aria-hidden=\"true\"><\/i> Dotychczasowi wychowankowie tych klas wielokrotnie odnosili sukcesy i na polu wiedzy i sportu.[\/vc_column_text][\/vc_column][vc_column css_animation=&#8221;fadeInRight&#8221; width=&#8221;1\/2&#8243;][vc_images_carousel images=&#8221;551,552,553,554&#8243; img_size=&#8221;full&#8221; onclick=&#8221;link_no&#8221; autoplay=&#8221;yes&#8221; hide_pagination_control=&#8221;yes&#8221; wrap=&#8221;yes&#8221;][\/vc_column][\/vc_row][vc_row][vc_column css_animation=&#8221;fadeInLeft&#8221; width=&#8221;1\/2&#8243;][vc_single_image image=&#8221;561&#8243; img_size=&#8221;full&#8221; alignment=&#8221;center&#8221; css_animation=&#8221;fadeInRightBig&#8221;][\/vc_column][vc_column css_animation=&#8221;fadeInUp&#8221; width=&#8221;1\/2&#8243; css=&#8221;.vc_custom_1586509821407{padding-top: 8% !important;padding-right: 14% !important;padding-bottom: 8% !important;padding-left: 14% !important;}&#8221;][vc_column_text]\n<h2 style=\"text-align: center;\"><strong>J\u0118ZYKI OBCE<\/strong><\/h2>\n<p>&nbsp;<\/p>\n<p style=\"text-align: center;\"><strong>Stawiamy tak\u017ce na nauk\u0119 j\u0119zyk\u00f3w obcych!<\/strong><\/p>\n<p>&nbsp;<\/p>\n<p>W naszej szkole od pierwszej klasy uczymy j\u0119zyka angielskiego, a niemieckiego lub hiszpa\u0144skiego jako drugiego j\u0119zyka od klasy si\u00f3dmej.<\/p>\n<p>&nbsp;<\/p>\n<p>&nbsp;<\/p>\n[\/vc_column_text][\/vc_column][\/vc_row][vc_row][vc_column css_animation=&#8221;fadeInUp&#8221; width=&#8221;1\/2&#8243; css=&#8221;.vc_custom_1586507561604{padding-top: 6% !important;padding-right: 14% !important;padding-bottom: 4% !important;padding-left: 14% !important;}&#8221;][vc_column_text]\n<h2 style=\"text-align: center;\"><strong>ZAJ\u0118CIA POZALEKCYJNE<\/strong><\/h2>\n<p><strong>Proponujemy bogat\u0105 ofert\u0119 zaj\u0119\u0107 pozalekcyjnych: <\/strong><\/p>\n<i  class=\"x-icon x-icon-check-square-o\" data-x-icon-s=\"&#xf14a;\" aria-hidden=\"true\"><\/i> k\u00f3\u0142ka przedmiotowe,<\/p>\n<i  class=\"x-icon x-icon-check-square-o\" data-x-icon-s=\"&#xf14a;\" aria-hidden=\"true\"><\/i> k\u00f3\u0142ko teatralne,<\/p>\n<i  class=\"x-icon x-icon-check-square-o\" data-x-icon-s=\"&#xf14a;\" aria-hidden=\"true\"><\/i> k\u00f3\u0142ko literackie,<\/p>\n<i  class=\"x-icon x-icon-check-square-o\" data-x-icon-s=\"&#xf14a;\" aria-hidden=\"true\"><\/i> k\u00f3\u0142ko turystyczno \u2013 krajoznawcze,<\/p>\n<i  class=\"x-icon x-icon-check-square-o\" data-x-icon-s=\"&#xf14a;\" aria-hidden=\"true\"><\/i> zaj\u0119cia komputerowe,<\/p>\n<i  class=\"x-icon x-icon-check-square-o\" data-x-icon-s=\"&#xf14a;\" aria-hidden=\"true\"><\/i> ch\u00f3r,<\/p>\n<i  class=\"x-icon x-icon-check-square-o\" data-x-icon-s=\"&#xf14a;\" aria-hidden=\"true\"><\/i> zaj\u0119cia taneczne ( cheerleaderki).<\/p>\n<p>Wydajemy tak\u017ce szkoln\u0105 gazetk\u0119 \u201eTrajkotk\u0119\u201d. W\u0142\u0105czamy si\u0119 tak\u017ce w liczne projekty i programy edukacyjne: matematyczno-przyrodnicze, humanistyczne, profilaktyczne, m.in. Z nauk\u0105 za pan brat, Trzymaj form\u0119, Zachowaj Trze\u017awy Umys\u0142.[\/vc_column_text][\/vc_column][vc_column css_animation=&#8221;fadeInRight&#8221; width=&#8221;1\/2&#8243;][vc_single_image image=&#8221;567&#8243; img_size=&#8221;full&#8221; alignment=&#8221;center&#8221;][\/vc_column][\/vc_row][vc_row][vc_column css_animation=&#8221;fadeInLeft&#8221; width=&#8221;1\/2&#8243;][vc_single_image image=&#8221;543&#8243; img_size=&#8221;full&#8221; alignment=&#8221;center&#8221; css_animation=&#8221;none&#8221;][\/vc_column][vc_column css_animation=&#8221;fadeInUp&#8221; width=&#8221;1\/2&#8243; css=&#8221;.vc_custom_1586509828069{padding-top: 8% !important;padding-right: 14% !important;padding-bottom: 8% !important;padding-left: 14% !important;}&#8221;][vc_column_text]\n<h2 style=\"text-align: center;\"><strong>KLASY DWUJ\u0118ZYCZNE<\/strong><\/h2>\n<p>&nbsp;<\/p>\n<p>W naszej szkole uczniowie klas si\u00f3dmych i \u00f3smych maj\u0105 mo\u017cliwo\u015b\u0107 uczenia si\u0119 w klasach dwuj\u0119zycznych. W j\u0119zyku angielskim prowadzone s\u0105 zaj\u0119cia z dw\u00f3ch wybranych przedmiot\u00f3w.[\/vc_column_text][\/vc_column][\/vc_row][vc_row][vc_column css_animation=&#8221;fadeInUp&#8221; width=&#8221;1\/2&#8243; css=&#8221;.vc_custom_1586507561604{padding-top: 6% !important;padding-right: 14% !important;padding-bottom: 4% !important;padding-left: 14% !important;}&#8221;][vc_column_text]\n<h2 style=\"text-align: center;\"><strong>IMPREZY \u015aRODOWISKOWE ORAZ KONKURSY<\/strong><\/h2>\n<p><strong>Organizujemy cykliczne imprezy \u015brodowiskowe oraz konkursy: <\/strong><\/p>\n<i  class=\"x-icon x-icon-check-square-o\" data-x-icon-s=\"&#xf14a;\" aria-hidden=\"true\"><\/i> Koncert charytatywny<\/p>\n<i  class=\"x-icon x-icon-check-square-o\" data-x-icon-s=\"&#xf14a;\" aria-hidden=\"true\"><\/i> Piknik rodzinny<\/p>\n<i  class=\"x-icon x-icon-check-square-o\" data-x-icon-s=\"&#xf14a;\" aria-hidden=\"true\"><\/i> Dzie\u0144 \u015al\u0105ski<\/p>\n<i  class=\"x-icon x-icon-check-square-o\" data-x-icon-s=\"&#xf14a;\" aria-hidden=\"true\"><\/i> Weekend z kultur\u0105<\/p>\n<i  class=\"x-icon x-icon-check-square-o\" data-x-icon-s=\"&#xf14a;\" aria-hidden=\"true\"><\/i> Bezpieczny Pierwszak<\/p>\n<i  class=\"x-icon x-icon-check-square-o\" data-x-icon-s=\"&#xf14a;\" aria-hidden=\"true\"><\/i> Miejski Konkurs Kol\u0119d i Pastora\u0142ek<\/p>\n<i  class=\"x-icon x-icon-check-square-o\" data-x-icon-s=\"&#xf14a;\" aria-hidden=\"true\"><\/i> Szkolny Konkurs Humanistyczny \u201eKlasa z Klas\u0105\u201d<\/p>\n[\/vc_column_text][\/vc_column][vc_column css_animation=&#8221;fadeInRight&#8221; width=&#8221;1\/2&#8243;][vc_images_carousel images=&#8221;573,574,575&#8243; img_size=&#8221;full&#8221;][\/vc_column][\/vc_row][vc_row][vc_column css_animation=&#8221;fadeInUp&#8221; width=&#8221;1\/2&#8243;][vc_single_image image=&#8221;578&#8243; img_size=&#8221;full&#8221;][\/vc_column][vc_column css_animation=&#8221;fadeInUp&#8221; width=&#8221;1\/2&#8243; css=&#8221;.vc_custom_1586509834071{padding-top: 8% !important;padding-right: 14% !important;padding-bottom: 8% !important;padding-left: 14% !important;}&#8221;][vc_column_text]\n<h2 style=\"text-align: center;\"><strong>SUKCESY UCZNI\u00d3W<\/strong><\/h2>\n<p>&nbsp;<\/p>\n<p>Szczeg\u00f3lny nacisk k\u0142adziemy na jako\u015b\u0107 kszta\u0142cenia, co od lat przek\u0142ada si\u0119 na doskona\u0142e wyniki oraz osi\u0105gni\u0119cia uczni\u00f3w w konkursach wiedzowych i zawodach sportowych o zasi\u0119gu powiatowym, wojew\u00f3dzkim i og\u00f3lnopolskim.<\/p>\n<p>Nasi absolwenci kontynuuj\u0105 nauk\u0119 wiod\u0105cych w naszym mie\u015bcie i nie tylko szko\u0142ach \u015brednich, osi\u0105gaj\u0105c bardzo dobre wyniki nauczania i wiele sukces\u00f3w.[\/vc_column_text][\/vc_column][\/vc_row][vc_row][vc_column css_animation=&#8221;fadeInUp&#8221; width=&#8221;1\/2&#8243; css=&#8221;.vc_custom_1586507561604{padding-top: 6% !important;padding-right: 14% !important;padding-bottom: 4% !important;padding-left: 14% !important;}&#8221;][vc_column_text]\n<h2 style=\"text-align: center;\"><strong>A poza tym\u2026<\/strong><\/h2>\n<p>&nbsp;<\/p>\n<p>&nbsp;<\/p>\n<p>\u2026nasza szko\u0142a to plac\u00f3wka z ponad pi\u0119\u0107dziesi\u0119cioletni\u0105 tradycj\u0105, kt\u00f3ra \u015bmia\u0142o patrzy w przysz\u0142o\u015b\u0107.<br \/>\nW mi\u0142ej, przyjaznej atmosferze, pod okiem kompetentnych nauczycieli nasi uczniowie zdobywaj\u0105 wiedz\u0119 i umiej\u0119tno\u015bci umo\u017cliwiaj\u0105ce wszechstronny rozw\u00f3j ich osobowo\u015bci.[\/vc_column_text][\/vc_column][vc_column css_animation=&#8221;fadeInRight&#8221; width=&#8221;1\/2&#8243;][vc_single_image image=&#8221;582&#8243; img_size=&#8221;full&#8221; alignment=&#8221;center&#8221;][\/vc_column][\/vc_row]\n<\/div>","protected":false},"excerpt":{"rendered":"<p>[vc_row parallax=&#8221;content-moving&#8221; parallax_image=&#8221;523&#8243;][vc_column][vc_column_text css=&#8221;.vc_custom_1586500222856{padding-top: 8% !important;padding-bottom: 8% !important;}&#8221;] Dlaczego SP28? [\/vc_column_text][\/vc_column][\/vc_row][vc_row][vc_column css_animation=&#8221;fadeInUp&#8221; width=&#8221;1\/2&#8243; css=&#8221;.vc_custom_1586507174484{padding-top: 8% !important;padding-right: 14% !important;padding-bottom: 8% !important;padding-left: 14% !important;}&#8221;][vc_column_text] LOKALIZACJA Nasza szko\u0142a mie\u015bci si\u0119 w centrum miasta i stanowi wa\u017cny element \u015br\u00f3dmiejskiego krajobrazu. Niedaleko naszej plac\u00f3wki po\u0142o\u017cone s\u0105: miejski dom kultury, kina, muzea, szko\u0142y j\u0119zykowe i wiele innych obiekt\u00f3w. Do naszej szko\u0142y \u0142atwo dojecha\u0107 nawet z ko\u0144ca &#8230; <\/p>\n<div><a href=\"https:\/\/zsp14gliwice.pl\/sp28\/dlaczego-sp28\/\" class=\"more-link\">Read More<\/a><\/div>\n","protected":false},"author":1,"featured_media":0,"parent":0,"menu_order":0,"comment_status":"closed","ping_status":"closed","template":"template-blank-4.php","meta":{"footnotes":""},"class_list":["post-520","page","type-page","status-publish","hentry","no-post-thumbnail"],"_links":{"self":[{"href":"https:\/\/zsp14gliwice.pl\/sp28\/wp-json\/wp\/v2\/pages\/520"}],"collection":[{"href":"https:\/\/zsp14gliwice.pl\/sp28\/wp-json\/wp\/v2\/pages"}],"about":[{"href":"https:\/\/zsp14gliwice.pl\/sp28\/wp-json\/wp\/v2\/types\/page"}],"author":[{"embeddable":true,"href":"https:\/\/zsp14gliwice.pl\/sp28\/wp-json\/wp\/v2\/users\/1"}],"replies":[{"embeddable":true,"href":"https:\/\/zsp14gliwice.pl\/sp28\/wp-json\/wp\/v2\/comments?post=520"}],"version-history":[{"count":49,"href":"https:\/\/zsp14gliwice.pl\/sp28\/wp-json\/wp\/v2\/pages\/520\/revisions"}],"predecessor-version":[{"id":1175,"href":"https:\/\/zsp14gliwice.pl\/sp28\/wp-json\/wp\/v2\/pages\/520\/revisions\/1175"}],"wp:attachment":[{"href":"https:\/\/zsp14gliwice.pl\/sp28\/wp-json\/wp\/v2\/media?parent=520"}],"curies":[{"name":"wp","href":"https:\/\/api.w.org\/{rel}","templated":true}]}}