{"id":485,"date":"2020-04-07T20:59:45","date_gmt":"2020-04-07T20:59:45","guid":{"rendered":"http:\/\/zsp14gliwice.pl\/sp28\/?page_id=485"},"modified":"2020-06-19T07:41:40","modified_gmt":"2020-06-19T07:41:40","slug":"patron-szkoly","status":"publish","type":"page","link":"https:\/\/zsp14gliwice.pl\/sp28\/patron-szkoly\/","title":{"rendered":"Patron Szko\u0142y"},"content":{"rendered":"<p><span style=\"color: #000000;\"><strong><em>PATRON SZKO\u0141Y<br \/>\nWITOLD BUDRYK<br \/>\n<img loading=\"lazy\" decoding=\"async\" class=\"size-full wp-image-486 alignright\" src=\"http:\/\/zsp14gliwice.pl\/sp28\/wp-content\/uploads\/2020\/04\/Witold-Budryk.jpg\" alt=\"\" width=\"192\" height=\"256\" srcset=\"https:\/\/zsp14gliwice.pl\/sp28\/wp-content\/uploads\/2020\/04\/Witold-Budryk.jpg 192w, https:\/\/zsp14gliwice.pl\/sp28\/wp-content\/uploads\/2020\/04\/Witold-Budryk-100x133.jpg 100w\" sizes=\"(max-width: 192px) 100vw, 192px\" \/><br \/>\n<\/em><\/strong><strong>Prof. dr hab. in\u017c. <\/strong><strong>Witold Budryk by\u0142 znanym w kraju i na \u015bwiecie autorytetem w dziedzinie g\u00f3rnictwa<\/strong>. Swoj\u0105 prac\u0105 naukow\u0105 i badawcz\u0105 odda\u0142 szczeg\u00f3lne zas\u0142ugi polskiemu przemys\u0142owi g\u00f3rniczemu, a co za tym idzie ca\u0142emu regionowi \u015al\u0105ska.<\/span><\/p>\n<p><span style=\"color: #000000;\">Urodzi\u0142 si\u0119 8 lutego 1891 roku w Bia\u0142ymstoku.<\/span><br \/>\n<span style=\"color: #000000;\">W latach 1908-1914 studiowa\u0142 w Instytucie G\u00f3rniczym w Petersburgu. Jego nauk\u0119 przerwa\u0142 wybuch I wojny \u015bwiatowej. Wtedy to rozpocz\u0105\u0142 swoj\u0105 pierwsz\u0105 prac\u0119 w g\u00f3rnictwie, w kopalniach: Milowice, Mortimer i Niwka. W 1917 roku podj\u0105\u0142 studia na Wydziale In\u017cynierii Dr\u00f3g, Kolei i Most\u00f3w w Szkole Politechnicznej we Lwowie , w latach 1919-1922 kontynuowa\u0142 nauk\u0119 na Wydziale In\u017cynierii L\u0105dowej Politechniki Warszawskiej. Od 1922 roku by\u0142 s\u0142uchaczem na Wydziale G\u00f3rniczym Akademii G\u00f3rniczej w Krakowie, gdzie w 1924 roku uzyska\u0142 dyplom in\u017cyniera.<\/span><br \/>\n<span style=\"color: #000000;\">Po zako\u0144czeniu studi\u00f3w podj\u0105\u0142 prac\u0119 na stanowisku kierownika rob\u00f3t g\u00f3rniczych w kopalni Modrzej\u00f3w w Sosnowcu, prowadz\u0105c jednocze\u015bnie dzia\u0142alno\u015b\u0107 naukow\u0105.<\/span><br \/>\n<span style=\"color: #000000;\">W 1928 roku jako pierwszy w Polsce uzyska\u0142 stopie\u0144 doktora nauk technicznych z zakresu g\u00f3rnictwa na Wydziale G\u00f3rniczym Akademii G\u00f3rniczej w Krakowie. W 1930 roku zosta\u0142 mianowany profesorem nadzwyczajnym, a w 1937 \u2013 profesorem zwyczajnym. Od roku 1936 do 1939 pe\u0142ni\u0142 funkcj\u0119 dziekana Wydzia\u0142u G\u00f3rniczego.<\/span><br \/>\n<span style=\"color: #000000;\">W czasie okupacji, 6 listopada 1939 roku wraz z\u00a0 profesorami Uniwersytetu Jagiello\u0144skiego i Akademii G\u00f3rniczej zosta\u0142 aresztowany i wi\u0119ziony w obozach koncentracyjnych w Sachsenhausen i Oranienburgu do lutego 1940 roku.<\/span><br \/>\n<span style=\"color: #000000;\">Po wojnie wiele uwagi po\u015bwi\u0119ci\u0142 \u00a0reaktywowaniu Wydzia\u0142u G\u00f3rniczego Akademii G\u00f3rniczej, pe\u0142ni\u0105c obowi\u0105zki dziekana w latach 1945-1948. W 1956 roku zosta\u0142 wybrany rektorem Akademii G\u00f3rniczo-Hutniczej i funkcj\u0119 t\u0119 sprawowa\u0142 do ko\u0144ca \u017cycia.<\/span><br \/>\n<span style=\"color: #000000;\">Mimo wielu zaj\u0119\u0107 wynikaj\u0105cych z pe\u0142nionych obowi\u0105zk\u00f3w intensywnie prowadzi\u0142 \u00a0swoje prace naukowe. By\u0142 autorem ok. 120 publikacji z dziedzin g\u00f3rnictwa i przer\u00f3bki mechanicznej. Wszystkie dotycz\u0105 \u00a0zagadnie\u0144 niezwykle u\u017cytecznych dla praktyki g\u00f3rniczej.<\/span><br \/>\n<span style=\"color: #000000;\">Uznaniem jego zas\u0142ug by\u0142y liczne nagrody i wyr\u00f3\u017cnienia, mi\u0119dzy innymi: Krzy\u017c Komandorski Orderu Odrodzenia Polski, Order Sztandaru Pracy I klasy, tytu\u0142 Zas\u0142u\u017conego G\u00f3rnika Polski Ludowej, Z\u0142oty Krzy\u017c Zas\u0142ugi, Medal Zwyci\u0119stwa i Wolno\u015bci, Medal 10-lecia Polski Ludowej, Z\u0142ota Odznaka Honorowa.<\/span><br \/>\n<span style=\"color: #000000;\">Zmar\u0142 18 listopada 1958 roku w Krakowie, zosta\u0142 pochowany w Alei Zas\u0142u\u017conych Cmentarza Rakowickiego.<\/span><br \/>\n<span style=\"color: #000000;\">O tym, \u017ce prof. Witold Budryk pozostaje do dzi\u015b wielkim autorytetem naukowym i etycznym \u015bwiadcz\u0105 nazwane jego imieniem ulice, osiedla, kopalnie i szko\u0142y, w\u015br\u00f3d nich nasza plac\u00f3wka, kt\u00f3ra dnia 19 lipca 1964 roku przyj\u0119\u0142a imi\u0119 zas\u0142u\u017conego polskiego naukowca.<\/span><\/p>\n","protected":false},"excerpt":{"rendered":"<p>PATRON SZKO\u0141Y WITOLD BUDRYK Prof. dr hab. in\u017c. Witold Budryk by\u0142 znanym w kraju i na \u015bwiecie autorytetem w dziedzinie g\u00f3rnictwa. Swoj\u0105 prac\u0105 naukow\u0105 i badawcz\u0105 odda\u0142 szczeg\u00f3lne zas\u0142ugi polskiemu przemys\u0142owi g\u00f3rniczemu, a co za tym idzie ca\u0142emu regionowi \u015al\u0105ska. Urodzi\u0142 si\u0119 8 lutego 1891 roku w Bia\u0142ymstoku. W latach 1908-1914 studiowa\u0142 w Instytucie G\u00f3rniczym w Petersburgu. Jego nauk\u0119 przerwa\u0142 &#8230; <\/p>\n<div><a href=\"https:\/\/zsp14gliwice.pl\/sp28\/patron-szkoly\/\" class=\"more-link\">Read More<\/a><\/div>\n","protected":false},"author":2,"featured_media":0,"parent":0,"menu_order":0,"comment_status":"closed","ping_status":"closed","template":"","meta":{"footnotes":""},"class_list":["post-485","page","type-page","status-publish","hentry","no-post-thumbnail"],"_links":{"self":[{"href":"https:\/\/zsp14gliwice.pl\/sp28\/wp-json\/wp\/v2\/pages\/485"}],"collection":[{"href":"https:\/\/zsp14gliwice.pl\/sp28\/wp-json\/wp\/v2\/pages"}],"about":[{"href":"https:\/\/zsp14gliwice.pl\/sp28\/wp-json\/wp\/v2\/types\/page"}],"author":[{"embeddable":true,"href":"https:\/\/zsp14gliwice.pl\/sp28\/wp-json\/wp\/v2\/users\/2"}],"replies":[{"embeddable":true,"href":"https:\/\/zsp14gliwice.pl\/sp28\/wp-json\/wp\/v2\/comments?post=485"}],"version-history":[{"count":2,"href":"https:\/\/zsp14gliwice.pl\/sp28\/wp-json\/wp\/v2\/pages\/485\/revisions"}],"predecessor-version":[{"id":998,"href":"https:\/\/zsp14gliwice.pl\/sp28\/wp-json\/wp\/v2\/pages\/485\/revisions\/998"}],"wp:attachment":[{"href":"https:\/\/zsp14gliwice.pl\/sp28\/wp-json\/wp\/v2\/media?parent=485"}],"curies":[{"name":"wp","href":"https:\/\/api.w.org\/{rel}","templated":true}]}}