{"id":438,"date":"2020-04-07T19:23:09","date_gmt":"2020-04-07T19:23:09","guid":{"rendered":"http:\/\/zsp14gliwice.pl\/sp28\/?page_id=438"},"modified":"2020-06-19T07:49:05","modified_gmt":"2020-06-19T07:49:05","slug":"opieka-zdrowotna","status":"publish","type":"page","link":"https:\/\/zsp14gliwice.pl\/sp28\/opieka-zdrowotna\/","title":{"rendered":"Opieka zdrowotna"},"content":{"rendered":"\r\n<p><span style=\"color: #000000;\">Informacje dotycz\u0105ce opieki zdrowotnej znajduj\u0105 si\u0119 w za\u0142\u0105cznikach<\/span><\/p>\r\n<!-- WP Attachments -->\r\n        <div style=\"width:100%;margin:10px 0 10px 0;\">\r\n            <h3>Za\u0142\u0105czniki<\/h3>\r\n        <ul class=\"post-attachments\"><li class=\"post-attachment mime-application-pdf\"><a href=\"https:\/\/zsp14gliwice.pl\/sp28\/wp-content\/uploads\/2020\/04\/Informacja-dla-rodzic\u00f3w-i-uczni\u00f3w.pdf\">Informacja dla rodzic\u00f3w i uczni\u00f3w<\/a> <small>(107 kB)<\/small><\/li><li class=\"post-attachment mime-application-pdf\"><a href=\"https:\/\/zsp14gliwice.pl\/sp28\/wp-content\/uploads\/2020\/04\/Sprzeciw-Rodzica.pdf\">Sprzeciw Rodzica<\/a> <small>(154 kB)<\/small><\/li><li class=\"post-attachment mime-application-pdf\"><a href=\"https:\/\/zsp14gliwice.pl\/sp28\/wp-content\/uploads\/2020\/04\/Ulotka-Dentinal.pdf\">Ulotka Dentinal<\/a> <small>(253 kB)<\/small><\/li><\/ul><\/div>","protected":false},"excerpt":{"rendered":"<p>Informacje dotycz\u0105ce opieki zdrowotnej znajduj\u0105 si\u0119 w za\u0142\u0105cznikach Za\u0142\u0105czniki Informacja dla rodzic\u00f3w i uczni\u00f3w (107 kB) Sprzeciw Rodzica (154 kB) Ulotka Dentinal (253 kB)<\/p>\n","protected":false},"author":2,"featured_media":0,"parent":0,"menu_order":0,"comment_status":"closed","ping_status":"closed","template":"","meta":{"footnotes":""},"class_list":["post-438","page","type-page","status-publish","hentry","no-post-thumbnail"],"_links":{"self":[{"href":"https:\/\/zsp14gliwice.pl\/sp28\/wp-json\/wp\/v2\/pages\/438"}],"collection":[{"href":"https:\/\/zsp14gliwice.pl\/sp28\/wp-json\/wp\/v2\/pages"}],"about":[{"href":"https:\/\/zsp14gliwice.pl\/sp28\/wp-json\/wp\/v2\/types\/page"}],"author":[{"embeddable":true,"href":"https:\/\/zsp14gliwice.pl\/sp28\/wp-json\/wp\/v2\/users\/2"}],"replies":[{"embeddable":true,"href":"https:\/\/zsp14gliwice.pl\/sp28\/wp-json\/wp\/v2\/comments?post=438"}],"version-history":[{"count":3,"href":"https:\/\/zsp14gliwice.pl\/sp28\/wp-json\/wp\/v2\/pages\/438\/revisions"}],"predecessor-version":[{"id":1004,"href":"https:\/\/zsp14gliwice.pl\/sp28\/wp-json\/wp\/v2\/pages\/438\/revisions\/1004"}],"wp:attachment":[{"href":"https:\/\/zsp14gliwice.pl\/sp28\/wp-json\/wp\/v2\/media?parent=438"}],"curies":[{"name":"wp","href":"https:\/\/api.w.org\/{rel}","templated":true}]}}