{"id":3898,"date":"2023-03-09T09:20:07","date_gmt":"2023-03-09T09:20:07","guid":{"rendered":"https:\/\/zsp14gliwice.pl\/sp28\/?page_id=3898"},"modified":"2025-09-19T07:26:13","modified_gmt":"2025-09-19T07:26:13","slug":"klasy-plywackie","status":"publish","type":"page","link":"https:\/\/zsp14gliwice.pl\/sp28\/klasy-plywackie\/","title":{"rendered":"Klasy p\u0142ywackie"},"content":{"rendered":"<h5>P\u0142ywackie Klasy Sportowe funkcjonuj\u0105 w Szkole Podstawowej nr 28 w Gliwicach od 2006 roku. Pomys\u0142 ich stworzenie by\u0142 pomys\u0142em pionierskim w naszym mie\u015bcie. Corocznie do 2016 roku otwierany by\u0142 jeden oddzia\u0142 klasy profilowanej. Po dwuletniej przerwie, w 2019 roku powsta\u0142a kolejna sportowa klasa p\u0142ywacka, kt\u00f3ra zaj\u0119cia kierunkowe realizuje w trybie trzyletnim. Koordynatorem sportowych klas p\u0142ywackich funkcjonuj\u0105cych w naszej plac\u00f3wce jest pani Aleksandra Witkowska \u2013 trener p\u0142ywania.<\/h5>\n<h2 style=\"text-align: center;\"><a href=\"https:\/\/zsp14gliwice.pl\/sp28\/wp-content\/uploads\/2025\/09\/Klasy-sportowe-informacje-wszystkie-roczniki-klas-do-2026.pdf\"><span style=\"color: #ff0000;\">&#8211;&gt;Klasy sportowe wszystkie informacje&lt;&#8211;<\/span><\/a><\/h2>\n<p>&nbsp;<\/p>\n<div class=\"x-resp-embed x-is-video x-is-youtube\"><iframe loading=\"lazy\" title=\"Klasy p\u0142ywackie - zapraszamy\" width=\"923\" height=\"519\" src=\"https:\/\/www.youtube.com\/embed\/iDj7cO1o1L0?feature=oembed\" frameborder=\"0\" allow=\"accelerometer; autoplay; clipboard-write; encrypted-media; gyroscope; picture-in-picture; web-share\" referrerpolicy=\"strict-origin-when-cross-origin\" allowfullscreen><\/iframe><\/div>\n<p>&nbsp;<\/p>\n","protected":false},"excerpt":{"rendered":"<p>P\u0142ywackie Klasy Sportowe funkcjonuj\u0105 w Szkole Podstawowej nr 28 w Gliwicach od 2006 roku. Pomys\u0142 ich stworzenie by\u0142 pomys\u0142em pionierskim w naszym mie\u015bcie. Corocznie do 2016 roku otwierany by\u0142 jeden oddzia\u0142 klasy profilowanej. Po dwuletniej przerwie, w 2019 roku powsta\u0142a kolejna sportowa klasa p\u0142ywacka, kt\u00f3ra zaj\u0119cia kierunkowe realizuje w trybie trzyletnim. Koordynatorem sportowych klas p\u0142ywackich funkcjonuj\u0105cych w naszej plac\u00f3wce jest &#8230; <\/p>\n<div><a href=\"https:\/\/zsp14gliwice.pl\/sp28\/klasy-plywackie\/\" class=\"more-link\">Read More<\/a><\/div>\n","protected":false},"author":2,"featured_media":0,"parent":0,"menu_order":0,"comment_status":"closed","ping_status":"closed","template":"","meta":{"footnotes":""},"class_list":["post-3898","page","type-page","status-publish","hentry","no-post-thumbnail"],"_links":{"self":[{"href":"https:\/\/zsp14gliwice.pl\/sp28\/wp-json\/wp\/v2\/pages\/3898"}],"collection":[{"href":"https:\/\/zsp14gliwice.pl\/sp28\/wp-json\/wp\/v2\/pages"}],"about":[{"href":"https:\/\/zsp14gliwice.pl\/sp28\/wp-json\/wp\/v2\/types\/page"}],"author":[{"embeddable":true,"href":"https:\/\/zsp14gliwice.pl\/sp28\/wp-json\/wp\/v2\/users\/2"}],"replies":[{"embeddable":true,"href":"https:\/\/zsp14gliwice.pl\/sp28\/wp-json\/wp\/v2\/comments?post=3898"}],"version-history":[{"count":14,"href":"https:\/\/zsp14gliwice.pl\/sp28\/wp-json\/wp\/v2\/pages\/3898\/revisions"}],"predecessor-version":[{"id":5339,"href":"https:\/\/zsp14gliwice.pl\/sp28\/wp-json\/wp\/v2\/pages\/3898\/revisions\/5339"}],"wp:attachment":[{"href":"https:\/\/zsp14gliwice.pl\/sp28\/wp-json\/wp\/v2\/media?parent=3898"}],"curies":[{"name":"wp","href":"https:\/\/api.w.org\/{rel}","templated":true}]}}