{"id":3160,"date":"2022-04-19T11:35:56","date_gmt":"2022-04-19T11:35:56","guid":{"rendered":"https:\/\/zsp14gliwice.pl\/sp28\/?page_id=3160"},"modified":"2026-03-31T06:30:49","modified_gmt":"2026-03-31T06:30:49","slug":"basen","status":"publish","type":"page","link":"https:\/\/zsp14gliwice.pl\/sp28\/basen\/","title":{"rendered":"Basen"},"content":{"rendered":"<h5><\/h5>\n<h5 style=\"text-align: left;\"><span style=\"color: #808000;\"><strong>KOMUNIKAT<br \/>\n<\/strong><\/span><span style=\"color: #808000;\"><strong>w sprawie jako\u015bci wody na p\u0142ywalni Szko\u0142y Podstawowej nr 28\u00a0w Gliwicach<\/strong><\/span><\/h5>\n<p style=\"text-align: left;\"><span style=\"color: #000000;\"><strong>Na podstawie \u00a0Rozporz\u0105dzenia Ministra Zdrowia z dnia 10 maja 2022 r. w sprawie wymaga\u0144 jakim powinna odpowiada\u0107 woda na p\u0142ywalniach (Dz.U.2022, poz. 1230) informujemy, \u017ce zgodnie z wynikami bada\u0144 z dnia 30.03.2026 r.\u00a0 wykonanych przez akredytowane laboratorium oraz przez codzienn\u0105 analiz\u0119 parametr\u00f3w, woda doprowadzana do niecki<br \/>\n<\/strong><\/span><strong><span style=\"color: #000000;\">z systemu cyrkulacji oraz \u00a0woda w niecce basenowej<\/span><br \/>\n<span style=\"color: #808000;\">spe\u0142nia wymagania<\/span><\/strong><strong><span style=\"color: #808000;\"> \u00a0<\/span><span style=\"color: #000000;\">mikrobiologicznego i fizykochemicznego okre\u015blonego w wy\u017cej wymienionym rozporz\u0105dzeniu.<\/span><\/strong><\/p>\n<p><a href=\"https:\/\/zsp14gliwice.pl\/sp28\/wp-content\/uploads\/2022\/04\/Minka.jpg\"><img loading=\"lazy\" decoding=\"async\" class=\"size-medium wp-image-3166\" title=\"Minka\" src=\"https:\/\/zsp14gliwice.pl\/sp28\/wp-content\/uploads\/2022\/04\/Minka-300x173.jpg\" alt=\"Minka\" width=\"300\" height=\"173\" srcset=\"https:\/\/zsp14gliwice.pl\/sp28\/wp-content\/uploads\/2022\/04\/Minka-300x173.jpg 300w, https:\/\/zsp14gliwice.pl\/sp28\/wp-content\/uploads\/2022\/04\/Minka-100x58.jpg 100w, https:\/\/zsp14gliwice.pl\/sp28\/wp-content\/uploads\/2022\/04\/Minka.jpg 623w\" sizes=\"(max-width: 300px) 100vw, 300px\" \/><\/a><\/p>\n<h5><span style=\"color: #ff0000;\"><a style=\"color: #ff0000;\" href=\"https:\/\/zsp14gliwice.pl\/sp28\/wp-content\/uploads\/2026\/03\/Sprawozdanie-z-badan-wody-nr-08194-ZL-26.pdf\">Sprawozdanie z bada\u0144 wody nr 08194-ZL-26<\/a><\/span><\/h5>\n<h5><span style=\"color: #ff0000;\"><a href=\"https:\/\/zsp14gliwice.pl\/sp28\/wp-content\/uploads\/2026\/03\/Zbiorcza-roczna-ocena-wody-na-plywalni-za-rok-2025.pdf\"><span style=\"color: #ff0000;\">Zbiorcza roczna ocena wody na p\u0142ywalni za rok 2025<\/span><\/a><\/span><\/h5>\n<h5><\/h5>\n<p>&nbsp;<\/p>\n","protected":false},"excerpt":{"rendered":"<p>KOMUNIKAT w sprawie jako\u015bci wody na p\u0142ywalni Szko\u0142y Podstawowej nr 28\u00a0w Gliwicach Na podstawie \u00a0Rozporz\u0105dzenia Ministra Zdrowia z dnia 10 maja 2022 r. w sprawie wymaga\u0144 jakim powinna odpowiada\u0107 woda na p\u0142ywalniach (Dz.U.2022, poz. 1230) informujemy, \u017ce zgodnie z wynikami bada\u0144 z dnia 30.03.2026 r.\u00a0 wykonanych przez akredytowane laboratorium oraz przez codzienn\u0105 analiz\u0119 parametr\u00f3w, woda doprowadzana do niecki z systemu &#8230; <\/p>\n<div><a href=\"https:\/\/zsp14gliwice.pl\/sp28\/basen\/\" class=\"more-link\">Read More<\/a><\/div>\n","protected":false},"author":1,"featured_media":0,"parent":0,"menu_order":0,"comment_status":"closed","ping_status":"closed","template":"template-blank-1.php","meta":{"footnotes":""},"class_list":["post-3160","page","type-page","status-publish","hentry","no-post-thumbnail"],"_links":{"self":[{"href":"https:\/\/zsp14gliwice.pl\/sp28\/wp-json\/wp\/v2\/pages\/3160"}],"collection":[{"href":"https:\/\/zsp14gliwice.pl\/sp28\/wp-json\/wp\/v2\/pages"}],"about":[{"href":"https:\/\/zsp14gliwice.pl\/sp28\/wp-json\/wp\/v2\/types\/page"}],"author":[{"embeddable":true,"href":"https:\/\/zsp14gliwice.pl\/sp28\/wp-json\/wp\/v2\/users\/1"}],"replies":[{"embeddable":true,"href":"https:\/\/zsp14gliwice.pl\/sp28\/wp-json\/wp\/v2\/comments?post=3160"}],"version-history":[{"count":51,"href":"https:\/\/zsp14gliwice.pl\/sp28\/wp-json\/wp\/v2\/pages\/3160\/revisions"}],"predecessor-version":[{"id":5611,"href":"https:\/\/zsp14gliwice.pl\/sp28\/wp-json\/wp\/v2\/pages\/3160\/revisions\/5611"}],"wp:attachment":[{"href":"https:\/\/zsp14gliwice.pl\/sp28\/wp-json\/wp\/v2\/media?parent=3160"}],"curies":[{"name":"wp","href":"https:\/\/api.w.org\/{rel}","templated":true}]}}