{"id":258,"date":"2020-03-31T14:24:25","date_gmt":"2020-03-31T14:24:25","guid":{"rendered":"http:\/\/zsp14gliwice.pl\/sp28\/?page_id=258"},"modified":"2021-01-28T09:21:39","modified_gmt":"2021-01-28T09:21:39","slug":"historia-szkoly","status":"publish","type":"page","link":"https:\/\/zsp14gliwice.pl\/sp28\/historia-szkoly\/","title":{"rendered":"Historia szko\u0142y"},"content":{"rendered":"<p style=\"text-align: center;\"><a href=\"http:\/\/zsp14gliwice.pl\/sp28\/wp-content\/uploads\/2021\/01\/szkola-1.jpeg\"><img loading=\"lazy\" decoding=\"async\" class=\"size-medium wp-image-1857 aligncenter\" src=\"http:\/\/zsp14gliwice.pl\/sp28\/wp-content\/uploads\/2021\/01\/szkola-1-300x179.jpeg\" alt=\"\" width=\"300\" height=\"179\" srcset=\"https:\/\/zsp14gliwice.pl\/sp28\/wp-content\/uploads\/2021\/01\/szkola-1-300x179.jpeg 300w, https:\/\/zsp14gliwice.pl\/sp28\/wp-content\/uploads\/2021\/01\/szkola-1-100x60.jpeg 100w, https:\/\/zsp14gliwice.pl\/sp28\/wp-content\/uploads\/2021\/01\/szkola-1.jpeg 600w\" sizes=\"(max-width: 300px) 100vw, 300px\" \/><\/a><\/p>\n<p style=\"text-align: center;\"><span style=\"color: #000000;\">Budynek szko\u0142y w trakcie realizacji. 30 kwietnia 1963r. nast\u0105pi\u0142o wmurowanie aktu elekcyjnego.<\/span><\/p>\n<p><a href=\"http:\/\/zsp14gliwice.pl\/sp28\/wp-content\/uploads\/2021\/01\/szkola-2.jpeg\"><img loading=\"lazy\" decoding=\"async\" class=\"size-medium wp-image-1856 aligncenter\" src=\"http:\/\/zsp14gliwice.pl\/sp28\/wp-content\/uploads\/2021\/01\/szkola-2-300x206.jpeg\" alt=\"\" width=\"300\" height=\"206\" srcset=\"https:\/\/zsp14gliwice.pl\/sp28\/wp-content\/uploads\/2021\/01\/szkola-2-300x206.jpeg 300w, https:\/\/zsp14gliwice.pl\/sp28\/wp-content\/uploads\/2021\/01\/szkola-2-100x69.jpeg 100w, https:\/\/zsp14gliwice.pl\/sp28\/wp-content\/uploads\/2021\/01\/szkola-2.jpeg 565w\" sizes=\"(max-width: 300px) 100vw, 300px\" \/><\/a><\/p>\n<p style=\"text-align: center;\"><span style=\"color: #000000;\">Rok 1988 Gliwice ul. Kuczewskiego 4 (obecnie Strzody) SP nr 28 Pomnik 1000 &#8211; lecia.<\/span><\/p>\n<p><a href=\"http:\/\/zsp14gliwice.pl\/sp28\/wp-content\/uploads\/2021\/01\/szkola-3.jpeg\"><img loading=\"lazy\" decoding=\"async\" class=\"size-medium wp-image-1855 aligncenter\" src=\"http:\/\/zsp14gliwice.pl\/sp28\/wp-content\/uploads\/2021\/01\/szkola-3-300x208.jpeg\" alt=\"\" width=\"300\" height=\"208\" srcset=\"https:\/\/zsp14gliwice.pl\/sp28\/wp-content\/uploads\/2021\/01\/szkola-3-300x208.jpeg 300w, https:\/\/zsp14gliwice.pl\/sp28\/wp-content\/uploads\/2021\/01\/szkola-3-100x69.jpeg 100w, https:\/\/zsp14gliwice.pl\/sp28\/wp-content\/uploads\/2021\/01\/szkola-3.jpeg 542w\" sizes=\"(max-width: 300px) 100vw, 300px\" \/><\/a><\/p>\n<p style=\"text-align: center;\"><span style=\"color: #000000;\">Rok 1967 &#8211; 1972 Gliwice Szko\u0142a Podstawowa nr 28<\/span><\/p>\n<p><a href=\"http:\/\/zsp14gliwice.pl\/sp28\/wp-content\/uploads\/2021\/01\/szkola-4.jpeg\"><img loading=\"lazy\" decoding=\"async\" class=\"size-medium wp-image-1854 aligncenter\" src=\"http:\/\/zsp14gliwice.pl\/sp28\/wp-content\/uploads\/2021\/01\/szkola-4-224x300.jpeg\" alt=\"\" width=\"224\" height=\"300\" srcset=\"https:\/\/zsp14gliwice.pl\/sp28\/wp-content\/uploads\/2021\/01\/szkola-4-224x300.jpeg 224w, https:\/\/zsp14gliwice.pl\/sp28\/wp-content\/uploads\/2021\/01\/szkola-4-100x134.jpeg 100w, https:\/\/zsp14gliwice.pl\/sp28\/wp-content\/uploads\/2021\/01\/szkola-4.jpeg 425w\" sizes=\"(max-width: 224px) 100vw, 224px\" \/><\/a><\/p>\n<p style=\"text-align: center;\"><span style=\"color: #000000;\">Widok wewn\u0119trzny g\u0142\u00f3wnej\u00a0 klatki schodowej,<\/span><br \/>\n<span style=\"color: #000000;\">sala gimnastyczna w latach 60,<\/span><br \/>\n<span style=\"color: #000000;\">gabinet dyrektora szko\u0142y w latach 60.<\/span><\/p>\n","protected":false},"excerpt":{"rendered":"<p>Budynek szko\u0142y w trakcie realizacji. 30 kwietnia 1963r. nast\u0105pi\u0142o wmurowanie aktu elekcyjnego. Rok 1988 Gliwice ul. Kuczewskiego 4 (obecnie Strzody) SP nr 28 Pomnik 1000 &#8211; lecia. Rok 1967 &#8211; 1972 Gliwice Szko\u0142a Podstawowa nr 28 Widok wewn\u0119trzny g\u0142\u00f3wnej\u00a0 klatki schodowej, sala gimnastyczna w latach 60, gabinet dyrektora szko\u0142y w latach 60.<\/p>\n","protected":false},"author":1,"featured_media":0,"parent":0,"menu_order":0,"comment_status":"closed","ping_status":"closed","template":"","meta":{"footnotes":""},"class_list":["post-258","page","type-page","status-publish","hentry","no-post-thumbnail"],"_links":{"self":[{"href":"https:\/\/zsp14gliwice.pl\/sp28\/wp-json\/wp\/v2\/pages\/258"}],"collection":[{"href":"https:\/\/zsp14gliwice.pl\/sp28\/wp-json\/wp\/v2\/pages"}],"about":[{"href":"https:\/\/zsp14gliwice.pl\/sp28\/wp-json\/wp\/v2\/types\/page"}],"author":[{"embeddable":true,"href":"https:\/\/zsp14gliwice.pl\/sp28\/wp-json\/wp\/v2\/users\/1"}],"replies":[{"embeddable":true,"href":"https:\/\/zsp14gliwice.pl\/sp28\/wp-json\/wp\/v2\/comments?post=258"}],"version-history":[{"count":4,"href":"https:\/\/zsp14gliwice.pl\/sp28\/wp-json\/wp\/v2\/pages\/258\/revisions"}],"predecessor-version":[{"id":1858,"href":"https:\/\/zsp14gliwice.pl\/sp28\/wp-json\/wp\/v2\/pages\/258\/revisions\/1858"}],"wp:attachment":[{"href":"https:\/\/zsp14gliwice.pl\/sp28\/wp-json\/wp\/v2\/media?parent=258"}],"curies":[{"name":"wp","href":"https:\/\/api.w.org\/{rel}","templated":true}]}}