{"id":2014,"date":"2021-02-26T07:47:42","date_gmt":"2021-02-26T07:47:42","guid":{"rendered":"http:\/\/zsp14gliwice.pl\/sp28\/?page_id=2014"},"modified":"2026-02-06T08:27:28","modified_gmt":"2026-02-06T08:27:28","slug":"klasa-plywacka","status":"publish","type":"page","link":"https:\/\/zsp14gliwice.pl\/sp28\/klasa-plywacka\/","title":{"rendered":"Klasa I sportowa"},"content":{"rendered":"<h4 style=\"text-align: left;\"><span style=\"color: #0000ff;\"><strong>Uwaga Rodzice przysz\u0142ych pierwszoklasist\u00f3w!!! <\/strong><\/span><span style=\"color: #0000ff;\"><strong>W\u00a0 ZSP NR 14\u00a0 \/ SP 28 w Gliwicach <\/strong><\/span><span style=\"color: #0000ff;\"><strong>rusza rekrutacja do klasy 1 sportowej p\u0142ywackiej na Rok Szkolny 2026\/2027!!!<\/strong><\/span><\/h4>\n<h4 style=\"text-align: left;\"><span style=\"color: #ff0000;\"><strong>ZAPRASZAMY !!!<\/strong><\/span><\/h4>\n<h4 style=\"text-align: left;\"><span style=\"color: #000000;\">Zarz\u0105dzenie\u00a0 Prezydenta Miasta<\/span><\/h4>\n<div id=\"attachment_5492\" style=\"width: 1056px\" class=\"wp-caption aligncenter\"><a href=\"https:\/\/zsp14gliwice.pl\/sp28\/wp-content\/uploads\/2026\/01\/Zarzadzenie-Prezydenta-Miasta.jpeg\"><img loading=\"lazy\" decoding=\"async\" aria-describedby=\"caption-attachment-5492\" class=\"size-full wp-image-5492\" title=\"Zarz\u0105dzenie Prezydenta Miasta\" src=\"https:\/\/zsp14gliwice.pl\/sp28\/wp-content\/uploads\/2026\/01\/Zarzadzenie-Prezydenta-Miasta.jpeg\" alt=\"Zarz\u0105dzenie Prezydenta Miasta\" width=\"1046\" height=\"1539\" srcset=\"https:\/\/zsp14gliwice.pl\/sp28\/wp-content\/uploads\/2026\/01\/Zarzadzenie-Prezydenta-Miasta.jpeg 1046w, https:\/\/zsp14gliwice.pl\/sp28\/wp-content\/uploads\/2026\/01\/Zarzadzenie-Prezydenta-Miasta-204x300.jpeg 204w, https:\/\/zsp14gliwice.pl\/sp28\/wp-content\/uploads\/2026\/01\/Zarzadzenie-Prezydenta-Miasta-696x1024.jpeg 696w, https:\/\/zsp14gliwice.pl\/sp28\/wp-content\/uploads\/2026\/01\/Zarzadzenie-Prezydenta-Miasta-768x1130.jpeg 768w, https:\/\/zsp14gliwice.pl\/sp28\/wp-content\/uploads\/2026\/01\/Zarzadzenie-Prezydenta-Miasta-1044x1536.jpeg 1044w, https:\/\/zsp14gliwice.pl\/sp28\/wp-content\/uploads\/2026\/01\/Zarzadzenie-Prezydenta-Miasta-100x147.jpeg 100w, https:\/\/zsp14gliwice.pl\/sp28\/wp-content\/uploads\/2026\/01\/Zarzadzenie-Prezydenta-Miasta-1043x1535.jpeg 1043w\" sizes=\"(max-width: 1046px) 100vw, 1046px\" \/><\/a><p id=\"caption-attachment-5492\" class=\"wp-caption-text\">Zarz\u0105dzenie Prezydenta Miasta<\/p><\/div>\n<h4 style=\"text-align: left;\">Terminy post\u0119powania rekrutacyjnego<\/h4>\n<div id=\"attachment_5498\" style=\"width: 1075px\" class=\"wp-caption aligncenter\"><a href=\"https:\/\/zsp14gliwice.pl\/sp28\/wp-content\/uploads\/2026\/01\/Terminy-i-rekrutacja-dla-klas-sportowych.jpeg\"><img loading=\"lazy\" decoding=\"async\" aria-describedby=\"caption-attachment-5498\" class=\"size-full wp-image-5498\" title=\"Terminy i rekrutacja dla klas sportowych\" src=\"https:\/\/zsp14gliwice.pl\/sp28\/wp-content\/uploads\/2026\/01\/Terminy-i-rekrutacja-dla-klas-sportowych.jpeg\" alt=\"Terminy i rekrutacja dla klas sportowych\" width=\"1065\" height=\"1513\" srcset=\"https:\/\/zsp14gliwice.pl\/sp28\/wp-content\/uploads\/2026\/01\/Terminy-i-rekrutacja-dla-klas-sportowych.jpeg 1065w, https:\/\/zsp14gliwice.pl\/sp28\/wp-content\/uploads\/2026\/01\/Terminy-i-rekrutacja-dla-klas-sportowych-211x300.jpeg 211w, https:\/\/zsp14gliwice.pl\/sp28\/wp-content\/uploads\/2026\/01\/Terminy-i-rekrutacja-dla-klas-sportowych-721x1024.jpeg 721w, https:\/\/zsp14gliwice.pl\/sp28\/wp-content\/uploads\/2026\/01\/Terminy-i-rekrutacja-dla-klas-sportowych-768x1091.jpeg 768w, https:\/\/zsp14gliwice.pl\/sp28\/wp-content\/uploads\/2026\/01\/Terminy-i-rekrutacja-dla-klas-sportowych-100x142.jpeg 100w, https:\/\/zsp14gliwice.pl\/sp28\/wp-content\/uploads\/2026\/01\/Terminy-i-rekrutacja-dla-klas-sportowych-1043x1482.jpeg 1043w\" sizes=\"(max-width: 1065px) 100vw, 1065px\" \/><\/a><p id=\"caption-attachment-5498\" class=\"wp-caption-text\">Terminy i rekrutacja dla klas sportowych<\/p><\/div>\n<p>&nbsp;<\/p>\n<h5><span style=\"color: #ff0000;\"><a style=\"color: #ff0000;\" href=\"https:\/\/zsp14gliwice.pl\/sp28\/wp-content\/uploads\/2026\/02\/Regulamin-rekrutacji-do-klasy-1-sportowej.pdf\">Regulamin rekrutacji do klasy 1 sportowej<\/a><\/span><\/h5>\n<h5><span style=\"color: #ff0000;\"><a style=\"color: #ff0000;\" href=\"https:\/\/zsp14gliwice.pl\/sp28\/wp-content\/uploads\/2026\/02\/Harmonogram-rekrutacji-do-klasy-sportowej.pdf\">Harmonogram rekrutacji do klasy sportowej<\/a><\/span><\/h5>\n<h5><span style=\"color: #ff0000;\"><a style=\"color: #ff0000;\" href=\"https:\/\/zsp14gliwice.pl\/sp28\/wp-content\/uploads\/2026\/02\/Postepowanie-kwalifikacyjne-praktyczne-do-klasy-I-sportowej.pdf\">Post\u0119powanie kwalifikacyjne praktyczne do klasy I sportowej<\/a><\/span><\/h5>\n<h5><strong><span style=\"color: #000000;\">Dokumenty do pobrania:<\/span><\/strong><\/h5>\n<h5><span style=\"color: #ff0000;\"><a style=\"color: #ff0000;\" href=\"https:\/\/zsp14gliwice.pl\/sp28\/wp-content\/uploads\/2026\/02\/Podanie-o-przyjecie-do-kl.-I-plywackiej-ucznia-rejonowego.pdf\">Podanie o przyj\u0119cie do kl. I p\u0142ywackiej ucznia rejonowego<\/a><\/span><\/h5>\n<h5><span style=\"color: #ff0000;\"><a style=\"color: #ff0000;\" href=\"https:\/\/zsp14gliwice.pl\/sp28\/wp-content\/uploads\/2026\/02\/Wniosek-do-klasy-1-sportowej-ucznia-spoza-rejonu.pdf\">Wniosek do klasy 1 sportowej ucznia spoza rejonu<\/a><\/span><\/h5>\n<h5><span style=\"color: #ff0000;\"><a style=\"color: #ff0000;\" href=\"https:\/\/zsp14gliwice.pl\/sp28\/wp-content\/uploads\/2026\/02\/Potwierdzenie-woli-klasa-1-sportowa.pdf\">Potwierdzenie woli klasa 1 sportowa<\/a><\/span><\/h5>\n<h5><strong><span style=\"color: #000000;\">Pozosta\u0142e dokumenty:<\/span><\/strong><\/h5>\n<h5><span style=\"color: #ff0000;\"><a style=\"color: #ff0000;\" href=\"https:\/\/zsp14gliwice.pl\/sp28\/wp-content\/uploads\/2026\/02\/Podanie-o-przyjecie-do-swietlicy-2026-1.pdf\">Podanie o przyj\u0119cie do \u015bwietlicy 2026<\/a><\/span><\/h5>\n","protected":false},"excerpt":{"rendered":"<p>Uwaga Rodzice przysz\u0142ych pierwszoklasist\u00f3w!!! W\u00a0 ZSP NR 14\u00a0 \/ SP 28 w Gliwicach rusza rekrutacja do klasy 1 sportowej p\u0142ywackiej na Rok Szkolny 2026\/2027!!! ZAPRASZAMY !!! Zarz\u0105dzenie\u00a0 Prezydenta Miasta Terminy post\u0119powania rekrutacyjnego &nbsp; Regulamin rekrutacji do klasy 1 sportowej Harmonogram rekrutacji do klasy sportowej Post\u0119powanie kwalifikacyjne praktyczne do klasy I sportowej Dokumenty do pobrania: Podanie o przyj\u0119cie do kl. I &#8230; <\/p>\n<div><a href=\"https:\/\/zsp14gliwice.pl\/sp28\/klasa-plywacka\/\" class=\"more-link\">Read More<\/a><\/div>\n","protected":false},"author":2,"featured_media":0,"parent":0,"menu_order":0,"comment_status":"closed","ping_status":"closed","template":"","meta":{"footnotes":""},"class_list":["post-2014","page","type-page","status-publish","hentry","no-post-thumbnail"],"_links":{"self":[{"href":"https:\/\/zsp14gliwice.pl\/sp28\/wp-json\/wp\/v2\/pages\/2014"}],"collection":[{"href":"https:\/\/zsp14gliwice.pl\/sp28\/wp-json\/wp\/v2\/pages"}],"about":[{"href":"https:\/\/zsp14gliwice.pl\/sp28\/wp-json\/wp\/v2\/types\/page"}],"author":[{"embeddable":true,"href":"https:\/\/zsp14gliwice.pl\/sp28\/wp-json\/wp\/v2\/users\/2"}],"replies":[{"embeddable":true,"href":"https:\/\/zsp14gliwice.pl\/sp28\/wp-json\/wp\/v2\/comments?post=2014"}],"version-history":[{"count":27,"href":"https:\/\/zsp14gliwice.pl\/sp28\/wp-json\/wp\/v2\/pages\/2014\/revisions"}],"predecessor-version":[{"id":5043,"href":"https:\/\/zsp14gliwice.pl\/sp28\/wp-json\/wp\/v2\/pages\/2014\/revisions\/5043"}],"wp:attachment":[{"href":"https:\/\/zsp14gliwice.pl\/sp28\/wp-json\/wp\/v2\/media?parent=2014"}],"curies":[{"name":"wp","href":"https:\/\/api.w.org\/{rel}","templated":true}]}}