{"id":1738,"date":"2021-01-09T10:32:54","date_gmt":"2021-01-09T10:32:54","guid":{"rendered":"http:\/\/zsp14gliwice.pl\/sp28\/?page_id=1738"},"modified":"2022-03-02T11:24:21","modified_gmt":"2022-03-02T11:24:21","slug":"rodo","status":"publish","type":"page","link":"https:\/\/zsp14gliwice.pl\/sp28\/rodo\/","title":{"rendered":"Rodo"},"content":{"rendered":"<p><span style=\"color: #000000;\"><strong>KLAUZULA INFORMACYJNA<\/strong><\/span><\/p>\n<p><span style=\"color: #000000;\"><strong>Administrator <\/strong><\/span><\/p>\n<ol>\n<li><span style=\"color: #000000;\">Administratorem przetwarzanych danych osobowych jest:<strong> Zesp\u00f3\u0142 Szkolno Przedszkolny nr 14 w Gliwicach, ul. ks. M. Strzody 4, reprezentowany przez dyrektora. <\/strong><\/span><\/li>\n<\/ol>\n<p><span style=\"color: #000000;\"><strong>\u00a0<\/strong><\/span><\/p>\n<p><span style=\"color: #000000;\"><strong>Inspektor ochrony danych Administratora <\/strong><\/span><\/p>\n<ol start=\"2\">\n<li><span style=\"color: #000000;\">Administrator powo\u0142a\u0142 Inspektora Ochrony Danych w Jednostce, jest nim Aleksandra Cnota-Miko\u0142ajec. Mo\u017cna si\u0119 z nim kontaktowa\u0107 za po\u015brednictwem adresu e-mail: <strong>aleksandra@eduodo.pl<\/strong><\/span><\/li>\n<\/ol>\n<p><span style=\"color: #000000;\"><strong>Cel i podstawa przetwarzania<\/strong><\/span><\/p>\n<ol start=\"3\">\n<li><span style=\"color: #000000;\">Celem przetwarzania danych osobowych jest wype\u0142nianie zada\u0144 wynikaj\u0105cych z obowi\u0105zku kszta\u0142cenia i\u00a0wychowania dzieci i m\u0142odzie\u017cy.<\/span><\/li>\n<li><span style=\"color: #000000;\">Podstaw\u0105 przetwarzania danych osobowych s\u0105:<\/span><\/li>\n<\/ol>\n<p><span style=\"color: #000000;\"><em>Art. 6 ust. 1 lit. \u00a0c) oraz art. 9 ust. 2 lit. g) Rozporz\u0105dzenia Parlamentu Europejskiego i Rady (UE) 2016\/679<br \/>\nz dnia 27 kwietnia 2016 r. w sprawie ochrony os\u00f3b fizycznych w zwi\u0105zku z przetwarzaniem danych osobowych i w sprawie swobodnego przyp\u0142ywu takich danych oraz uchylenia dyrektywy 95\/46\/WE;<\/em><\/span><\/p>\n<ul>\n<li><span style=\"color: #000000;\">Przepisy prawa:<\/span>\n<ol>\n<li><span style=\"color: #000000;\">Ustawa z dnia 7 wrze\u015bnia 1991 r. o systemie o\u015bwiaty,<\/span><\/li>\n<li><span style=\"color: #000000;\">Ustawa z dnia 14 grudnia 2016 r. \u2013 Prawo o\u015bwiatowe,<\/span><\/li>\n<li><span style=\"color: #000000;\">oraz rozporz\u0105dzenia wykonawcze wydane na podstawie ww. ustaw.<\/span><\/li>\n<\/ol>\n<\/li>\n<\/ul>\n<p><span style=\"color: #000000;\"><strong>\u00a0<\/strong><\/span><\/p>\n<p><span style=\"color: #000000;\"><strong>Odbiorcy danych<\/strong><\/span><\/p>\n<p>&nbsp;<\/p>\n<ol start=\"5\">\n<li><span style=\"color: #000000;\">Odbiorcami danych mog\u0105 by\u0107 firmy \u015bwiadcz\u0105ce us\u0142ugi na rzez Jednostki:<\/span>\n<ol>\n<li><span style=\"color: #000000;\">dostawca oprogramowania do prowadzenia dziennika elektronicznego;<\/span><\/li>\n<li><span style=\"color: #000000;\">firma \u015bwiadcz\u0105ca us\u0142ugi z zakresu opieki medycznej w miejscu nauczania i wychowania;<\/span><\/li>\n<li><span style=\"color: #000000;\">firma \u015bwiadcz\u0105ca us\u0142ugi w zakresie administrowania systemem informatycznym;<\/span><\/li>\n<li><span style=\"color: #000000;\">Urz\u0105d Miasta w Gliwicach;<\/span><\/li>\n<li><span style=\"color: #000000;\">inne podmioty, kt\u00f3re realizuj\u0105 zadania publiczne.<\/span><\/li>\n<\/ol>\n<\/li>\n<\/ol>\n<p><span style=\"color: #000000;\"><strong>\u00a0<\/strong><\/span><\/p>\n<p><span style=\"color: #000000;\"><strong>Okres przechowywania danych osobowych<\/strong><\/span><\/p>\n<p>&nbsp;<\/p>\n<ol start=\"6\">\n<li><span style=\"color: #000000;\">Dane osobowe przetwarzane celem realizacji obowi\u0105zku prawnego ci\u0105\u017c\u0105cego na administratorze, b\u0119d\u0105 przechowywane przez okres zgodny z jednolitym rzeczowym wykazem akt, opracowanym na podstawie ustawy z dnia 14\u00a0lipca 1983 r. o narodowym zasobie archiwalnym i archiwach.<\/span><\/li>\n<\/ol>\n<p><span style=\"color: #000000;\"><em>&#8211; Dane osobowe zawarte w dziennikach lekcyjnych \u2013 5 lat od zako\u0144czenia roku szkolnego, w kt\u00f3rym dziennik by\u0142 prowadzony. <\/em><\/span><\/p>\n<p><span style=\"color: #000000;\"><em>&#8211; Dane osobowe zawarte w arkuszach ocen \u2013 50 lat od zako\u0144czenia nauki w szkole.<\/em><\/span><\/p>\n<p><span style=\"color: #000000;\"><strong><br \/>\nPrawa os\u00f3b, kt\u00f3rych dane dotycz\u0105.<\/strong><\/span><\/p>\n<ol start=\"7\">\n<li><span style=\"color: #000000;\">Informujemy, \u017ce przys\u0142uguje Pani\/Panu prawo do:<\/span><\/li>\n<li><span style=\"color: #000000;\">dost\u0119pu do swoich danych osobowych i otrzymania ich kopii;<\/span><\/li>\n<li><span style=\"color: #000000;\">poprawiania i uzupe\u0142niania swoich danych osobowych;<\/span><\/li>\n<li><span style=\"color: #000000;\">usuni\u0119cia danych je\u015bli zachodzi przes\u0142anka wynikaj\u0105ca z art. 17 rozporz\u0105dzenia 2016\/679 ;<\/span><\/li>\n<\/ol>\n<p><span style=\"color: #000000;\">(cofni\u0119cie zgody nie b\u0119dzie mia\u0142o wp\u0142ywu na zgodno\u015b\u0107 z prawem przetwarzania, kt\u00f3rego dokonano na podstawie zgody przed jej cofni\u0119ciem).<\/span><\/p>\n<ol>\n<li><span style=\"color: #000000;\">ograniczenia przetwarzania;<\/span><\/li>\n<li><span style=\"color: #000000;\">sprzeciwu;<\/span><\/li>\n<li><span style=\"color: #000000;\">wniesienia skargi do organu nadzorczego \u2013 Prezesa Urz\u0119du Ochrony Danych Osobowych.<\/span><\/li>\n<\/ol>\n<p>&nbsp;<\/p>\n<p><span style=\"color: #000000;\"><strong>\u00a0<\/strong><\/span><\/p>\n<p><span style=\"color: #000000;\"><strong>\u00a0<\/strong><\/span><\/p>\n<p><span style=\"color: #000000;\"><strong>Informacje dodatkowe<\/strong><\/span><\/p>\n<ol start=\"10\">\n<li><span style=\"color: #000000;\">Podanie danych osobowych jest obowi\u0105zkiem ustawowym.<\/span><\/li>\n<li><span style=\"color: #000000;\">Podane dane osobowe nie s\u0142u\u017c\u0105 do zautomatyzowanego podejmowania decyzji, w\u00a0tym\u00a0profilowania.<\/span><\/li>\n<\/ol>\n<p><span style=\"color: #000000;\">&#8212;&#8212;&#8212;&#8212;&#8212;&#8212;&#8212;&#8212;&#8212;&#8212;&#8212;&#8212;&#8212;&#8212;&#8212;&#8212;&#8212;&#8212;&#8212;&#8212;&#8212;&#8212;&#8212;&#8212;&#8212;&#8212;&#8212;&#8212;&#8212;&#8212;&#8212;&#8212;&#8212;&#8212;&#8212;&#8212;&#8212;&#8212;&#8212;&#8212;&#8212;&#8212;&#8212;&#8212;&#8212;&#8212;&#8212;&#8212;&#8212;&#8212;&#8212;<\/span><\/p>\n<ol start=\"12\">\n<li><span style=\"color: #000000;\">Wsp\u00f3\u0142administratorami niekt\u00f3rych danych osobowych s\u0105 Miasto Gliwice, Urz\u0105d Miejski w Gliwicach <\/span><br \/>\n<span style=\"color: #000000;\">i miejskie jednostki organizacyjne wymienione w Regulaminie Organizacyjnym Urz\u0119du Miejskiego <\/span><br \/>\n<span style=\"color: #000000;\">w Gliwicach, w tabeli nr 1 \u201eWykaz jednostek organizacyjnych.\u201d<\/span><\/li>\n<\/ol>\n<p><span style=\"color: #000000;\"><u>\u00a0<\/u><\/span><\/p>\n<p><span style=\"color: #000000;\">Wsp\u00f3lne ustalenia dotycz\u0105ce wsp\u00f3\u0142administrowania danymi osobowymi dost\u0119pne s\u0105 pod adresem:<\/span><\/p>\n<p><span style=\"color: #0000ff;\"><a style=\"color: #0000ff;\" href=\"https:\/\/sp6.bip.gliwice.eu\/storage\/dokumenty-jednostek\/sp6\/zo-2019-84-1.pdf\"><u>https:\/\/sp6.bip.gliwice.eu\/storage\/dokumenty-jednostek\/sp6\/zo-2019-84-1.pdf<\/u><\/a><\/span><\/p>\n<p>&nbsp;<\/p>\n<p>&nbsp;<\/p>\n","protected":false},"excerpt":{"rendered":"<p>KLAUZULA INFORMACYJNA Administrator Administratorem przetwarzanych danych osobowych jest: Zesp\u00f3\u0142 Szkolno Przedszkolny nr 14 w Gliwicach, ul. ks. M. Strzody 4, reprezentowany przez dyrektora. \u00a0 Inspektor ochrony danych Administratora Administrator powo\u0142a\u0142 Inspektora Ochrony Danych w Jednostce, jest nim Aleksandra Cnota-Miko\u0142ajec. Mo\u017cna si\u0119 z nim kontaktowa\u0107 za po\u015brednictwem adresu e-mail: aleksandra@eduodo.pl Cel i podstawa przetwarzania Celem przetwarzania danych osobowych jest wype\u0142nianie zada\u0144 &#8230; <\/p>\n<div><a href=\"https:\/\/zsp14gliwice.pl\/sp28\/rodo\/\" class=\"more-link\">Read More<\/a><\/div>\n","protected":false},"author":1,"featured_media":0,"parent":0,"menu_order":0,"comment_status":"closed","ping_status":"closed","template":"","meta":{"footnotes":""},"class_list":["post-1738","page","type-page","status-publish","hentry","no-post-thumbnail"],"_links":{"self":[{"href":"https:\/\/zsp14gliwice.pl\/sp28\/wp-json\/wp\/v2\/pages\/1738"}],"collection":[{"href":"https:\/\/zsp14gliwice.pl\/sp28\/wp-json\/wp\/v2\/pages"}],"about":[{"href":"https:\/\/zsp14gliwice.pl\/sp28\/wp-json\/wp\/v2\/types\/page"}],"author":[{"embeddable":true,"href":"https:\/\/zsp14gliwice.pl\/sp28\/wp-json\/wp\/v2\/users\/1"}],"replies":[{"embeddable":true,"href":"https:\/\/zsp14gliwice.pl\/sp28\/wp-json\/wp\/v2\/comments?post=1738"}],"version-history":[{"count":8,"href":"https:\/\/zsp14gliwice.pl\/sp28\/wp-json\/wp\/v2\/pages\/1738\/revisions"}],"predecessor-version":[{"id":2952,"href":"https:\/\/zsp14gliwice.pl\/sp28\/wp-json\/wp\/v2\/pages\/1738\/revisions\/2952"}],"wp:attachment":[{"href":"https:\/\/zsp14gliwice.pl\/sp28\/wp-json\/wp\/v2\/media?parent=1738"}],"curies":[{"name":"wp","href":"https:\/\/api.w.org\/{rel}","templated":true}]}}