{"id":1285,"date":"2020-09-23T09:23:25","date_gmt":"2020-09-23T09:23:25","guid":{"rendered":"http:\/\/zsp14gliwice.pl\/sp28\/?page_id=1285"},"modified":"2020-09-23T09:23:25","modified_gmt":"2020-09-23T09:23:25","slug":"ubezpieczenie","status":"publish","type":"page","link":"https:\/\/zsp14gliwice.pl\/sp28\/ubezpieczenie\/","title":{"rendered":"Ubezpieczenie"},"content":{"rendered":"<h4 style=\"text-align: center;\"><span style=\"color: #000000;\">Poni\u017cej przedstawiamy Pa\u0144stwu ofert\u0119 ubezpieczeniow\u0105 dla uczni\u00f3w na<\/span><br \/>\n<span style=\"color: #000000;\">Nowy Rok Szkolny 2020\/2021<\/span><\/h4>\n<h5 style=\"text-align: center;\"><span style=\"color: #ff0000;\"><a style=\"color: #ff0000;\" href=\"http:\/\/zsp14gliwice.pl\/sp28\/wp-content\/uploads\/2020\/07\/Oferta_dziecko_szkola_05358.pdf\">Oferta<\/a><\/span><\/h5>\n<p style=\"text-align: center;\"><span style=\"color: #000000;\">Oferta wp\u0142yn\u0119\u0142a do Rady Rodzic\u00f3w z Firmy Biuro Ubezpieczeniowo- Konsultingowe<\/span><\/p>\n<p style=\"text-align: center;\"><span style=\"color: #000000;\">\u201eKONSTANTA \u2013 Gliwice\u201d ul. Sobieskiego 4\/1\u00a0 44-100 Gliwic <\/span><br \/>\n<span style=\"color: #000000;\">tel. 32 231-51-88 , 32 231-35-48<\/span><\/p>\n","protected":false},"excerpt":{"rendered":"<p>Poni\u017cej przedstawiamy Pa\u0144stwu ofert\u0119 ubezpieczeniow\u0105 dla uczni\u00f3w na Nowy Rok Szkolny 2020\/2021 Oferta Oferta wp\u0142yn\u0119\u0142a do Rady Rodzic\u00f3w z Firmy Biuro Ubezpieczeniowo- Konsultingowe \u201eKONSTANTA \u2013 Gliwice\u201d ul. Sobieskiego 4\/1\u00a0 44-100 Gliwic tel. 32 231-51-88 , 32 231-35-48<\/p>\n","protected":false},"author":2,"featured_media":0,"parent":0,"menu_order":0,"comment_status":"closed","ping_status":"closed","template":"","meta":{"footnotes":""},"class_list":["post-1285","page","type-page","status-publish","hentry","no-post-thumbnail"],"_links":{"self":[{"href":"https:\/\/zsp14gliwice.pl\/sp28\/wp-json\/wp\/v2\/pages\/1285"}],"collection":[{"href":"https:\/\/zsp14gliwice.pl\/sp28\/wp-json\/wp\/v2\/pages"}],"about":[{"href":"https:\/\/zsp14gliwice.pl\/sp28\/wp-json\/wp\/v2\/types\/page"}],"author":[{"embeddable":true,"href":"https:\/\/zsp14gliwice.pl\/sp28\/wp-json\/wp\/v2\/users\/2"}],"replies":[{"embeddable":true,"href":"https:\/\/zsp14gliwice.pl\/sp28\/wp-json\/wp\/v2\/comments?post=1285"}],"version-history":[{"count":1,"href":"https:\/\/zsp14gliwice.pl\/sp28\/wp-json\/wp\/v2\/pages\/1285\/revisions"}],"predecessor-version":[{"id":1286,"href":"https:\/\/zsp14gliwice.pl\/sp28\/wp-json\/wp\/v2\/pages\/1285\/revisions\/1286"}],"wp:attachment":[{"href":"https:\/\/zsp14gliwice.pl\/sp28\/wp-json\/wp\/v2\/media?parent=1285"}],"curies":[{"name":"wp","href":"https:\/\/api.w.org\/{rel}","templated":true}]}}