{"id":503,"date":"2020-12-15T07:16:32","date_gmt":"2020-12-15T06:16:32","guid":{"rendered":"http:\/\/zsp14gliwice.pl\/pm40\/?page_id=503"},"modified":"2025-03-25T12:55:19","modified_gmt":"2025-03-25T11:55:19","slug":"terapia","status":"publish","type":"page","link":"https:\/\/zsp14gliwice.pl\/pm40\/terapia\/","title":{"rendered":"Terapia"},"content":{"rendered":"<section class=\"wpb-content-wrapper\">[vc_row full_width=&#8221;stretch_row_content_no_spaces&#8221; content_placement=&#8221;middle&#8221; el_class=&#8221;kk-header-banner&#8221;][vc_column][vc_column_text]\n<h1 style=\"text-align: center; margin: 0;\">Terapia<\/h1>\n[\/vc_column_text][\/vc_column][\/vc_row][vc_row equal_height=&#8221;yes&#8221; content_placement=&#8221;middle&#8221; el_class=&#8221;kkRow&#8221; css=&#8221;.vc_custom_1603960233775{padding-right: 10% !important;padding-left: 10% !important;}&#8221;][vc_column width=&#8221;1\/2&#8243;][vc_single_image image=&#8221;557&#8243; img_size=&#8221;full&#8221; alignment=&#8221;center&#8221;][\/vc_column][vc_column width=&#8221;1\/2&#8243; css=&#8221;.vc_custom_1608655685267{padding-top: 35px !important;padding-bottom: 35px !important;}&#8221;][vc_column_text]\n<h2 style=\"text-align: center;\">Terapia psychologiczna<\/h2>\n<p>Zaj\u0119cia terapeutyczne prowadzone przez psychologa<br \/>\ndzieci\u0119cego w formie indywidualnej lub grupowej. Terapia psychologiczna obejmuje:<\/p>\n<ul>\n<li>Wspomaganie rozwoju funkcji poznawczych: uwagi, pami\u0119ci, percepcji,<br \/>\nmy\u015blenia, innych z\u0142o\u017conych proces\u00f3w poznawczych.<\/li>\n<li>Wspomaganie rozwoju sfery emocjonalnej i spo\u0142ecznej.<\/li>\n<li>Terapi\u0119 zaburze\u0144 emocjonalnych.<\/li>\n<li>Terapi\u0119 zaburze\u0144 zachowania.<\/li>\n<li>Wspieranie tworzenia pozytywnej samooceny, pewno\u015bci siebie, obrazu<br \/>\nsamego siebie.<\/li>\n<\/ul>\n[\/vc_column_text][\/vc_column][\/vc_row][vc_row equal_height=&#8221;yes&#8221; content_placement=&#8221;middle&#8221; el_class=&#8221;kkRow&#8221; css=&#8221;.vc_custom_1603960233775{padding-right: 10% !important;padding-left: 10% !important;}&#8221;][vc_column width=&#8221;1\/2&#8243; css=&#8221;.vc_custom_1608655691512{padding-top: 35px !important;padding-bottom: 35px !important;}&#8221;][vc_column_text]\n<h2 style=\"text-align: center;\">Trening Umiej\u0119tno\u015bci Spo\u0142ecznych (TUS)<\/h2>\n<p>Zaj\u0119cia prowadzone przez certyfikowanego<br \/>\nterapeut\u0119 TUS polegaj\u0105ce na rozwijaniu kompetencji spo\u0142ecznych. Zaj\u0119cia z zakresu<br \/>\ntreningu umiej\u0119tno\u015bci spo\u0142ecznych obejmuj\u0105:<\/p>\n<ul>\n<li>\u0141agodzenie i zapobieganie zaburzeniom emocjonalnym.<\/li>\n<li>Nauk\u0119 radzenia sobie w sytuacjach trudnych pod wzgl\u0119dem emocjonalnym.<\/li>\n<li>Nauk\u0119 zachowania si\u0119 w okre\u015blonych sytuacjach spo\u0142ecznych.<\/li>\n<li>Nauk\u0119 nawi\u0105zywania i podtrzymywania relacji z innymi lud\u017ami.<\/li>\n<li>Nauk\u0119 prawid\u0142owej komunikacji z drugim cz\u0142owiekiem.<\/li>\n<\/ul>\n[\/vc_column_text][\/vc_column][vc_column width=&#8221;1\/2&#8243;][vc_single_image image=&#8221;561&#8243; img_size=&#8221;full&#8221; alignment=&#8221;center&#8221;][\/vc_column][\/vc_row][vc_row equal_height=&#8221;yes&#8221; content_placement=&#8221;middle&#8221; el_class=&#8221;kkRow&#8221; css=&#8221;.vc_custom_1603960233775{padding-right: 10% !important;padding-left: 10% !important;}&#8221;][vc_column width=&#8221;1\/2&#8243;][vc_single_image image=&#8221;568&#8243; img_size=&#8221;full&#8221; alignment=&#8221;center&#8221;][\/vc_column][vc_column width=&#8221;1\/2&#8243; css=&#8221;.vc_custom_1608655718638{padding-top: 35px !important;padding-bottom: 35px !important;}&#8221;][vc_column_text]\n<h2 style=\"text-align: center;\">Sensoplastyka<\/h2>\n<p>Sensoplastyka \u2013 zaj\u0119cia terapeutyczne prowadzone przez certyfikowanych terapeut\u00f3w Sensoplastyki. S\u0105 to zaj\u0119cia plastyczne z wykorzystaniem wszystkich zmys\u0142\u00f3w. Podczas zaj\u0119\u0107 wykorzystywane s\u0105 produkty spo\u017cywcze (m.in. kasze, ry\u017c, makaron, barwniki spo\u017cywcze, woda, olej, m\u0105ka, nasiona str\u0105czkowe i in.). Zaj\u0119cia z zakresu Sensoplastyki wspieraj\u0105 m.in. integracj\u0119 wszystkich zmys\u0142\u00f3w, rozw\u00f3j kreatywno\u015bci, ekspresj\u0119 tw\u00f3rcz\u0105, rozw\u00f3j ruchowy, satysfakcj\u0119 z w\u0142asnego dzia\u0142ania, rozw\u00f3j emocjonalny.[\/vc_column_text][\/vc_column][\/vc_row][vc_row equal_height=&#8221;yes&#8221; content_placement=&#8221;middle&#8221; el_class=&#8221;kkRow&#8221; css=&#8221;.vc_custom_1603960233775{padding-right: 10% !important;padding-left: 10% !important;}&#8221;][vc_column width=&#8221;1\/2&#8243; css=&#8221;.vc_custom_1608655723978{padding-top: 35px !important;padding-bottom: 35px !important;}&#8221;][vc_column_text]\n<h2 style=\"text-align: center;\">Terapia behawioralna\/stosowana analiza zachowania<\/h2>\n<p>Stosowana analiza zachowania &#8211; narz\u0119dziem diagnostycznym wykorzystywanym w interwencjach behawioralnych jest VB-MAPP- Program do oceny umiej\u0119tno\u015bci j\u0119zykowych i spo\u0142ecznych dzieci z autyzmem i innymi zaburzeniami rozwoju. Celem Terapii behawioralnej jest modyfikacja zachowania. Modyfikowanie zachowania od zachowa\u0144 niepo\u017c\u0105danych\/trudnych\/nieakceptowalnych po zachowania po\u017c\u0105dane spo\u0142ecznie. Technikami wykorzystywanymi w tej terapii jest : modelowanie, podpowiedzi wskazuj\u0105ce i echowe, trening komunikacji funkcjonalnej, metoda zachowa\u0144 werbalnych. Praca opiera si\u0119 na dzia\u0142aniach pro aktywnych i wdra\u017caniu system\u00f3w motywacyjnych.[\/vc_column_text][\/vc_column][vc_column width=&#8221;1\/2&#8243;][vc_single_image image=&#8221;569&#8243; img_size=&#8221;full&#8221; alignment=&#8221;center&#8221;][\/vc_column][\/vc_row][vc_row equal_height=&#8221;yes&#8221; content_placement=&#8221;middle&#8221; el_class=&#8221;kkRow&#8221; css=&#8221;.vc_custom_1603960233775{padding-right: 10% !important;padding-left: 10% !important;}&#8221;][vc_column width=&#8221;1\/2&#8243;][\/vc_column][vc_column width=&#8221;1\/2&#8243; css=&#8221;.vc_custom_1608655729159{padding-top: 35px !important;padding-bottom: 35px !important;}&#8221;][vc_column_text][\/vc_column_text][\/vc_column][\/vc_row][vc_row equal_height=&#8221;yes&#8221; content_placement=&#8221;middle&#8221; el_class=&#8221;kkRow&#8221; css=&#8221;.vc_custom_1603960233775{padding-right: 10% !important;padding-left: 10% !important;}&#8221;][vc_column width=&#8221;1\/2&#8243; css=&#8221;.vc_custom_1608655739181{padding-top: 35px !important;padding-bottom: 35px !important;}&#8221;][vc_column_text]\n<h2 style=\"text-align: center;\">Zaj\u0119cia terapeutyczne prowadzone przez tyflopedagoga<\/h2>\n<p>Specjalistyczne zaj\u0119cia, kt\u00f3rych celem jest nauczanie, wychowanie i rehabilitacja dzieci niewidomych i niedowidz\u0105cych.[\/vc_column_text][\/vc_column][vc_column width=&#8221;1\/2&#8243;][vc_single_image image=&#8221;565&#8243; img_size=&#8221;full&#8221; alignment=&#8221;center&#8221;][\/vc_column][\/vc_row][vc_row equal_height=&#8221;yes&#8221; content_placement=&#8221;middle&#8221; el_class=&#8221;kkRow&#8221; css=&#8221;.vc_custom_1603960233775{padding-right: 10% !important;padding-left: 10% !important;}&#8221;][vc_column width=&#8221;1\/2&#8243;][vc_single_image image=&#8221;563&#8243; img_size=&#8221;full&#8221; alignment=&#8221;center&#8221;][\/vc_column][vc_column width=&#8221;1\/2&#8243; css=&#8221;.vc_custom_1608655758806{padding-top: 35px !important;padding-bottom: 35px !important;}&#8221;][vc_column_text]\n<h2 style=\"text-align: center;\">Zaj\u0119cia terapeutyczne prowadzone przez oligofrenopedagoga<\/h2>\n<p>Specjalistyczne zaj\u0119cia, kt\u00f3rych celem jest nauczanie, wychowanie i rehabilitacja dzieci z niepe\u0142nosprawno\u015bci\u0105 intelektualn\u0105.[\/vc_column_text][\/vc_column][\/vc_row][vc_row equal_height=&#8221;yes&#8221; content_placement=&#8221;middle&#8221; el_class=&#8221;kkRow&#8221; css=&#8221;.vc_custom_1603960233775{padding-right: 10% !important;padding-left: 10% !important;}&#8221;][vc_column width=&#8221;1\/2&#8243; css=&#8221;.vc_custom_1608655763198{padding-top: 35px !important;padding-bottom: 35px !important;}&#8221;][vc_column_text]\n<h2 style=\"text-align: center;\">Zaj\u0119cia Korekcyjno-Kompensacyjne<\/h2>\n<p>S\u0105 to zaj\u0119cia z rodzaju terapii pedagogicznej, ukierunkowanej na korygowanie i kompensowanie zaburze\u0144 psychoruchowych dziecka. Maj\u0105 za zadanie pom\u00f3c dziecku w przezwyci\u0119\u017caniu trudno\u015bci w opanowaniu konkretnych umiej\u0119tno\u015bci i przyswojeniu danej wiedzy.[\/vc_column_text][\/vc_column][vc_column width=&#8221;1\/2&#8243;][vc_single_image image=&#8221;562&#8243; img_size=&#8221;full&#8221; alignment=&#8221;center&#8221;][\/vc_column][\/vc_row][vc_row equal_height=&#8221;yes&#8221; content_placement=&#8221;middle&#8221; el_class=&#8221;kkRow&#8221; css=&#8221;.vc_custom_1603960233775{padding-right: 10% !important;padding-left: 10% !important;}&#8221;][vc_column width=&#8221;1\/2&#8243;][vc_single_image image=&#8221;558&#8243; img_size=&#8221;full&#8221; alignment=&#8221;center&#8221;][\/vc_column][vc_column width=&#8221;1\/2&#8243; css=&#8221;.vc_custom_1608655767534{padding-top: 35px !important;padding-bottom: 35px !important;}&#8221;][vc_column_text]\n<h2 style=\"text-align: center;\">Terapia logopedyczna<\/h2>\n<p>Jest prowadzona w formie zaj\u0119\u0107 indywidualnych i grupowych. Ma na celu usuni\u0119cie wszelkich zak\u0142\u00f3ce\u0144 procesu porozumiewania si\u0119 (od prostych wad wymowy po niemo\u017cno\u015b\u0107 m\u00f3wienia w\u0142\u0105cznie). W szczeg\u00f3lno\u015bci zajmuje si\u0119:<\/p>\n<ul>\n<li>poprawieniem jako\u015bci funkcji j\u0119zykowej, oddechowej i fonacyjnej,<\/li>\n<li>usprawnieniem motoryki narz\u0105d\u00f3w mowy,<\/li>\n<li>korygowaniem wad wymowy,<\/li>\n<li>wyr\u00f3wnywaniem op\u00f3\u017anie\u0144 rozwoju mowy,<\/li>\n<li>rozbudowaniem zasobu s\u0142ownictwa czynnego i biernego.<\/li>\n<\/ul>\n[\/vc_column_text][\/vc_column][\/vc_row][vc_row equal_height=&#8221;yes&#8221; content_placement=&#8221;middle&#8221; el_class=&#8221;kkRow&#8221; css=&#8221;.vc_custom_1603960233775{padding-right: 10% !important;padding-left: 10% !important;}&#8221;][vc_column width=&#8221;1\/2&#8243; css=&#8221;.vc_custom_1608655772534{padding-top: 35px !important;padding-bottom: 35px !important;}&#8221;][vc_column_text]\n<h2 style=\"text-align: center;\">Terapia neurologopedyczna<\/h2>\n<p>Jest prowadzona w formie zaj\u0119\u0107 indywidualnych i grupowych. Zajmuje si\u0119 diagnoz\u0105 oraz terapi\u0105 zaburze\u0144 mowy i komunikacji pochodzenia neurologicznego. Neurologopeda pracuje:<\/p>\n<ul>\n<li>z dzie\u0107mi z uszkodzeniami i dysfunkcjami o\u015brodkowego uk\u0142adu nerwowego,<\/li>\n<li>z dzie\u0107mi urodzonymi z obci\u0105\u017ceniami z okresu ci\u0105\u017cowego i oko\u0142oporodowego,<\/li>\n<li>z dzie\u0107mi z zespo\u0142ami genetycznymi,<\/li>\n<li>z dzie\u0107mi z zaburzeniami mowy i komunikacji o pod\u0142o\u017cu neurologicznym (np.: wypadki, guzy, wylewy),<\/li>\n<li>z dzie\u0107mi wymagaj\u0105cymi diagnozy oraz terapii funkcji pokarmowych.<\/li>\n<\/ul>\n[\/vc_column_text][\/vc_column][vc_column width=&#8221;1\/2&#8243;][vc_single_image image=&#8221;559&#8243; img_size=&#8221;full&#8221; alignment=&#8221;center&#8221;][\/vc_column][\/vc_row][vc_row equal_height=&#8221;yes&#8221; content_placement=&#8221;middle&#8221; el_class=&#8221;kkRow&#8221; css=&#8221;.vc_custom_1603960233775{padding-right: 10% !important;padding-left: 10% !important;}&#8221;][vc_column width=&#8221;1\/2&#8243;][vc_single_image image=&#8221;566&#8243; img_size=&#8221;full&#8221; alignment=&#8221;center&#8221;][\/vc_column][vc_column width=&#8221;1\/2&#8243; css=&#8221;.vc_custom_1608655777690{padding-top: 35px !important;padding-bottom: 35px !important;}&#8221;][vc_column_text]\n<h2 style=\"text-align: center;\">Arteterapia<\/h2>\n<p>Zaj\u0119cia arteterapii prowadzone s\u0105 w grupach. Wykorzystuj\u0105 proces tw\u00f3rczy w celach autoekspresji. Metody wykorzystywane w arteterapii: rysunek, malarstwo, grafika, rze\u017aba, muzykoterapia, biblioterapia. Arteterapia stosowana jest w pomocy dzieciom, w celu:<\/p>\n<ul>\n<li>rozwi\u0105zywania problem\u00f3w i konflikt\u00f3w,<\/li>\n<li>rozwijania umiej\u0119tno\u015bci interpersonalnych,<\/li>\n<li>kierowania w\u0142asnym zachowaniem,<\/li>\n<li>zredukowania stresu,<\/li>\n<li>podniesienia samooceny i samo\u015bwiadomo\u015bci.<\/li>\n<\/ul>\n[\/vc_column_text][\/vc_column][\/vc_row][vc_row equal_height=&#8221;yes&#8221; content_placement=&#8221;middle&#8221; el_class=&#8221;kkRow&#8221; css=&#8221;.vc_custom_1603960233775{padding-right: 10% !important;padding-left: 10% !important;}&#8221;][vc_column width=&#8221;1\/2&#8243; css=&#8221;.vc_custom_1608655782279{padding-top: 35px !important;padding-bottom: 35px !important;}&#8221;][vc_column_text]\n<h2 style=\"text-align: center;\">Rehabiltacja ruchowa<\/h2>\n<p>Zaj\u0119cia ruchowe odbywaj\u0105 si\u0119 indywidualnie lub grupowo. Rehabilitacja ruchowa dzieci jest procesem medycznym, kt\u00f3rego celem jest poprawa jako\u015bci funkcjonowania dzieci po operacjach, zabiegach czy nie w pe\u0142ni sprawnych. Jedn\u0105 z form rehabilitacji dzieci s\u0105 \u0107wiczenia og\u00f3lnousprawniaj\u0105ce. Ich celem g\u0142\u00f3wnym jest kompensowanie albo odtworzenie funkcji utraconych lub niewykszta\u0142conych. Zaj\u0119cia opieraj\u0105 si\u0119 na zestawach \u0107wicze\u0144 opracowanych i dobranych indywidualnie dla ka\u017cdego dziecka. Ich celem jest wzmocnienie mi\u0119\u015bni, poprawa kondycji i jako\u015bci \u017cycia.<br \/>\n\u0106wiczenia og\u00f3lnousprawniaj\u0105ce wykonuje si\u0119 zar\u00f3wno jako \u0107wiczenia wolne, jak i z przyborami, takimi jak skakanki, ta\u015bmy, drabinki, pi\u0142ki, \u0142aweczki, maty oraz inne przyrz\u0105dy.[\/vc_column_text][\/vc_column][vc_column width=&#8221;1\/2&#8243;][vc_single_image image=&#8221;567&#8243; img_size=&#8221;full&#8221; alignment=&#8221;center&#8221;][\/vc_column][\/vc_row][vc_row equal_height=&#8221;yes&#8221; content_placement=&#8221;middle&#8221; el_class=&#8221;kkRow&#8221; css=&#8221;.vc_custom_1603960233775{padding-right: 10% !important;padding-left: 10% !important;}&#8221;][vc_column width=&#8221;1\/2&#8243;][vc_single_image image=&#8221;560&#8243; img_size=&#8221;full&#8221; alignment=&#8221;center&#8221;][\/vc_column][vc_column width=&#8221;1\/2&#8243; css=&#8221;.vc_custom_1608655787593{padding-top: 35px !important;padding-bottom: 35px !important;}&#8221;][vc_column_text]\n<h2 style=\"text-align: center;\">Terapia SI<\/h2>\n<p>Terapia zaburze\u0144 przetwarzania sensorycznego prowadzona jest indywidualnie lub w grupach. Terapia ta obejmuje dzia\u0142ania, kt\u00f3re maj\u0105 reorganizowa\u0107 system przetwarzania zmys\u0142owego, poprzez dostarczanie bod\u017ac\u00f3w, pobudzaj\u0105cych zmys\u0142 r\u00f3wnowagi, kinestetyczny, dotyku, wzroku czy s\u0142uchu. Terapia SI wykorzystuje specjalistyczny sprz\u0119t, taki jak np. podwieszane platformy, hamaki, hu\u015btawki, deskorolki, r\u00f3wnowa\u017cnie, du\u017ce poduchy, materace, ko\u0142dry i kamizelki obci\u0105\u017ceniowe. Materia\u0142y r\u00f3\u017cnej faktury oraz inne przedmioty wykorzystuje si\u0119 do stymulacji dotykowej, wzrokowej, w\u0119chowej i smakowej.[\/vc_column_text][\/vc_column][\/vc_row][vc_row full_width=&#8221;stretch_row_content_no_spaces&#8221; el_class=&#8221;kkRow&#8221; css=&#8221;.vc_custom_1603961983210{margin-top: 25px !important;background-color: #bdf0ff !important;}&#8221;][vc_column][\/vc_column][\/vc_row]\n<\/section>","protected":false},"excerpt":{"rendered":"<p>[vc_row full_width=&#8221;stretch_row_content_no_spaces&#8221; content_placement=&#8221;middle&#8221; el_class=&#8221;kk-header-banner&#8221;][vc_column][vc_column_text] Terapia [\/vc_column_text][\/vc_column][\/vc_row][vc_row equal_height=&#8221;yes&#8221; content_placement=&#8221;middle&#8221; el_class=&#8221;kkRow&#8221; css=&#8221;.vc_custom_1603960233775{padding-right: 10% !important;padding-left: 10% !important;}&#8221;][vc_column width=&#8221;1\/2&#8243;][vc_single_image image=&#8221;557&#8243; img_size=&#8221;full&#8221; alignment=&#8221;center&#8221;][\/vc_column][vc_column width=&#8221;1\/2&#8243; css=&#8221;.vc_custom_1608655685267{padding-top: 35px !important;padding-bottom: 35px !important;}&#8221;][vc_column_text] Terapia psychologiczna Zaj\u0119cia terapeutyczne prowadzone przez psychologa dzieci\u0119cego w formie indywidualnej lub grupowej. Terapia psychologiczna obejmuje: Wspomaganie rozwoju funkcji poznawczych: uwagi, pami\u0119ci, percepcji, my\u015blenia, innych z\u0142o\u017conych proces\u00f3w poznawczych. Wspomaganie rozwoju sfery emocjonalnej i spo\u0142ecznej. Terapi\u0119 zaburze\u0144 &#8230; <\/p>\n<div><a href=\"https:\/\/zsp14gliwice.pl\/pm40\/terapia\/\" class=\"more-link\">Read More<\/a><\/div>\n","protected":false},"author":1,"featured_media":0,"parent":0,"menu_order":0,"comment_status":"closed","ping_status":"closed","template":"template-blank-4.php","meta":{"footnotes":""},"_links":{"self":[{"href":"https:\/\/zsp14gliwice.pl\/pm40\/wp-json\/wp\/v2\/pages\/503"}],"collection":[{"href":"https:\/\/zsp14gliwice.pl\/pm40\/wp-json\/wp\/v2\/pages"}],"about":[{"href":"https:\/\/zsp14gliwice.pl\/pm40\/wp-json\/wp\/v2\/types\/page"}],"author":[{"embeddable":true,"href":"https:\/\/zsp14gliwice.pl\/pm40\/wp-json\/wp\/v2\/users\/1"}],"replies":[{"embeddable":true,"href":"https:\/\/zsp14gliwice.pl\/pm40\/wp-json\/wp\/v2\/comments?post=503"}],"version-history":[{"count":10,"href":"https:\/\/zsp14gliwice.pl\/pm40\/wp-json\/wp\/v2\/pages\/503\/revisions"}],"predecessor-version":[{"id":2655,"href":"https:\/\/zsp14gliwice.pl\/pm40\/wp-json\/wp\/v2\/pages\/503\/revisions\/2655"}],"wp:attachment":[{"href":"https:\/\/zsp14gliwice.pl\/pm40\/wp-json\/wp\/v2\/media?parent=503"}],"curies":[{"name":"wp","href":"https:\/\/api.w.org\/{rel}","templated":true}]}}