{"id":450,"date":"2020-12-10T09:07:44","date_gmt":"2020-12-10T08:07:44","guid":{"rendered":"http:\/\/zsp14gliwice.pl\/pm40\/?page_id=450"},"modified":"2026-03-30T11:07:01","modified_gmt":"2026-03-30T09:07:01","slug":"jadlospis","status":"publish","type":"page","link":"https:\/\/zsp14gliwice.pl\/pm40\/jadlospis\/","title":{"rendered":"JAD\u0141OSPIS"},"content":{"rendered":"<section class=\"wpb-content-wrapper\">[vc_row full_width=&#8221;stretch_row_content_no_spaces&#8221;][vc_column][vc_single_image image=&#8221;128&#8243; img_size=&#8221;full&#8221; alignment=&#8221;center&#8221;][\/vc_column][\/vc_row][vc_row full_width=&#8221;stretch_row_content_no_spaces&#8221; equal_height=&#8221;yes&#8221; content_placement=&#8221;top&#8221;][vc_column width=&#8221;1\/2&#8243; css=&#8221;.vc_custom_1607274169052{padding-top: 50px !important;padding-right: 10% !important;padding-bottom: 50px !important;padding-left: 10% !important;}&#8221;][vc_column_text]\n<h1 style=\"text-align: center;\">JAD\u0141OSPIS<\/h1>\n[\/vc_column_text][vc_column_text css=&#8221;.vc_custom_1756585517441{margin-top: 15px !important;}&#8221;]Naszym du\u017cym atutem jest w\u0142asna kuchnia gdzie s\u0105 przygotowywane posi\u0142ki dla dzieci w formie \u015bniadania, zupy, drugiego dania i podwieczorku. Staramy si\u0119, aby posi\u0142ki przygotowywane w naszym przedszkolu mia\u0142y domowy charakter, a jednocze\u015bnie by\u0142y r\u00f3\u017cnorodne. Po\u017cywienie odpowiada dietom pokarmowym i jest dostosowane do indywidualnych potrzeb dzieci z alergiami.<br \/>\nUWAGA:<br \/>\nDzieci bez ogranicze\u0144 maj\u0105 udost\u0119pnion\u0105 do picia wod\u0119 z dystrybutor\u00f3w dost\u0119pnych na salach. Jad\u0142ospis na bie\u017c\u0105co jest wywieszany na tablicy og\u0142osze\u0144 w Przedszkolu.[\/vc_column_text][vc_btn title=&#8221;Pobierz najnowszy jad\u0142ospis&#8221; style=&#8221;flat&#8221; color=&#8221;pink&#8221; align=&#8221;center&#8221; i_icon_fontawesome=&#8221;fas fa-download&#8221; add_icon=&#8221;true&#8221; link=&#8221;url:https%3A%2F%2Fzsp14gliwice.pl%2Fpm40%2Fwp-content%2Fuploads%2F2026%2F03%2FJadlospis-30.03-03.04.2026.pdf|title:Pobierz%20najnowszy%20jad%C5%82ospis|rel:nofollow&#8221; css=&#8221;.vc_custom_1774861618377{margin-top: 25px !important;}&#8221;][\/vc_column][vc_column width=&#8221;1\/2&#8243; css=&#8221;.vc_custom_1608457522633{padding-top: 50px !important;padding-bottom: 50px !important;}&#8221;][vc_single_image image=&#8221;535&#8243; img_size=&#8221;960&#215;640&#8243; alignment=&#8221;right&#8221;][\/vc_column][\/vc_row][vc_row full_width=&#8221;stretch_row_content_no_spaces&#8221; el_class=&#8221;kkRow&#8221;][vc_column][vc_single_image image=&#8221;222&#8243; img_size=&#8221;full&#8221; alignment=&#8221;center&#8221;][\/vc_column][\/vc_row]\n<\/section>","protected":false},"excerpt":{"rendered":"<p>[vc_row full_width=&#8221;stretch_row_content_no_spaces&#8221;][vc_column][vc_single_image image=&#8221;128&#8243; img_size=&#8221;full&#8221; alignment=&#8221;center&#8221;][\/vc_column][\/vc_row][vc_row full_width=&#8221;stretch_row_content_no_spaces&#8221; equal_height=&#8221;yes&#8221; content_placement=&#8221;top&#8221;][vc_column width=&#8221;1\/2&#8243; css=&#8221;.vc_custom_1607274169052{padding-top: 50px !important;padding-right: 10% !important;padding-bottom: 50px !important;padding-left: 10% !important;}&#8221;][vc_column_text] JAD\u0141OSPIS [\/vc_column_text][vc_column_text css=&#8221;.vc_custom_1756585517441{margin-top: 15px !important;}&#8221;]Naszym du\u017cym atutem jest w\u0142asna kuchnia gdzie s\u0105 przygotowywane posi\u0142ki dla dzieci w formie \u015bniadania, zupy, drugiego dania i podwieczorku. Staramy si\u0119, aby posi\u0142ki przygotowywane w naszym przedszkolu mia\u0142y domowy charakter, a jednocze\u015bnie by\u0142y r\u00f3\u017cnorodne. Po\u017cywienie odpowiada dietom &#8230; <\/p>\n<div><a href=\"https:\/\/zsp14gliwice.pl\/pm40\/jadlospis\/\" class=\"more-link\">Read More<\/a><\/div>\n","protected":false},"author":1,"featured_media":0,"parent":0,"menu_order":0,"comment_status":"closed","ping_status":"closed","template":"template-blank-4.php","meta":{"footnotes":""},"_links":{"self":[{"href":"https:\/\/zsp14gliwice.pl\/pm40\/wp-json\/wp\/v2\/pages\/450"}],"collection":[{"href":"https:\/\/zsp14gliwice.pl\/pm40\/wp-json\/wp\/v2\/pages"}],"about":[{"href":"https:\/\/zsp14gliwice.pl\/pm40\/wp-json\/wp\/v2\/types\/page"}],"author":[{"embeddable":true,"href":"https:\/\/zsp14gliwice.pl\/pm40\/wp-json\/wp\/v2\/users\/1"}],"replies":[{"embeddable":true,"href":"https:\/\/zsp14gliwice.pl\/pm40\/wp-json\/wp\/v2\/comments?post=450"}],"version-history":[{"count":245,"href":"https:\/\/zsp14gliwice.pl\/pm40\/wp-json\/wp\/v2\/pages\/450\/revisions"}],"predecessor-version":[{"id":2956,"href":"https:\/\/zsp14gliwice.pl\/pm40\/wp-json\/wp\/v2\/pages\/450\/revisions\/2956"}],"wp:attachment":[{"href":"https:\/\/zsp14gliwice.pl\/pm40\/wp-json\/wp\/v2\/media?parent=450"}],"curies":[{"name":"wp","href":"https:\/\/api.w.org\/{rel}","templated":true}]}}