{"id":321,"date":"2020-10-29T12:44:36","date_gmt":"2020-10-29T11:44:36","guid":{"rendered":"http:\/\/zsp14gliwice.pl\/pm40\/?page_id=321"},"modified":"2021-02-03T20:49:49","modified_gmt":"2021-02-03T19:49:49","slug":"kontakt","status":"publish","type":"page","link":"https:\/\/zsp14gliwice.pl\/pm40\/kontakt\/","title":{"rendered":"Kontakt"},"content":{"rendered":"<section class=\"wpb-content-wrapper\">[vc_row full_width=&#8221;stretch_row_content_no_spaces&#8221; content_placement=&#8221;middle&#8221; el_class=&#8221;kkRow&#8221; css=&#8221;.vc_custom_1604050830170{background: #bdf0ff url(http:\/\/zsp14gliwice.pl\/pm40\/wp-content\/uploads\/2020\/10\/zsp14-pm4-bg-comp-4.png?id=125) !important;}&#8221; el_id=&#8221;kk-contact-header&#8221;][vc_column][vc_column_text]\n<h1 style=\"text-align: center; margin: 0 !important;\">Kontakt<\/h1>\n[\/vc_column_text][\/vc_column][\/vc_row][vc_row gap=&#8221;30&#8243; equal_height=&#8221;yes&#8221; content_placement=&#8221;middle&#8221; css=&#8221;.vc_custom_1604050512286{padding-right: 12% !important;padding-left: 12% !important;background-color: #bdf0ff !important;}&#8221; el_class=&#8221;kkRow&#8221;][vc_column width=&#8221;3\/5&#8243;][vc_column_text]\n<h2 style=\"text-align: center;\">Napisz do nas!<\/h2>\n[\/vc_column_text][vc_zigzag color=&#8221;pink&#8221; el_width=&#8221;20&#8243; el_border_width=&#8221;10&#8243; css=&#8221;.vc_custom_1603978245287{padding-bottom: 25px !important;}&#8221;][vc_column_text el_class=&#8221;kkForm&#8221;]\n<div class=\"wpcf7 no-js\" id=\"wpcf7-f332-o1\" lang=\"pl-PL\" dir=\"ltr\">\n<div class=\"screen-reader-response\"><p role=\"status\" aria-live=\"polite\" aria-atomic=\"true\"><\/p> <ul><\/ul><\/div>\n<form action=\"\/pm40\/wp-json\/wp\/v2\/pages\/321#wpcf7-f332-o1\" method=\"post\" class=\"wpcf7-form init\" aria-label=\"Formularz kontaktowy\" novalidate=\"novalidate\" data-status=\"init\">\n<div style=\"display: none;\">\n<input type=\"hidden\" name=\"_wpcf7\" value=\"332\" \/>\n<input type=\"hidden\" name=\"_wpcf7_version\" value=\"5.8.5\" \/>\n<input type=\"hidden\" name=\"_wpcf7_locale\" value=\"pl_PL\" \/>\n<input type=\"hidden\" name=\"_wpcf7_unit_tag\" value=\"wpcf7-f332-o1\" \/>\n<input type=\"hidden\" name=\"_wpcf7_container_post\" value=\"0\" \/>\n<input type=\"hidden\" name=\"_wpcf7_posted_data_hash\" value=\"\" \/>\n<\/div>\n<div class=\"kk-form-row\">\n\t<p><span class=\"wpcf7-form-control-wrap\" data-name=\"imie\"><input size=\"40\" class=\"wpcf7-form-control wpcf7-text wpcf7-validates-as-required\" aria-required=\"true\" aria-invalid=\"false\" placeholder=\"Imi\u0119\" value=\"\" type=\"text\" name=\"imie\" \/><\/span>\n\t<\/p>\n\t<p><span class=\"wpcf7-form-control-wrap\" data-name=\"nazwisko\"><input size=\"40\" class=\"wpcf7-form-control wpcf7-text wpcf7-validates-as-required\" aria-required=\"true\" aria-invalid=\"false\" placeholder=\"Nazwisko\" value=\"\" type=\"text\" name=\"nazwisko\" \/><\/span>\n\t<\/p>\n<\/div>\n<div class=\"kk-form-row\">\n\t<p><span class=\"wpcf7-form-control-wrap\" data-name=\"email\"><input size=\"40\" class=\"wpcf7-form-control wpcf7-email wpcf7-validates-as-required wpcf7-text wpcf7-validates-as-email\" aria-required=\"true\" aria-invalid=\"false\" placeholder=\"Email\" value=\"\" type=\"email\" name=\"email\" \/><\/span>\n\t<\/p>\n\t<p><span class=\"wpcf7-form-control-wrap\" data-name=\"temat\"><input size=\"40\" class=\"wpcf7-form-control wpcf7-text wpcf7-validates-as-required\" aria-required=\"true\" aria-invalid=\"false\" placeholder=\"Temat\" value=\"\" type=\"text\" name=\"temat\" \/><\/span>\n\t<\/p>\n<\/div>\n<p><span class=\"wpcf7-form-control-wrap\" data-name=\"tresc\"><textarea cols=\"40\" rows=\"10\" class=\"wpcf7-form-control wpcf7-textarea wpcf7-validates-as-required\" aria-required=\"true\" aria-invalid=\"false\" placeholder=\"Tre\u015b\u0107\" name=\"tresc\"><\/textarea><\/span><br \/>\n<span class=\"wpcf7-form-control-wrap\" data-name=\"zgoda\"><span class=\"wpcf7-form-control wpcf7-acceptance\"><span class=\"wpcf7-list-item\"><label><input type=\"checkbox\" name=\"zgoda\" value=\"1\" aria-invalid=\"false\" \/><span class=\"wpcf7-list-item-label\">&nbsp; Wyra\u017cam zgod\u0119 na przetwarzanie podanych przeze mnie danych przez Zesp\u00f3\u0142 Szkolno Przedszkolny nr.14 w Gliwicach w celu realizacji przes\u0142anego przeze mnie zg\u0142oszenia kontaktowego.<\/span><\/label><\/span><\/span><\/span>\n<\/p>\n<p style=\"text-align: center;\"><input class=\"wpcf7-form-control wpcf7-submit has-spinner\" type=\"submit\" value=\"Wy\u015blij\" \/>\n<\/p><div class=\"wpcf7-response-output\" aria-hidden=\"true\"><\/div>\n<\/form>\n<\/div>\n[\/vc_column_text][vc_single_image image=&#8221;151&#8243; img_size=&#8221;full&#8221; el_class=&#8221;kk-contact-motyl&#8221;][\/vc_column][vc_column width=&#8221;2\/5&#8243;][vc_column_text]\n<h2 style=\"text-align: left;\">Skontaktuj si\u0119 z nami<\/h2>\n[\/vc_column_text][vc_zigzag color=&#8221;pink&#8221; align=&#8221;left&#8221; el_width=&#8221;20&#8243; el_border_width=&#8221;10&#8243; css=&#8221;.vc_custom_1603977005954{padding-bottom: 25px !important;}&#8221;][vc_column_text css=&#8221;.vc_custom_1612381786936{padding-bottom: 15px !important;}&#8221;]<!--\n\n\n<p style=\"font-size: 18px;\">Lorem ipsum dolor sit amet, consectetur adipiscing elit. Fusce nec nunc enim. Quisque commodo metus vel nibh aliquam, eu ornare lectus fermentum. Duis convallis aliquam lacus sit amet convallis. Proin tincidunt posuere erat.<\/p>\n\n\n-->[\/vc_column_text][vc_raw_html el_class=&#8221;kk-contact-list&#8221;]JTNDaSUyMGNsYXNzJTNEJTIyZmElMjBmYS1waG9uZSUyMiUzRSUzQyUyRmklM0UlMjAlM0NhJTIwaHJlZiUzRCUyMnRlbCUzQTMyMjMxMTYyNSUyMiUzRTMyJTIwMjMxLTE2LTI1JTNDJTJGYSUzRSUzQ2JyJTNFJTBBJTNDaSUyMGNsYXNzJTNEJTIyZmElMjBmYS1lbnZlbG9wZS1vJTIyJTNFJTNDJTJGaSUzRSUyMCUzQ2ElMjBocmVmJTNEJTIybWFpbHRvJTNBc2VrcmV0YXJpYXQlNDB6c3AxNC5nbGl3aWNlLmV1JTIyJTNFJTIwc2VrcmV0YXJpYXQlNDB6c3AxNC5nbGl3aWNlLmV1JTNDJTJGYSUzRSUzQ2JyJTNFJTBBJTNDaSUyMGNsYXNzJTNEJTIyZmElMjBmYS1tYXAtbWFya2VyJTIyJTNFJTNDJTJGaSUzRSUyMHVsLiUyMFNpZW5raWV3aWN6YSUyMDklMkMlMjBHbGl3aWNl[\/vc_raw_html][vc_single_image image=&#8221;152&#8243; img_size=&#8221;full&#8221; alignment=&#8221;right&#8221;][\/vc_column][\/vc_row][vc_row el_class=&#8221;kkRow kk-contact-map&#8221;][vc_column][vc_raw_html]JTNDaWZyYW1lJTIwc3JjJTNEJTIyaHR0cHMlM0ElMkYlMkZ3d3cuZ29vZ2xlLmNvbSUyRm1hcHMlMkZlbWJlZCUzRnBiJTNEJTIxMW0xOCUyMTFtMTIlMjExbTMlMjExZDI1NDguNTIzNjE4Nzc3Mzk1MyUyMTJkMTguNjY1MzQ0NjE1NzI1OTg1JTIxM2Q1MC4zMDA4MTk3Nzk0NTUwMDQlMjEybTMlMjExZjAlMjEyZjAlMjEzZjAlMjEzbTIlMjExaTEwMjQlMjEyaTc2OCUyMTRmMTMuMSUyMTNtMyUyMTFtMiUyMTFzMHg0NzExMzA1NzViODM1OWU5JTI1M0EweDE1YWFjNzJkNWZlNTNkNzIlMjEyc0hlbnJ5a2ElMjUyMFNpZW5raWV3aWN6YSUyNTIwOSUyNTJDJTI1MjA0NC0xMDAlMjUyMEdsaXdpY2UlMjE1ZTAlMjEzbTIlMjExc3BsJTIxMnNwbCUyMTR2MTYxMjM4MTcyNDQzMSUyMTVtMiUyMTFzcGwlMjEyc3BsJTIyJTIwaGVpZ2h0JTNEJTIyNDAwJTIyJTIwZnJhbWVib3JkZXIlM0QlMjIwJTIyJTIwc3R5bGUlM0QlMjJib3JkZXIlM0EwJTNCJTIyJTIwYWxsb3dmdWxsc2NyZWVuJTNEJTIyJTIyJTIwYXJpYS1oaWRkZW4lM0QlMjJmYWxzZSUyMiUyMHRhYmluZGV4JTNEJTIyMCUyMiUzRSUzQyUyRmlmcmFtZSUzRQ==[\/vc_raw_html][\/vc_column][\/vc_row][vc_row full_width=&#8221;stretch_row_content_no_spaces&#8221; el_class=&#8221;kkRow&#8221; css=&#8221;.vc_custom_1603980415407{background-color: #bdf0ff !important;}&#8221;][vc_column][\/vc_column][\/vc_row]\n<\/section>","protected":false},"excerpt":{"rendered":"<p>[vc_row full_width=&#8221;stretch_row_content_no_spaces&#8221; content_placement=&#8221;middle&#8221; el_class=&#8221;kkRow&#8221; css=&#8221;.vc_custom_1604050830170{background: #bdf0ff url(http:\/\/zsp14gliwice.pl\/pm40\/wp-content\/uploads\/2020\/10\/zsp14-pm4-bg-comp-4.png?id=125) !important;}&#8221; el_id=&#8221;kk-contact-header&#8221;][vc_column][vc_column_text] Kontakt [\/vc_column_text][\/vc_column][\/vc_row][vc_row gap=&#8221;30&#8243; equal_height=&#8221;yes&#8221; content_placement=&#8221;middle&#8221; css=&#8221;.vc_custom_1604050512286{padding-right: 12% !important;padding-left: 12% !important;background-color: #bdf0ff !important;}&#8221; el_class=&#8221;kkRow&#8221;][vc_column width=&#8221;3\/5&#8243;][vc_column_text] Napisz do nas! [\/vc_column_text][vc_zigzag color=&#8221;pink&#8221; el_width=&#8221;20&#8243; el_border_width=&#8221;10&#8243; css=&#8221;.vc_custom_1603978245287{padding-bottom: 25px !important;}&#8221;][vc_column_text el_class=&#8221;kkForm&#8221;][\/vc_column_text][vc_single_image image=&#8221;151&#8243; img_size=&#8221;full&#8221; el_class=&#8221;kk-contact-motyl&#8221;][\/vc_column][vc_column width=&#8221;2\/5&#8243;][vc_column_text] Skontaktuj si\u0119 z nami [\/vc_column_text][vc_zigzag color=&#8221;pink&#8221; align=&#8221;left&#8221; el_width=&#8221;20&#8243; el_border_width=&#8221;10&#8243; css=&#8221;.vc_custom_1603977005954{padding-bottom: 25px !important;}&#8221;][vc_column_text css=&#8221;.vc_custom_1612381786936{padding-bottom: 15px !important;}&#8221;][\/vc_column_text][vc_raw_html el_class=&#8221;kk-contact-list&#8221;]JTNDaSUyMGNsYXNzJTNEJTIyZmElMjBmYS1waG9uZSUyMiUzRSUzQyUyRmklM0UlMjAlM0NhJTIwaHJlZiUzRCUyMnRlbCUzQTMyMjMxMTYyNSUyMiUzRTMyJTIwMjMxLTE2LTI1JTNDJTJGYSUzRSUzQ2JyJTNFJTBBJTNDaSUyMGNsYXNzJTNEJTIyZmElMjBmYS1lbnZlbG9wZS1vJTIyJTNFJTNDJTJGaSUzRSUyMCUzQ2ElMjBocmVmJTNEJTIybWFpbHRvJTNBc2VrcmV0YXJpYXQlNDB6c3AxNC5nbGl3aWNlLmV1JTIyJTNFJTIwc2VrcmV0YXJpYXQlNDB6c3AxNC5nbGl3aWNlLmV1JTNDJTJGYSUzRSUzQ2JyJTNFJTBBJTNDaSUyMGNsYXNzJTNEJTIyZmElMjBmYS1tYXAtbWFya2VyJTIyJTNFJTNDJTJGaSUzRSUyMHVsLiUyMFNpZW5raWV3aWN6YSUyMDklMkMlMjBHbGl3aWNl[\/vc_raw_html][vc_single_image image=&#8221;152&#8243; img_size=&#8221;full&#8221; alignment=&#8221;right&#8221;][\/vc_column][\/vc_row][vc_row el_class=&#8221;kkRow kk-contact-map&#8221;][vc_column][vc_raw_html]JTNDaWZyYW1lJTIwc3JjJTNEJTIyaHR0cHMlM0ElMkYlMkZ3d3cuZ29vZ2xlLmNvbSUyRm1hcHMlMkZlbWJlZCUzRnBiJTNEJTIxMW0xOCUyMTFtMTIlMjExbTMlMjExZDI1NDguNTIzNjE4Nzc3Mzk1MyUyMTJkMTguNjY1MzQ0NjE1NzI1OTg1JTIxM2Q1MC4zMDA4MTk3Nzk0NTUwMDQlMjEybTMlMjExZjAlMjEyZjAlMjEzZjAlMjEzbTIlMjExaTEwMjQlMjEyaTc2OCUyMTRmMTMuMSUyMTNtMyUyMTFtMiUyMTFzMHg0NzExMzA1NzViODM1OWU5JTI1M0EweDE1YWFjNzJkNWZlNTNkNzIlMjEyc0hlbnJ5a2ElMjUyMFNpZW5raWV3aWN6YSUyNTIwOSUyNTJDJTI1MjA0NC0xMDAlMjUyMEdsaXdpY2UlMjE1ZTAlMjEzbTIlMjExc3BsJTIxMnNwbCUyMTR2MTYxMjM4MTcyNDQzMSUyMTVtMiUyMTFzcGwlMjEyc3BsJTIyJTIwaGVpZ2h0JTNEJTIyNDAwJTIyJTIwZnJhbWVib3JkZXIlM0QlMjIwJTIyJTIwc3R5bGUlM0QlMjJib3JkZXIlM0EwJTNCJTIyJTIwYWxsb3dmdWxsc2NyZWVuJTNEJTIyJTIyJTIwYXJpYS1oaWRkZW4lM0QlMjJmYWxzZSUyMiUyMHRhYmluZGV4JTNEJTIyMCUyMiUzRSUzQyUyRmlmcmFtZSUzRQ==[\/vc_raw_html][\/vc_column][\/vc_row][vc_row full_width=&#8221;stretch_row_content_no_spaces&#8221; &#8230; <\/p>\n<div><a href=\"https:\/\/zsp14gliwice.pl\/pm40\/kontakt\/\" class=\"more-link\">Read More<\/a><\/div>\n","protected":false},"author":1,"featured_media":0,"parent":0,"menu_order":0,"comment_status":"closed","ping_status":"closed","template":"template-blank-4.php","meta":{"footnotes":""},"_links":{"self":[{"href":"https:\/\/zsp14gliwice.pl\/pm40\/wp-json\/wp\/v2\/pages\/321"}],"collection":[{"href":"https:\/\/zsp14gliwice.pl\/pm40\/wp-json\/wp\/v2\/pages"}],"about":[{"href":"https:\/\/zsp14gliwice.pl\/pm40\/wp-json\/wp\/v2\/types\/page"}],"author":[{"embeddable":true,"href":"https:\/\/zsp14gliwice.pl\/pm40\/wp-json\/wp\/v2\/users\/1"}],"replies":[{"embeddable":true,"href":"https:\/\/zsp14gliwice.pl\/pm40\/wp-json\/wp\/v2\/comments?post=321"}],"version-history":[{"count":37,"href":"https:\/\/zsp14gliwice.pl\/pm40\/wp-json\/wp\/v2\/pages\/321\/revisions"}],"predecessor-version":[{"id":618,"href":"https:\/\/zsp14gliwice.pl\/pm40\/wp-json\/wp\/v2\/pages\/321\/revisions\/618"}],"wp:attachment":[{"href":"https:\/\/zsp14gliwice.pl\/pm40\/wp-json\/wp\/v2\/media?parent=321"}],"curies":[{"name":"wp","href":"https:\/\/api.w.org\/{rel}","templated":true}]}}