{"id":1020,"date":"2021-09-16T13:46:25","date_gmt":"2021-09-16T11:46:25","guid":{"rendered":"http:\/\/zsp14gliwice.pl\/pm40\/?page_id=1020"},"modified":"2021-09-16T13:46:25","modified_gmt":"2021-09-16T11:46:25","slug":"tygryski","status":"publish","type":"page","link":"https:\/\/zsp14gliwice.pl\/pm40\/tygryski\/","title":{"rendered":"Tygryski"},"content":{"rendered":"<section class=\"wpb-content-wrapper\">[vc_row full_width=&#8221;stretch_row_content_no_spaces&#8221;][vc_column][vc_single_image image=&#8221;128&#8243; img_size=&#8221;full&#8221; alignment=&#8221;center&#8221;][\/vc_column][\/vc_row][vc_row equal_height=&#8221;yes&#8221; content_placement=&#8221;middle&#8221;][vc_column width=&#8221;1\/2&#8243; css=&#8221;.vc_custom_1607274169052{padding-top: 50px !important;padding-right: 10% !important;padding-bottom: 50px !important;padding-left: 10% !important;}&#8221;][vc_column_text]\n<h1 style=\"text-align: center;\">TYGRYSKI<\/h1>\n[\/vc_column_text][vc_column_text]Tygryski to grupa integracyjna 5- 6 i 7 latk\u00f3w lubi\u0105cych bawi\u0107 si\u0119 i uczy\u0107 z wykorzystaniem zasad planu dalto\u0144skiego. Dzieci ch\u0119tnie rysuj\u0105, wycinaj\u0105, tworz\u0105 budowle z klock\u00f3w, lubi\u0105 s\u0142ucha\u0107 bajek, lubi\u0105 te\u017c ta\u0144czy\u0107 i \u015bpiewa\u0107. Zaj\u0119cia dodatkowe realizowane w grupie to: j\u0119zyk angielski, zaj\u0119cia umuzykalniaj\u0105ce, judo. No i jak na Tygryski przysta\u0142o, z ochot\u0105 &#8222;brykaj\u0105&#8221; w przedszkolnym ogrodzie.[\/vc_column_text][\/vc_column][vc_column width=&#8221;1\/2&#8243; css=&#8221;.vc_custom_1607275251720{padding-top: 50px !important;padding-right: 10% !important;padding-bottom: 50px !important;padding-left: 10% !important;}&#8221;][vc_single_image image=&#8221;1003&#8243; img_size=&#8221;full&#8221; alignment=&#8221;center&#8221;][\/vc_column][\/vc_row][vc_row full_width=&#8221;stretch_row_content_no_spaces&#8221; el_class=&#8221;kkRow&#8221;][vc_column][vc_single_image image=&#8221;222&#8243; img_size=&#8221;full&#8221; alignment=&#8221;center&#8221;][\/vc_column][\/vc_row]\n<\/section>","protected":false},"excerpt":{"rendered":"<p>[vc_row full_width=&#8221;stretch_row_content_no_spaces&#8221;][vc_column][vc_single_image image=&#8221;128&#8243; img_size=&#8221;full&#8221; alignment=&#8221;center&#8221;][\/vc_column][\/vc_row][vc_row equal_height=&#8221;yes&#8221; content_placement=&#8221;middle&#8221;][vc_column width=&#8221;1\/2&#8243; css=&#8221;.vc_custom_1607274169052{padding-top: 50px !important;padding-right: 10% !important;padding-bottom: 50px !important;padding-left: 10% !important;}&#8221;][vc_column_text] TYGRYSKI [\/vc_column_text][vc_column_text]Tygryski to grupa integracyjna 5- 6 i 7 latk\u00f3w lubi\u0105cych bawi\u0107 si\u0119 i uczy\u0107 z wykorzystaniem zasad planu dalto\u0144skiego. Dzieci ch\u0119tnie rysuj\u0105, wycinaj\u0105, tworz\u0105 budowle z klock\u00f3w, lubi\u0105 s\u0142ucha\u0107 bajek, lubi\u0105 te\u017c ta\u0144czy\u0107 i \u015bpiewa\u0107. Zaj\u0119cia dodatkowe realizowane w grupie to: j\u0119zyk &#8230; <\/p>\n<div><a href=\"https:\/\/zsp14gliwice.pl\/pm40\/tygryski\/\" class=\"more-link\">Read More<\/a><\/div>\n","protected":false},"author":1,"featured_media":0,"parent":0,"menu_order":0,"comment_status":"closed","ping_status":"closed","template":"template-blank-4.php","meta":{"footnotes":""},"_links":{"self":[{"href":"https:\/\/zsp14gliwice.pl\/pm40\/wp-json\/wp\/v2\/pages\/1020"}],"collection":[{"href":"https:\/\/zsp14gliwice.pl\/pm40\/wp-json\/wp\/v2\/pages"}],"about":[{"href":"https:\/\/zsp14gliwice.pl\/pm40\/wp-json\/wp\/v2\/types\/page"}],"author":[{"embeddable":true,"href":"https:\/\/zsp14gliwice.pl\/pm40\/wp-json\/wp\/v2\/users\/1"}],"replies":[{"embeddable":true,"href":"https:\/\/zsp14gliwice.pl\/pm40\/wp-json\/wp\/v2\/comments?post=1020"}],"version-history":[{"count":1,"href":"https:\/\/zsp14gliwice.pl\/pm40\/wp-json\/wp\/v2\/pages\/1020\/revisions"}],"predecessor-version":[{"id":1021,"href":"https:\/\/zsp14gliwice.pl\/pm40\/wp-json\/wp\/v2\/pages\/1020\/revisions\/1021"}],"wp:attachment":[{"href":"https:\/\/zsp14gliwice.pl\/pm40\/wp-json\/wp\/v2\/media?parent=1020"}],"curies":[{"name":"wp","href":"https:\/\/api.w.org\/{rel}","templated":true}]}}