{"id":1017,"date":"2021-09-16T13:43:58","date_gmt":"2021-09-16T11:43:58","guid":{"rendered":"http:\/\/zsp14gliwice.pl\/pm40\/?page_id=1017"},"modified":"2021-09-16T13:43:58","modified_gmt":"2021-09-16T11:43:58","slug":"iskierki","status":"publish","type":"page","link":"https:\/\/zsp14gliwice.pl\/pm40\/iskierki\/","title":{"rendered":"Iskierki"},"content":{"rendered":"<section class=\"wpb-content-wrapper\">[vc_row full_width=&#8221;stretch_row_content_no_spaces&#8221;][vc_column][vc_single_image image=&#8221;128&#8243; img_size=&#8221;full&#8221; alignment=&#8221;center&#8221;][\/vc_column][\/vc_row][vc_row equal_height=&#8221;yes&#8221; content_placement=&#8221;middle&#8221;][vc_column width=&#8221;1\/2&#8243; css=&#8221;.vc_custom_1607274169052{padding-top: 50px !important;padding-right: 10% !important;padding-bottom: 50px !important;padding-left: 10% !important;}&#8221;][vc_column_text]\n<h1 style=\"text-align: center;\">ISKIERKI<\/h1>\n[\/vc_column_text][vc_column_text]Grupa Iskierki to grupa integracyjna 3-4 latk\u00f3w. Grupa pracuje w oparciu o metod\u0119 Montessori, kt\u00f3ra k\u0142adzie nacisk na samodzielne do\u015bwiadczanie, \u0107wiczenie samodzielno\u015bci, indywidualizacj\u0119. Dzi\u0119ki takiemu podej\u015bciu dzieci rozwijaj\u0105 swoje zainteresowania, doskonal\u0105 umiej\u0119tno\u015bci. Zaj\u0119cia dodatkowe realizowane w grupie to: j\u0119zyk angielski, zaj\u0119cia umuzykalniaj\u0105ce. Realizowane w tym roku projekty- ,, Przedszkolaki z pasj\u0105&#8221;, ,, Mali- Wielcy Arty\u015bci&#8221; ( projekt edukacyjny),\u201dMa\u0142y czy du\u017cy w podr\u00f3\u017cy do krainy emocji\u201d.[\/vc_column_text][\/vc_column][vc_column width=&#8221;1\/2&#8243; css=&#8221;.vc_custom_1607275251720{padding-top: 50px !important;padding-right: 10% !important;padding-bottom: 50px !important;padding-left: 10% !important;}&#8221;][vc_single_image image=&#8221;1007&#8243; img_size=&#8221;full&#8221; alignment=&#8221;center&#8221;][\/vc_column][\/vc_row][vc_row full_width=&#8221;stretch_row_content_no_spaces&#8221; el_class=&#8221;kkRow&#8221;][vc_column][vc_single_image image=&#8221;222&#8243; img_size=&#8221;full&#8221; alignment=&#8221;center&#8221;][\/vc_column][\/vc_row]\n<\/section>","protected":false},"excerpt":{"rendered":"<p>[vc_row full_width=&#8221;stretch_row_content_no_spaces&#8221;][vc_column][vc_single_image image=&#8221;128&#8243; img_size=&#8221;full&#8221; alignment=&#8221;center&#8221;][\/vc_column][\/vc_row][vc_row equal_height=&#8221;yes&#8221; content_placement=&#8221;middle&#8221;][vc_column width=&#8221;1\/2&#8243; css=&#8221;.vc_custom_1607274169052{padding-top: 50px !important;padding-right: 10% !important;padding-bottom: 50px !important;padding-left: 10% !important;}&#8221;][vc_column_text] ISKIERKI [\/vc_column_text][vc_column_text]Grupa Iskierki to grupa integracyjna 3-4 latk\u00f3w. Grupa pracuje w oparciu o metod\u0119 Montessori, kt\u00f3ra k\u0142adzie nacisk na samodzielne do\u015bwiadczanie, \u0107wiczenie samodzielno\u015bci, indywidualizacj\u0119. Dzi\u0119ki takiemu podej\u015bciu dzieci rozwijaj\u0105 swoje zainteresowania, doskonal\u0105 umiej\u0119tno\u015bci. Zaj\u0119cia dodatkowe realizowane w grupie to: j\u0119zyk angielski, zaj\u0119cia umuzykalniaj\u0105ce. &#8230; <\/p>\n<div><a href=\"https:\/\/zsp14gliwice.pl\/pm40\/iskierki\/\" class=\"more-link\">Read More<\/a><\/div>\n","protected":false},"author":1,"featured_media":0,"parent":0,"menu_order":0,"comment_status":"closed","ping_status":"closed","template":"template-blank-4.php","meta":{"footnotes":""},"_links":{"self":[{"href":"https:\/\/zsp14gliwice.pl\/pm40\/wp-json\/wp\/v2\/pages\/1017"}],"collection":[{"href":"https:\/\/zsp14gliwice.pl\/pm40\/wp-json\/wp\/v2\/pages"}],"about":[{"href":"https:\/\/zsp14gliwice.pl\/pm40\/wp-json\/wp\/v2\/types\/page"}],"author":[{"embeddable":true,"href":"https:\/\/zsp14gliwice.pl\/pm40\/wp-json\/wp\/v2\/users\/1"}],"replies":[{"embeddable":true,"href":"https:\/\/zsp14gliwice.pl\/pm40\/wp-json\/wp\/v2\/comments?post=1017"}],"version-history":[{"count":1,"href":"https:\/\/zsp14gliwice.pl\/pm40\/wp-json\/wp\/v2\/pages\/1017\/revisions"}],"predecessor-version":[{"id":1018,"href":"https:\/\/zsp14gliwice.pl\/pm40\/wp-json\/wp\/v2\/pages\/1017\/revisions\/1018"}],"wp:attachment":[{"href":"https:\/\/zsp14gliwice.pl\/pm40\/wp-json\/wp\/v2\/media?parent=1017"}],"curies":[{"name":"wp","href":"https:\/\/api.w.org\/{rel}","templated":true}]}}