{"id":1011,"date":"2021-09-16T13:36:07","date_gmt":"2021-09-16T11:36:07","guid":{"rendered":"http:\/\/zsp14gliwice.pl\/pm40\/?page_id=1011"},"modified":"2025-09-28T18:59:50","modified_gmt":"2025-09-28T16:59:50","slug":"rybki","status":"publish","type":"page","link":"https:\/\/zsp14gliwice.pl\/pm40\/rybki\/","title":{"rendered":"Pingwinki"},"content":{"rendered":"<section class=\"wpb-content-wrapper\">[vc_row full_width=&#8221;stretch_row_content_no_spaces&#8221;][vc_column][vc_single_image image=&#8221;128&#8243; img_size=&#8221;full&#8221; alignment=&#8221;center&#8221;][\/vc_column][\/vc_row][vc_row equal_height=&#8221;yes&#8221; content_placement=&#8221;middle&#8221;][vc_column width=&#8221;1\/2&#8243; css=&#8221;.vc_custom_1607274169052{padding-top: 50px !important;padding-right: 10% !important;padding-bottom: 50px !important;padding-left: 10% !important;}&#8221;][vc_column_text]\n<h1 style=\"text-align: center;\">PINGWINKI<\/h1>\n[\/vc_column_text][vc_column_text]PINGWINKI to grupa 5-latk\u00f3w odkrywaj\u0105ca uroki naszego przedszkola. Grupa<br \/>\ndzia\u0142a w oparciu o program \u201cZbieram, poszukuj\u0119, badam\u201d \u2013<br \/>\nD. Dziamskiej, M. Buchnat.<br \/>\nW naszej grupie realizujemy projekty\/ programy:<br \/>\n&#8211; \u201cMoje Montessori\u201d<br \/>\n&#8211; \u201cMamo, tato wol\u0119 wod\u0119\u201d zach\u0119caj\u0105c do zdrowego trybu \u017cycia,<br \/>\n&#8211; Mi\u0119dzynarodowy program \u201cPrzyjaciele Zippiego\u201d<br \/>\nDoskonalimy sprawno\u015b\u0107 manualn\u0105 wykorzystuj\u0105c Arteterapi\u0119.<br \/>\nRealizujemy tak\u017ce projekt czytelniczy \u201cMagiczna moc bajek\u201d.<br \/>\nDodatkowo wykorzystujemy Metod\u0119 Ruchu Rozwijaj\u0105cego Weroniki Shereborn,<br \/>\nPedagogik\u0119 Zabawy &#8211; Klanz\u0119 oraz metody aktywizuj\u0105ce. Zgodnie z<br \/>\nza\u0142o\u017ceniami grupy wspieramy samodzielno\u015b\u0107 dzieci ucz\u0105c czynno\u015bci dnia<br \/>\ncodziennego. Uwzgl\u0119dniamy potrzeby i rozw\u00f3j dzieci stosuj\u0105c zasad\u0119<br \/>\n\u201cDaj mi czas\u201d. Uczymy empatii, szacunku do drugiej osoby oraz tego, \u017ce ka\u017cdy jest<br \/>\nwa\u017cny. Zaj\u0119cia dodatkowe prowadzone w grupie to j. angielski, zaj\u0119cia<br \/>\numuzykalniaj\u0105ce przy akompaniamencie pianina oraz zaj\u0119cia ruchowe z elementami<br \/>\npi\u0142ki no\u017cnej.[\/vc_column_text][\/vc_column][vc_column width=&#8221;1\/2&#8243; css=&#8221;.vc_custom_1607275251720{padding-top: 50px !important;padding-right: 10% !important;padding-bottom: 50px !important;padding-left: 10% !important;}&#8221;][vc_single_image image=&#8221;1006&#8243; img_size=&#8221;full&#8221; alignment=&#8221;center&#8221;][\/vc_column][\/vc_row][vc_row full_width=&#8221;stretch_row_content_no_spaces&#8221; el_class=&#8221;kkRow&#8221;][vc_column][vc_single_image image=&#8221;222&#8243; img_size=&#8221;full&#8221; alignment=&#8221;center&#8221;][\/vc_column][\/vc_row]\n<\/section>","protected":false},"excerpt":{"rendered":"<p>[vc_row full_width=&#8221;stretch_row_content_no_spaces&#8221;][vc_column][vc_single_image image=&#8221;128&#8243; img_size=&#8221;full&#8221; alignment=&#8221;center&#8221;][\/vc_column][\/vc_row][vc_row equal_height=&#8221;yes&#8221; content_placement=&#8221;middle&#8221;][vc_column width=&#8221;1\/2&#8243; css=&#8221;.vc_custom_1607274169052{padding-top: 50px !important;padding-right: 10% !important;padding-bottom: 50px !important;padding-left: 10% !important;}&#8221;][vc_column_text] PINGWINKI [\/vc_column_text][vc_column_text]PINGWINKI to grupa 5-latk\u00f3w odkrywaj\u0105ca uroki naszego przedszkola. Grupa dzia\u0142a w oparciu o program \u201cZbieram, poszukuj\u0119, badam\u201d \u2013 D. Dziamskiej, M. Buchnat. W naszej grupie realizujemy projekty\/ programy: &#8211; \u201cMoje Montessori\u201d &#8211; \u201cMamo, tato wol\u0119 wod\u0119\u201d zach\u0119caj\u0105c do zdrowego trybu \u017cycia, &#8211; &#8230; <\/p>\n<div><a href=\"https:\/\/zsp14gliwice.pl\/pm40\/rybki\/\" class=\"more-link\">Read More<\/a><\/div>\n","protected":false},"author":1,"featured_media":0,"parent":0,"menu_order":0,"comment_status":"closed","ping_status":"closed","template":"template-blank-4.php","meta":{"footnotes":""},"_links":{"self":[{"href":"https:\/\/zsp14gliwice.pl\/pm40\/wp-json\/wp\/v2\/pages\/1011"}],"collection":[{"href":"https:\/\/zsp14gliwice.pl\/pm40\/wp-json\/wp\/v2\/pages"}],"about":[{"href":"https:\/\/zsp14gliwice.pl\/pm40\/wp-json\/wp\/v2\/types\/page"}],"author":[{"embeddable":true,"href":"https:\/\/zsp14gliwice.pl\/pm40\/wp-json\/wp\/v2\/users\/1"}],"replies":[{"embeddable":true,"href":"https:\/\/zsp14gliwice.pl\/pm40\/wp-json\/wp\/v2\/comments?post=1011"}],"version-history":[{"count":4,"href":"https:\/\/zsp14gliwice.pl\/pm40\/wp-json\/wp\/v2\/pages\/1011\/revisions"}],"predecessor-version":[{"id":2843,"href":"https:\/\/zsp14gliwice.pl\/pm40\/wp-json\/wp\/v2\/pages\/1011\/revisions\/2843"}],"wp:attachment":[{"href":"https:\/\/zsp14gliwice.pl\/pm40\/wp-json\/wp\/v2\/media?parent=1011"}],"curies":[{"name":"wp","href":"https:\/\/api.w.org\/{rel}","templated":true}]}}