{"id":1009,"date":"2021-09-16T13:34:06","date_gmt":"2021-09-16T11:34:06","guid":{"rendered":"http:\/\/zsp14gliwice.pl\/pm40\/?page_id=1009"},"modified":"2021-09-16T13:34:06","modified_gmt":"2021-09-16T11:34:06","slug":"biedronki","status":"publish","type":"page","link":"https:\/\/zsp14gliwice.pl\/pm40\/biedronki\/","title":{"rendered":"Biedronki"},"content":{"rendered":"<section class=\"wpb-content-wrapper\">[vc_row full_width=&#8221;stretch_row_content_no_spaces&#8221;][vc_column][vc_single_image image=&#8221;128&#8243; img_size=&#8221;full&#8221; alignment=&#8221;center&#8221;][\/vc_column][\/vc_row][vc_row equal_height=&#8221;yes&#8221; content_placement=&#8221;middle&#8221;][vc_column width=&#8221;1\/2&#8243; css=&#8221;.vc_custom_1607274169052{padding-top: 50px !important;padding-right: 10% !important;padding-bottom: 50px !important;padding-left: 10% !important;}&#8221;][vc_column_text]\n<h1 style=\"text-align: center;\">BIEDRONKI<\/h1>\n[\/vc_column_text][vc_column_text]&#8221;Biedronki&#8221; to grupa integracyjna dzieci 4\u2013letnich. Pracujemy w oparciu o Program Wychowania Przedszkolnego ,,Zbieram, poszukuj\u0119, badam\u201d D. Dziamskiej, Marzeny Buchnat realizuj\u0105c tre\u015bci podstawy programowej. W pracy z dzie\u0107mi wykorzystujemy r\u00f3wnie\u017c elementy glottodydaktyki, metod\u0119 Ruchu Rozwijaj\u0105cego W.Sherborne, metod\u0119 C.Orffa oraz Labana. Zaj\u0119cia dodatkowe realizowane w grupie to: j\u0119zyk angielski, zaj\u0119cia umuzykalniaj\u0105ce. Rozwijamy my\u015blenie tw\u00f3rcze, wzmacniamy motywacj\u0119 i rozwijamy samodzielno\u015b\u0107 i umiej\u0119tno\u015b\u0107 wsp\u00f3\u0142pracy. Dzieci s\u0105 bardzo aktywne i ch\u0119tnie bior\u0105 udzia\u0142 w r\u00f3\u017cnego rodzaju zabawach i zaj\u0119ciach organizowanych. Bardzo lubi\u0105 \u015bpiewa\u0107 i ta\u0144czy\u0107. S\u0105 radosne, u\u015bmiechni\u0119te i bardzo ch\u0119tne do pog\u0142\u0119biania swojej wiedzy na temat otaczaj\u0105cego ich \u015bwiata.[\/vc_column_text][\/vc_column][vc_column width=&#8221;1\/2&#8243; css=&#8221;.vc_custom_1607275251720{padding-top: 50px !important;padding-right: 10% !important;padding-bottom: 50px !important;padding-left: 10% !important;}&#8221;][vc_single_image image=&#8221;1004&#8243; img_size=&#8221;full&#8221; alignment=&#8221;center&#8221;][\/vc_column][\/vc_row][vc_row full_width=&#8221;stretch_row_content_no_spaces&#8221; el_class=&#8221;kkRow&#8221;][vc_column][vc_single_image image=&#8221;222&#8243; img_size=&#8221;full&#8221; alignment=&#8221;center&#8221;][\/vc_column][\/vc_row]\n<\/section>","protected":false},"excerpt":{"rendered":"<p>[vc_row full_width=&#8221;stretch_row_content_no_spaces&#8221;][vc_column][vc_single_image image=&#8221;128&#8243; img_size=&#8221;full&#8221; alignment=&#8221;center&#8221;][\/vc_column][\/vc_row][vc_row equal_height=&#8221;yes&#8221; content_placement=&#8221;middle&#8221;][vc_column width=&#8221;1\/2&#8243; css=&#8221;.vc_custom_1607274169052{padding-top: 50px !important;padding-right: 10% !important;padding-bottom: 50px !important;padding-left: 10% !important;}&#8221;][vc_column_text] BIEDRONKI [\/vc_column_text][vc_column_text]&#8221;Biedronki&#8221; to grupa integracyjna dzieci 4\u2013letnich. Pracujemy w oparciu o Program Wychowania Przedszkolnego ,,Zbieram, poszukuj\u0119, badam\u201d D. Dziamskiej, Marzeny Buchnat realizuj\u0105c tre\u015bci podstawy programowej. W pracy z dzie\u0107mi wykorzystujemy r\u00f3wnie\u017c elementy glottodydaktyki, metod\u0119 Ruchu Rozwijaj\u0105cego W.Sherborne, metod\u0119 C.Orffa oraz Labana. Zaj\u0119cia dodatkowe &#8230; <\/p>\n<div><a href=\"https:\/\/zsp14gliwice.pl\/pm40\/biedronki\/\" class=\"more-link\">Read More<\/a><\/div>\n","protected":false},"author":1,"featured_media":0,"parent":0,"menu_order":0,"comment_status":"closed","ping_status":"closed","template":"template-blank-4.php","meta":{"footnotes":""},"_links":{"self":[{"href":"https:\/\/zsp14gliwice.pl\/pm40\/wp-json\/wp\/v2\/pages\/1009"}],"collection":[{"href":"https:\/\/zsp14gliwice.pl\/pm40\/wp-json\/wp\/v2\/pages"}],"about":[{"href":"https:\/\/zsp14gliwice.pl\/pm40\/wp-json\/wp\/v2\/types\/page"}],"author":[{"embeddable":true,"href":"https:\/\/zsp14gliwice.pl\/pm40\/wp-json\/wp\/v2\/users\/1"}],"replies":[{"embeddable":true,"href":"https:\/\/zsp14gliwice.pl\/pm40\/wp-json\/wp\/v2\/comments?post=1009"}],"version-history":[{"count":1,"href":"https:\/\/zsp14gliwice.pl\/pm40\/wp-json\/wp\/v2\/pages\/1009\/revisions"}],"predecessor-version":[{"id":1010,"href":"https:\/\/zsp14gliwice.pl\/pm40\/wp-json\/wp\/v2\/pages\/1009\/revisions\/1010"}],"wp:attachment":[{"href":"https:\/\/zsp14gliwice.pl\/pm40\/wp-json\/wp\/v2\/media?parent=1009"}],"curies":[{"name":"wp","href":"https:\/\/api.w.org\/{rel}","templated":true}]}}