{"id":967,"date":"2021-06-23T14:06:15","date_gmt":"2021-06-23T12:06:15","guid":{"rendered":"http:\/\/zsp14gliwice.pl\/pm4\/?page_id=967"},"modified":"2021-06-23T14:06:18","modified_gmt":"2021-06-23T12:06:18","slug":"mapa-strony","status":"publish","type":"page","link":"https:\/\/zsp14gliwice.pl\/pm4\/mapa-strony\/","title":{"rendered":"Mapa strony"},"content":{"rendered":"<div class=\"wsp-container\"><h2 class=\"wsp-pages-title\">Pages<\/h2>\n<ul class=\"wsp-pages-list\">\n<li class=\"page_item page-item-355\"><a href=\"https:\/\/zsp14gliwice.pl\/pm4\/aktualnosci\/\">Aktualno\u015bci<\/a><\/li>\n<li class=\"page_item page-item-468\"><a href=\"https:\/\/zsp14gliwice.pl\/pm4\/biedronki\/\">BIEDRONKI<\/a><\/li>\n<li class=\"page_item page-item-303\"><a href=\"https:\/\/zsp14gliwice.pl\/pm4\/dokumenty\/\">Dokumenty<\/a><\/li>\n<li class=\"page_item page-item-446\"><a href=\"https:\/\/zsp14gliwice.pl\/pm4\/gwiazdki\/\">GWIAZDKI<\/a><\/li>\n<li class=\"page_item page-item-467\"><a href=\"https:\/\/zsp14gliwice.pl\/pm4\/jadlospis\/\">JAD\u0141OSPIS<\/a><\/li>\n<li class=\"page_item page-item-553\"><a href=\"https:\/\/zsp14gliwice.pl\/pm4\/kadra\/\">Kadra<\/a><\/li>\n<li class=\"page_item page-item-1781\"><a href=\"https:\/\/zsp14gliwice.pl\/pm4\/konkurs\/\">Konkurs<\/a><\/li>\n<li class=\"page_item page-item-904\"><a href=\"https:\/\/zsp14gliwice.pl\/pm4\/konkursy-miedzyszkolne\/\">Konkursy mi\u0119dzyszkolne<\/a><\/li>\n<li class=\"page_item page-item-321\"><a href=\"https:\/\/zsp14gliwice.pl\/pm4\/kontakt\/\">Kontakt<\/a><\/li>\n<li class=\"page_item page-item-1289\"><a href=\"https:\/\/zsp14gliwice.pl\/pm4\/kontynuacja-przedszkola-w-roku-2022-2023\/\">Kontynuacja przedszkola w roku 2024\/2025<\/a><\/li>\n<li class=\"page_item page-item-434\"><a href=\"https:\/\/zsp14gliwice.pl\/pm4\/krasnoludki\/\">KRASNOLUDKI<\/a><\/li>\n<li class=\"page_item page-item-967\"><a href=\"https:\/\/zsp14gliwice.pl\/pm4\/mapa-strony\/\">Mapa strony<\/a><\/li>\n<li class=\"page_item page-item-272\"><a href=\"https:\/\/zsp14gliwice.pl\/pm4\/o-nas\/\">O nas<\/a><\/li>\n<li class=\"page_item page-item-843\"><a href=\"https:\/\/zsp14gliwice.pl\/pm4\/ogloszenia\/\">Og\u0142oszenia<\/a><\/li>\n<li class=\"page_item page-item-1657\"><a href=\"https:\/\/zsp14gliwice.pl\/pm4\/pliki-do-pobrania\/\">Pliki do pobrania<\/a><\/li>\n<li class=\"page_item page-item-815\"><a href=\"https:\/\/zsp14gliwice.pl\/pm4\/poradnik\/\">Poradnik<\/a><\/li>\n<li class=\"page_item page-item-433\"><a href=\"https:\/\/zsp14gliwice.pl\/pm4\/pszczolki\/\">PSZCZ\u00d3\u0141KI<\/a><\/li>\n<li class=\"page_item page-item-858\"><a href=\"https:\/\/zsp14gliwice.pl\/pm4\/rekrutacja\/\">Rekrutacja<\/a><\/li>\n<li class=\"page_item page-item-415\"><a href=\"https:\/\/zsp14gliwice.pl\/pm4\/smerfy\/\">SMERFY<\/a><\/li>\n<li class=\"page_item page-item-10\"><a href=\"https:\/\/zsp14gliwice.pl\/pm4\/\">Strona G\u0142\u00f3wna<\/a><\/li>\n<li class=\"page_item page-item-530\"><a href=\"https:\/\/zsp14gliwice.pl\/pm4\/wydarzenia\/\">Wydarzenia<\/a><\/li>\n<li class=\"page_item page-item-465\"><a href=\"https:\/\/zsp14gliwice.pl\/pm4\/zabki\/\">\u017bABKI<\/a><\/li>\n<\/ul>\n<h2 class=\"wsp-posts-title\">Posts by category<\/h2>\n<ul class=\"wsp-posts-list\">\n\t<li><strong class=\"wsp-category-title\">Category: <a href=\"https:\/\/zsp14gliwice.pl\/pm4\/category\/aktualnosci\/\">Aktualno\u015bci<\/a><\/strong>\n<ul class=\"wsp-posts-list\">\t\t<li class=\"wsp-post\"><a href=\"https:\/\/zsp14gliwice.pl\/pm4\/2025\/06\/26\/dzien-otwarty-w-pm-4-7\/\">Dzie\u0144 otwarty w PM 4<\/a><\/li>\n\t\t<li class=\"wsp-post\"><a href=\"https:\/\/zsp14gliwice.pl\/pm4\/2024\/03\/01\/konkurs-recytatorski\/\">Konkurs recytatorski<\/a><\/li>\n\t\t<li class=\"wsp-post\"><a href=\"https:\/\/zsp14gliwice.pl\/pm4\/2023\/02\/14\/kontynuacja-przedszkola\/\">Kontynuacja przedszkola<\/a><\/li>\n\t\t<li class=\"wsp-post\"><a href=\"https:\/\/zsp14gliwice.pl\/pm4\/2022\/07\/27\/ogloszenie-26-07-2022\/\">Og\u0142oszenie 26.07.2022<\/a><\/li>\n<\/ul><\/li>\n\t<li><strong class=\"wsp-category-title\">Category: <a href=\"https:\/\/zsp14gliwice.pl\/pm4\/category\/bez-kategorii\/\">Bez kategorii<\/a><\/strong>\n<ul class=\"wsp-posts-list\">\t\t<li class=\"wsp-post\"><a href=\"https:\/\/zsp14gliwice.pl\/pm4\/2025\/06\/26\/dzien-otwarty-w-pm-4-6\/\">Dzie\u0144 otwarty w PM 4<\/a><\/li>\n\t\t<li class=\"wsp-post\"><a href=\"https:\/\/zsp14gliwice.pl\/pm4\/2025\/06\/26\/dzien-otwarty-w-pm-4-5\/\">Dzie\u0144 otwarty w PM 4<\/a><\/li>\n\t\t<li class=\"wsp-post\"><a href=\"https:\/\/zsp14gliwice.pl\/pm4\/2024\/06\/17\/dzien-otwarty-w-pm-4-3\/\">Dzie\u0144 otwarty w PM 4<\/a><\/li>\n<\/ul><\/li>\n\t<li><strong class=\"wsp-category-title\">Category: <a href=\"https:\/\/zsp14gliwice.pl\/pm4\/category\/dokumenty\/\">Dokumenty<\/a><\/strong>\n<ul class=\"wsp-posts-list\">\t\t<li class=\"wsp-post\"><a href=\"https:\/\/zsp14gliwice.pl\/pm4\/2024\/08\/28\/standardy-ochrony-maloletnich\/\">Standardy ochrony ma\u0142oletnich<\/a><\/li>\n\t\t<li class=\"wsp-post\"><a href=\"https:\/\/zsp14gliwice.pl\/pm4\/2023\/03\/10\/regulamin-komisji-rekrutacyjnej-2\/\">Regulamin Komisji Rekrutacyjnej<\/a><\/li>\n\t<li><strong class=\"wsp-category-title\">Category: <a href=\"https:\/\/zsp14gliwice.pl\/pm4\/category\/dokumenty\/procedury\/\">Procedury<\/a><\/strong>\n<ul class=\"wsp-posts-list\">\t\t<li class=\"wsp-post\"><a href=\"https:\/\/zsp14gliwice.pl\/pm4\/2025\/05\/23\/aktualna-procedura-bezpieczenstwa-2\/\">Aktualna procedura bezpiecze\u0144stwa<\/a><\/li>\n\t\t<li class=\"wsp-post\"><a href=\"https:\/\/zsp14gliwice.pl\/pm4\/2023\/09\/06\/aneks-procedura-naliczania-odplatnosci-za-pobyt-i-zywienie-dziecka-w-przedszkolu-2\/\">Aneks \u2013 Procedura naliczania odp\u0142atno\u015bci za pobyt i \u017cywienie dziecka w przedszkolu<\/a><\/li>\n\t\t<li class=\"wsp-post\"><a href=\"https:\/\/zsp14gliwice.pl\/pm4\/2022\/03\/14\/regulamin-komisji-rekrutacyjnej\/\">Regulamin komisji rekrutacyjnej<\/a><\/li>\n\t\t<li class=\"wsp-post\"><a href=\"https:\/\/zsp14gliwice.pl\/pm4\/2022\/02\/11\/procedura-usprawiedliwienia-nieobecnosci-dziecka-2\/\">Procedura zasady post\u0119powania z niepodatkowymi nale\u017cno\u015bciami bud\u017cetowymi o charakterze publiczno prawny pobieranymi przez o\u015bwiatowe jednostki bud\u017cetowe miasta Gliwice<\/a><\/li>\n\t\t<li class=\"wsp-post\"><a href=\"https:\/\/zsp14gliwice.pl\/pm4\/2021\/02\/23\/procedura-usprawiedliwienia-nieobecnosci-dziecka\/\">Procedura usprawiedliwienia nieobecno\u015bci dziecka<\/a><\/li>\n\t\t<li class=\"wsp-post\"><a href=\"https:\/\/zsp14gliwice.pl\/pm4\/2021\/02\/04\/procedura-ppp\/\">Procedura PPP<\/a><\/li>\n\t\t<li class=\"wsp-post\"><a href=\"https:\/\/zsp14gliwice.pl\/pm4\/2021\/02\/04\/procedura-dot-odbioru-dziecka\/\">Procedura dot.odbioru dziecka<\/a><\/li>\n\t\t<li class=\"wsp-post\"><a href=\"https:\/\/zsp14gliwice.pl\/pm4\/2021\/02\/04\/procedura-dot-korzystania-z-systemu-rejestracji\/\">Procedura dot.korzystania z systemu rejestracji<\/a><\/li>\n\t\t<li class=\"wsp-post\"><a href=\"https:\/\/zsp14gliwice.pl\/pm4\/2021\/02\/04\/procedura-dot-wyst-objawow-chorobowych\/\">Procedura dot.wyst.objaw\u00f3w chorobowych<\/a><\/li>\n\t\t<li class=\"wsp-post\"><a href=\"https:\/\/zsp14gliwice.pl\/pm4\/2021\/02\/04\/procedura-w-razie-wystapienia-wszawicy\/\">Procedura w razie wyst\u0105pienia wszawicy<\/a><\/li>\n\t\t<li class=\"wsp-post\"><a href=\"https:\/\/zsp14gliwice.pl\/pm4\/2021\/02\/04\/procedura-w-razie-wystapienia-nieszczesliwego-wypadku\/\">Procedura w razie wyst\u0105pienia nieszcz\u0119\u015bliwego wypadku<\/a><\/li>\n\t\t<li class=\"wsp-post\"><a href=\"https:\/\/zsp14gliwice.pl\/pm4\/2021\/02\/04\/aktualna-procedura-bezpieczenstwa\/\">Aktualna procedura bezpiecze\u0144stwa<\/a><\/li>\n\t\t<li class=\"wsp-post\"><a href=\"https:\/\/zsp14gliwice.pl\/pm4\/2021\/02\/04\/procedura-organizacji-wczesnego-wspomagania-rozwoju-dziecka\/\">Procedura organizacji wczesnego wspomagania rozwoju dziecka<\/a><\/li>\n\t\t<li class=\"wsp-post\"><a href=\"https:\/\/zsp14gliwice.pl\/pm4\/2021\/02\/04\/procedura-naliczania-odplatnosci-za-pobyt-i-zywienie-dziecka-w-przedszkolu\/\">Procedura naliczania odp\u0142atno\u015bci za pobyt i \u017cywienie dziecka w przedszkolu<\/a><\/li>\n<\/ul><\/li>\n\t<li><strong class=\"wsp-category-title\">Category: <a href=\"https:\/\/zsp14gliwice.pl\/pm4\/category\/dokumenty\/statut\/\">Statut<\/a><\/strong>\n<ul class=\"wsp-posts-list\">\t\t<li class=\"wsp-post\"><a href=\"https:\/\/zsp14gliwice.pl\/pm4\/2020\/10\/29\/statut-pm4\/\">Statut PM4<\/a><\/li>\n<\/ul><\/li>\n<\/ul><\/li>\n\t<li><strong class=\"wsp-category-title\">Category: <a href=\"https:\/\/zsp14gliwice.pl\/pm4\/category\/konkursy-miedzyszkolne\/\">Konkursy mi\u0119dzyszkolne<\/a><\/strong>\n<ul class=\"wsp-posts-list\">\t\t<li class=\"wsp-post\"><a href=\"https:\/\/zsp14gliwice.pl\/pm4\/2021\/04\/23\/ii-wyroznienie-w-miedzyszkolnym-konkursie-plastycznym-bozonarodzeniowe-aniolki\/\">II Wyr\u00f3\u017cnienie w mi\u0119dzyszkolnym konkursie plastycznym \u201e Bo\u017conarodzeniowe anio\u0142ki\u201d<\/a><\/li>\n\t\t<li class=\"wsp-post\"><a href=\"https:\/\/zsp14gliwice.pl\/pm4\/2021\/04\/23\/1-miejsce-w-miedzyszkolnym-przegladzie-tworczosci-kresowej\/\">1 Miejsce w mi\u0119dzyszkolnym Przegl\u0105dzie Tw\u00f3rczo\u015bci Kresowej<\/a><\/li>\n<\/ul><\/li>\n\t<li><strong class=\"wsp-category-title\">Category: <a href=\"https:\/\/zsp14gliwice.pl\/pm4\/category\/ogloszenia\/\">Og\u0142oszenia<\/a><\/strong>\n<ul class=\"wsp-posts-list\">\t\t<li class=\"wsp-post\"><a href=\"https:\/\/zsp14gliwice.pl\/pm4\/2024\/01\/25\/koncert-charytatywny\/\">Koncert charytatywny<\/a><\/li>\n\t\t<li class=\"wsp-post\"><a href=\"https:\/\/zsp14gliwice.pl\/pm4\/2023\/11\/24\/zasady-dotyczace-pobytu-i-zywienia-dziecka-w-przedszkolu\/\">Zasady dotycz\u0105ce pobytu i \u017cywienia dziecka w przedszkolu<\/a><\/li>\n\t\t<li class=\"wsp-post\"><a href=\"https:\/\/zsp14gliwice.pl\/pm4\/2023\/09\/12\/spotkanie-organizacyjne-dla-rodzicow-13-09-2023\/\">Spotkanie organizacyjne dla rodzic\u00f3w 13.09.2023<\/a><\/li>\n\t\t<li class=\"wsp-post\"><a href=\"https:\/\/zsp14gliwice.pl\/pm4\/2023\/07\/28\/zmiana-wysokosci-oplaty-za-pobyt-w-przedszkolach-i-oddzialach-przedszkolnych-2\/\">Zmiana wysoko\u015bci op\u0142aty za pobyt w przedszkolach i oddzia\u0142ach przedszkolnych<\/a><\/li>\n\t\t<li class=\"wsp-post\"><a href=\"https:\/\/zsp14gliwice.pl\/pm4\/2023\/07\/17\/deklaracja-pobytu-i-wyzywienia-dziecka-w-przedszkolu-2023-2024\/\">Deklaracja pobytu i wy\u017cywienia dziecka w przedszkolu 2023\/2024<\/a><\/li>\n\t\t<li class=\"wsp-post\"><a href=\"https:\/\/zsp14gliwice.pl\/pm4\/2023\/06\/30\/zebrania-organizacyjne-na-rok-2023-2024\/\">Zebrania organizacyjne na rok 2023\/2024<\/a><\/li>\n\t\t<li class=\"wsp-post\"><a href=\"https:\/\/zsp14gliwice.pl\/pm4\/2023\/06\/19\/dzien-otwarty-w-pm-4-2\/\">DZIE\u0143 OTWARTY W PM 4<\/a><\/li>\n\t\t<li class=\"wsp-post\"><a href=\"https:\/\/zsp14gliwice.pl\/pm4\/2023\/05\/09\/dyzur-wakacyjny-2023\/\">Dy\u017cur wakacyjny 2023<\/a><\/li>\n\t\t<li class=\"wsp-post\"><a href=\"https:\/\/zsp14gliwice.pl\/pm4\/2023\/01\/10\/ustalenia-przerwy-w-pracy-przedszkoli-i-oddzialow-przedszkolnych-w-szkolach-podstawowych-w-roku-szkolnym-2022-23\/\">Ustalenia przerwy w pracy przedszkoli i oddzia\u0142\u00f3w przedszkolnych w szko\u0142ach podstawowych w roku szkolnym 2022\/23<\/a><\/li>\n\t\t<li class=\"wsp-post\"><a href=\"https:\/\/zsp14gliwice.pl\/pm4\/2022\/11\/21\/zmiana-wysokosci-oplaty-za-pobyt-w-przedszkolach-i-oddzialach-przedszkolnych\/\">Zmiana wysoko\u015bci op\u0142aty za pobyt w przedszkolach i oddzia\u0142ach przedszkolnych<\/a><\/li>\n\t\t<li class=\"wsp-post\"><a href=\"https:\/\/zsp14gliwice.pl\/pm4\/2022\/11\/17\/konsultacje-wychowawcow-grup-z-rodzicami-w-pm-4\/\">KONSULTACJE WYCHOWAWC\u00d3W GRUP Z RODZICAMI W PM 4<\/a><\/li>\n\t\t<li class=\"wsp-post\"><a href=\"https:\/\/zsp14gliwice.pl\/pm4\/2022\/10\/07\/zmiana-stawki-zywieniowej-oraz-numerkonta-bankowego\/\">Zmiana stawki \u017cywieniowej oraz numer<br>konta bankowego<\/a><\/li>\n\t\t<li class=\"wsp-post\"><a href=\"https:\/\/zsp14gliwice.pl\/pm4\/2022\/09\/13\/harmonogram-dostepnosci-nauczycieli-dla-rodzicow\/\">Harmonogram dost\u0119pno\u015bci nauczycieli dla rodzic\u00f3w<\/a><\/li>\n\t\t<li class=\"wsp-post\"><a href=\"https:\/\/zsp14gliwice.pl\/pm4\/2022\/08\/17\/zebrania-z-rodzicami-dzieci\/\">Zebrania z rodzicami dzieci<\/a><\/li>\n\t\t<li class=\"wsp-post\"><a href=\"https:\/\/zsp14gliwice.pl\/pm4\/2022\/06\/06\/dzien-otwarty-w-pm-4\/\">DZIE\u0143 OTWARTY W PM 4<\/a><\/li>\n\t\t<li class=\"wsp-post\"><a href=\"https:\/\/zsp14gliwice.pl\/pm4\/2022\/05\/12\/rozpoczynamy-zapisy-na-dyzur-wakacyjny-w-roku-2022\/\">Rozpoczynamy zapisy na dy\u017cur wakacyjny w roku 2022<\/a><\/li>\n\t\t<li class=\"wsp-post\"><a href=\"https:\/\/zsp14gliwice.pl\/pm4\/2022\/01\/11\/zmiana-stawki-zywieniowej-oraz-konta-bankowego\/\">Zmiana stawki \u017cywieniowej oraz konta bankowego<\/a><\/li>\n\t\t<li class=\"wsp-post\"><a href=\"https:\/\/zsp14gliwice.pl\/pm4\/2021\/11\/17\/konsultacje-nauczycieli-z-rodzicami-w-pm-4\/\">KONSULTACJE  NAUCZYCIELI  Z RODZICAMI  W  PM 4<\/a><\/li>\n\t\t<li class=\"wsp-post\"><a href=\"https:\/\/zsp14gliwice.pl\/pm4\/2021\/08\/25\/zebrania-z-rodzicami-w-roku-szkolnym-2021-2022\/\">ZEBRANIA Z RODZICAMI W ROKU SZKOLNYM 2021\/2022<\/a><\/li>\n\t\t<li class=\"wsp-post\"><a href=\"https:\/\/zsp14gliwice.pl\/pm4\/2021\/03\/27\/ogloszenie-przedszkole-zostaje-zamkniete\/\">OG\u0141OSZENIE &#8211; przedszkole zostaje zamkni\u0119te<\/a><\/li>\n<\/ul><\/li>\n\t<li><strong class=\"wsp-category-title\">Category: <a href=\"https:\/\/zsp14gliwice.pl\/pm4\/category\/rekrutacja\/\">Rekrutacja<\/a><\/strong>\n<ul class=\"wsp-posts-list\">\t\t<li class=\"wsp-post\"><a href=\"https:\/\/zsp14gliwice.pl\/pm4\/2025\/02\/02\/rekrutacja-do-przedszkola-na-rok-szkolny-2025-2026\/\">REKRUTACJA DO PRZEDSZKOLA NA ROK SZKOLNY 2026\/2027<\/a><\/li>\n\t\t<li class=\"wsp-post\"><a href=\"https:\/\/zsp14gliwice.pl\/pm4\/2023\/03\/10\/przyjmowanie-wnioskow-2\/\">PRZYJMOWANIE WNIOSK\u00d3W<\/a><\/li>\n\t\t<li class=\"wsp-post\"><a href=\"https:\/\/zsp14gliwice.pl\/pm4\/2023\/02\/09\/rekrutacja-do-przedszkola-na-rok-szkolny-2023-2024-2\/\">REKRUTACJA DO PRZEDSZKOLA NA ROK SZKOLNY 2024\/2025<\/a><\/li>\n\t\t<li class=\"wsp-post\"><a href=\"https:\/\/zsp14gliwice.pl\/pm4\/2023\/02\/01\/rekrutacja-do-przedszkola-na-rok-szkolny-2023-2024\/\">Rekrutacja do przedszkola na rok szkolny<\/a><\/li>\n<\/ul><\/li>\n\t<li><strong class=\"wsp-category-title\">Category: <a href=\"https:\/\/zsp14gliwice.pl\/pm4\/category\/wydarzenia\/\">Wydarzenia<\/a><\/strong>\n<ul class=\"wsp-posts-list\">\t\t<li class=\"wsp-post\"><a href=\"https:\/\/zsp14gliwice.pl\/pm4\/2024\/07\/29\/dzien-otwarty-w-pm-4-4\/\">Dzie\u0144 otwarty w PM 4<\/a><\/li>\n\t\t<li class=\"wsp-post\"><a href=\"https:\/\/zsp14gliwice.pl\/pm4\/2022\/11\/17\/konkurs-dzien-dyni-w-pm-4\/\">Konkurs Dzie\u0144 Dyni w PM 4<\/a><\/li>\n\t\t<li class=\"wsp-post\"><a href=\"https:\/\/zsp14gliwice.pl\/pm4\/2022\/02\/01\/dzien-babci-i-dziadka-w-pm4-grupa-sloneczka\/\">Dzie\u0144 babci i dziadka w PM4 grupa s\u0142oneczka<\/a><\/li>\n\t\t<li class=\"wsp-post\"><a href=\"https:\/\/zsp14gliwice.pl\/pm4\/2022\/01\/21\/dla-babci-i-dziadka-z-grupy-zabek\/\">Dla Babci i Dziadka z grupy \u017babek<\/a><\/li>\n\t\t<li class=\"wsp-post\"><a href=\"https:\/\/zsp14gliwice.pl\/pm4\/2021\/12\/23\/jaselka-w-pm4\/\">Jase\u0142ka w PM4<\/a><\/li>\n\t\t<li class=\"wsp-post\"><a href=\"https:\/\/zsp14gliwice.pl\/pm4\/2021\/12\/23\/koledowanie-w-pm4\/\">Kol\u0119dowanie w PM4<\/a><\/li>\n\t\t<li class=\"wsp-post\"><a href=\"https:\/\/zsp14gliwice.pl\/pm4\/2021\/12\/23\/mikolaj-w-pm4\/\">Miko\u0142aj w PM4<\/a><\/li>\n\t\t<li class=\"wsp-post\"><a href=\"https:\/\/zsp14gliwice.pl\/pm4\/2021\/12\/23\/dzien-pluszowego-misia-w-pm4\/\">Dzie\u0144 pluszowego misia w PM4<\/a><\/li>\n\t\t<li class=\"wsp-post\"><a href=\"https:\/\/zsp14gliwice.pl\/pm4\/2021\/12\/22\/wesolych-swiat-bozego-narodzenia-2021\/\">Weso\u0142ych \u015awi\u0105t Bo\u017cego Narodzenia 2021<\/a><\/li>\n\t\t<li class=\"wsp-post\"><a href=\"https:\/\/zsp14gliwice.pl\/pm4\/2021\/12\/13\/wyniki-konkursu-jesien-w-parku\/\">Wyniki konkursu \u201e Jesie\u0144 w parku\u201d<\/a><\/li>\n\t\t<li class=\"wsp-post\"><a href=\"https:\/\/zsp14gliwice.pl\/pm4\/2021\/11\/17\/swieto-niepodleglosci-w-pm4\/\">\u015awi\u0119to Niepodleg\u0142o\u015bci w PM4<\/a><\/li>\n\t\t<li class=\"wsp-post\"><a href=\"https:\/\/zsp14gliwice.pl\/pm4\/2021\/11\/04\/warsztaty-fundacji-kto-ukradl-jutro\/\">Warsztaty Fundacji Kto ukrad\u0142 jutro<\/a><\/li>\n\t\t<li class=\"wsp-post\"><a href=\"https:\/\/zsp14gliwice.pl\/pm4\/2021\/11\/04\/dzien-dyni-w-pm4\/\">Dzie\u0144 dyni w PM4<\/a><\/li>\n\t\t<li class=\"wsp-post\"><a href=\"https:\/\/zsp14gliwice.pl\/pm4\/2021\/10\/28\/spotkanie-z-policjantem-w-pm4\/\">SPOTKANIE Z POLICJANTEM w PM4<\/a><\/li>\n\t\t<li class=\"wsp-post\"><a href=\"https:\/\/zsp14gliwice.pl\/pm4\/2021\/10\/22\/gwiazdki-dzien-bosych-stop-22-10-2021\/\">Gwiazdki &#8211; Dzie\u0144 Bosych St\u00f3p 22.10.2021<\/a><\/li>\n\t\t<li class=\"wsp-post\"><a href=\"https:\/\/zsp14gliwice.pl\/pm4\/2021\/10\/21\/konkurs-jesien-w-parku\/\">Konkurs &#8222;Jesie\u0144 w Parku&#8221;<\/a><\/li>\n\t\t<li class=\"wsp-post\"><a href=\"https:\/\/zsp14gliwice.pl\/pm4\/2021\/10\/21\/konkurs-kto-ty-jestes-polak-maly\/\">Konkurs &#8222;Kto Ty jeste\u015b? Polak ma\u0142y&#8221;<\/a><\/li>\n\t\t<li class=\"wsp-post\"><a href=\"https:\/\/zsp14gliwice.pl\/pm4\/2021\/10\/21\/grupa-zabki-w-studio-nagran\/\">Grupa \u017babki w studio nagra\u0144<\/a><\/li>\n\t\t<li class=\"wsp-post\"><a href=\"https:\/\/zsp14gliwice.pl\/pm4\/2021\/10\/21\/innowacja-pedagogiczna-klik-kreatywnie-interaktywnie\/\">Innowacja pedagogiczna &#8222;Klik kreatywnie, interaktywnie&#8221;<\/a><\/li>\n\t\t<li class=\"wsp-post\"><a href=\"https:\/\/zsp14gliwice.pl\/pm4\/2021\/10\/21\/wyniki-konkursu-moja-pani-z-przedszkola\/\">Wyniki konkursu &#8222;Moja Pani z przedszkola&#8221;<\/a><\/li>\n\t\t<li class=\"wsp-post\"><a href=\"https:\/\/zsp14gliwice.pl\/pm4\/2021\/10\/20\/pasowanie-na-przedszkolaka-w-pm4\/\">Pasowanie na przedszkolaka w PM4<\/a><\/li>\n\t\t<li class=\"wsp-post\"><a href=\"https:\/\/zsp14gliwice.pl\/pm4\/2021\/10\/15\/swiatowy-dzien-mycia-rak-15-10-2021\/\">\u015awiatowy Dzie\u0144 Mycia R\u0105k 15.10.2021<\/a><\/li>\n\t\t<li class=\"wsp-post\"><a href=\"https:\/\/zsp14gliwice.pl\/pm4\/2021\/10\/01\/nowy-plac-zabaw-dla-dzieci-w-pm4\/\">Nowy plac zabaw dla dzieci w PM4<\/a><\/li>\n\t\t<li class=\"wsp-post\"><a href=\"https:\/\/zsp14gliwice.pl\/pm4\/2021\/09\/28\/konkurs-moja-pani-z-przedszkola\/\">Konkurs &#8222;Moja Pani z Przedszkola&#8221;<\/a><\/li>\n\t\t<li class=\"wsp-post\"><a href=\"https:\/\/zsp14gliwice.pl\/pm4\/2021\/09\/20\/miedzynarodowy-dzien-kropki\/\">Mi\u0119dzynarodowy Dzie\u0144 Kropki<\/a><\/li>\n\t\t<li class=\"wsp-post\"><a href=\"https:\/\/zsp14gliwice.pl\/pm4\/2021\/09\/20\/dzien-przedszkolaka\/\">Dzie\u0144 przedszkolaka<\/a><\/li>\n\t\t<li class=\"wsp-post\"><a href=\"https:\/\/zsp14gliwice.pl\/pm4\/2021\/06\/28\/recyklingowo-ksiazkowy-zawrot-glowy-w-pm4\/\">&#8222;Recyklingowo-ksi\u0105\u017ckowy&#8221; zawr\u00f3t g\u0142owy w PM4<\/a><\/li>\n\t\t<li class=\"wsp-post\"><a href=\"https:\/\/zsp14gliwice.pl\/pm4\/2021\/06\/28\/dzien-flagi-w-pm4\/\">Dzie\u0144 flagi w PM4<\/a><\/li>\n\t\t<li class=\"wsp-post\"><a href=\"https:\/\/zsp14gliwice.pl\/pm4\/2021\/05\/27\/dzien-mamy-i-taty-w-pm4\/\">Dzie\u0144 Mamy i Taty w PM4<\/a><\/li>\n\t\t<li class=\"wsp-post\"><a href=\"https:\/\/zsp14gliwice.pl\/pm4\/2021\/04\/21\/podsumowanie-akcji-informacyjno-edukacyjnej-wirusoochrona\/\">Podsumowanie akcji informacyjno- edukacyjnej &#8222;Wirusoochrona&#8221;<\/a><\/li>\n\t\t<li class=\"wsp-post\"><a href=\"https:\/\/zsp14gliwice.pl\/pm4\/2021\/04\/21\/projekty-w-pm-4\/\">Projekty w PM 4<\/a><\/li>\n\t\t<li class=\"wsp-post\"><a href=\"https:\/\/zsp14gliwice.pl\/pm4\/2021\/04\/21\/dzien-slonca-w-pm4\/\">Dzie\u0144 s\u0142o\u0144ca w PM4<\/a><\/li>\n\t\t<li class=\"wsp-post\"><a href=\"https:\/\/zsp14gliwice.pl\/pm4\/2021\/03\/22\/tydzien-dinozaura-w-pm4\/\">Tydzie\u0144 dinozaura w PM4<\/a><\/li>\n\t\t<li class=\"wsp-post\"><a href=\"https:\/\/zsp14gliwice.pl\/pm4\/2021\/03\/22\/pozegnanie-zimy-powitanie-wiosny\/\">Po\u017cegnanie Zimy, powitanie Wiosny<\/a><\/li>\n\t\t<li class=\"wsp-post\"><a href=\"https:\/\/zsp14gliwice.pl\/pm4\/2021\/03\/22\/dzien-psa\/\">Dzie\u0144 psa<\/a><\/li>\n\t\t<li class=\"wsp-post\"><a href=\"https:\/\/zsp14gliwice.pl\/pm4\/2021\/03\/22\/dzien-talentow-w-pm4\/\">Dzie\u0144 talent\u00f3w w PM4<\/a><\/li>\n\t\t<li class=\"wsp-post\"><a href=\"https:\/\/zsp14gliwice.pl\/pm4\/2021\/03\/19\/dzien-akrobatyki-w-pm-4\/\">Dzie\u0144 akrobatyki w PM 4<\/a><\/li>\n\t\t<li class=\"wsp-post\"><a href=\"https:\/\/zsp14gliwice.pl\/pm4\/2021\/03\/12\/dzien-pisarza\/\">Dzie\u0144 pisarza<\/a><\/li>\n\t\t<li class=\"wsp-post\"><a href=\"https:\/\/zsp14gliwice.pl\/pm4\/2021\/03\/02\/poczta-walentynkowa\/\">Poczta walentynkowa<\/a><\/li>\n\t\t<li class=\"wsp-post\"><a href=\"https:\/\/zsp14gliwice.pl\/pm4\/2021\/03\/02\/tydzien-dinozaura\/\">Tydzie\u0144 dinozaura<\/a><\/li>\n\t\t<li class=\"wsp-post\"><a href=\"https:\/\/zsp14gliwice.pl\/pm4\/2021\/02\/13\/bal-karnawalowy-w-przedszkolu-nr-4-w-gliwicach\/\">Bal karnawa\u0142owy w Przedszkolu nr 4 w Gliwicach<\/a><\/li>\n\t\t<li class=\"wsp-post\"><a href=\"https:\/\/zsp14gliwice.pl\/pm4\/2021\/02\/12\/dzien-babci-i-dziadka-w-przedszkolu-nr-4-w-gliwicach\/\">Dzie\u0144 Babci i Dziadka w Przedszkolu nr 4 w Gliwicach<\/a><\/li>\n\t\t<li class=\"wsp-post\"><a href=\"https:\/\/zsp14gliwice.pl\/pm4\/2020\/12\/04\/dzien-gornika\/\">Dzie\u0144 g\u00f3rnika<\/a><\/li>\n\t<li><strong class=\"wsp-category-title\">Category: <a href=\"https:\/\/zsp14gliwice.pl\/pm4\/category\/wydarzenia\/wszystkie\/\">Wszystkie<\/a><\/strong>\n<ul class=\"wsp-posts-list\">\t\t<li class=\"wsp-post\"><a href=\"https:\/\/zsp14gliwice.pl\/pm4\/2022\/10\/28\/dzien-dyni-i-konkurs\/\">Dzie\u0144 Dyni i konkurs!<\/a><\/li>\n<\/ul><\/li>\n<\/ul><\/li>\n<\/ul>\n<\/div>\n","protected":false},"excerpt":{"rendered":"Pages Aktualno\u015bci BIEDRONKI Dokumenty GWIAZDKI JAD\u0141OSPIS Kadra Konkurs Konkursy mi\u0119dzyszkolne Kontakt Kontynuacja przedszkola w roku 2024\/2025 KRASNOLUDKI Mapa strony O nas Og\u0142oszenia Pliki do pobrania Poradnik PSZCZ\u00d3\u0141KI Rekrutacja SMERFY Strona G\u0142\u00f3wna Wydarzenia \u017bABKI Posts by category Category: Aktualno\u015bci Dzie\u0144 otwarty w PM 4 Konkurs recytatorski Kontynuacja przedszkola Og\u0142oszenie 26.07.2022 Category: Bez kategorii Dzie\u0144 otwarty w PM 4 Dzie\u0144 otwarty w ... <div><a href=\"https:\/\/zsp14gliwice.pl\/pm4\/mapa-strony\/\" class=\"more-link\">Read More<\/a><\/div>","protected":false},"author":1,"featured_media":0,"parent":0,"menu_order":0,"comment_status":"closed","ping_status":"closed","template":"","meta":{"footnotes":""},"_links":{"self":[{"href":"https:\/\/zsp14gliwice.pl\/pm4\/wp-json\/wp\/v2\/pages\/967"}],"collection":[{"href":"https:\/\/zsp14gliwice.pl\/pm4\/wp-json\/wp\/v2\/pages"}],"about":[{"href":"https:\/\/zsp14gliwice.pl\/pm4\/wp-json\/wp\/v2\/types\/page"}],"author":[{"embeddable":true,"href":"https:\/\/zsp14gliwice.pl\/pm4\/wp-json\/wp\/v2\/users\/1"}],"replies":[{"embeddable":true,"href":"https:\/\/zsp14gliwice.pl\/pm4\/wp-json\/wp\/v2\/comments?post=967"}],"version-history":[{"count":1,"href":"https:\/\/zsp14gliwice.pl\/pm4\/wp-json\/wp\/v2\/pages\/967\/revisions"}],"predecessor-version":[{"id":968,"href":"https:\/\/zsp14gliwice.pl\/pm4\/wp-json\/wp\/v2\/pages\/967\/revisions\/968"}],"wp:attachment":[{"href":"https:\/\/zsp14gliwice.pl\/pm4\/wp-json\/wp\/v2\/media?parent=967"}],"curies":[{"name":"wp","href":"https:\/\/api.w.org\/{rel}","templated":true}]}}