{"id":468,"date":"2020-12-13T19:52:06","date_gmt":"2020-12-13T18:52:06","guid":{"rendered":"http:\/\/zsp14gliwice.pl\/pm4\/?page_id=468"},"modified":"2026-04-03T11:02:10","modified_gmt":"2026-04-03T09:02:10","slug":"biedronki","status":"publish","type":"page","link":"https:\/\/zsp14gliwice.pl\/pm4\/biedronki\/","title":{"rendered":"BIEDRONKI"},"content":{"rendered":"<section class=\"wpb-content-wrapper\">[vc_row full_width=&#8221;stretch_row_content_no_spaces&#8221;][vc_column][vc_single_image image=&#8221;128&#8243; img_size=&#8221;full&#8221; alignment=&#8221;center&#8221;][\/vc_column][\/vc_row][vc_row equal_height=&#8221;yes&#8221; content_placement=&#8221;middle&#8221;][vc_column width=&#8221;1\/2&#8243; css=&#8221;.vc_custom_1607274169052{padding-top: 50px !important;padding-right: 10% !important;padding-bottom: 50px !important;padding-left: 10% !important;}&#8221;][vc_column_text]\n<h1 style=\"text-align: center;\">BIEDRONKI<\/h1>\n[\/vc_column_text][vc_column_text]Grupa Biedronki. Grupa &#8222;Biedronki&#8221; to grupa 6-cio latk\u00f3w. Dzieci s\u0105 weso\u0142e, u\u015bmiechni\u0119te i ciekawe \u015bwiata. Lubi\u0105ce si\u0119 bawi\u0107 i uczy\u0107 poprzez zabaw\u0119. \u201eBiedronki\u201d rysuj\u0105, koloruj\u0105, maluj\u0105, tworz\u0105, \u015bpiewaj\u0105, ta\u0144cz\u0105, skacz\u0105, po prostu s\u0105 sob\u0105. Ka\u017cdego dnia z rado\u015bci\u0105 przychodz\u0105 do przedszkola. Pracujemy w oparciu o program wychowania przedszkolnego: \u201eZabawy z porami roku\u201d. Bierzemy udzia\u0142 w zaj\u0119ciach j\u0119zykowych, rytmice, judo i religii. Bierzemy te\u017c udzia\u0142 w og\u00f3lnopolskich projektach i programach edukacyjnych.[\/vc_column_text][\/vc_column][vc_column width=&#8221;1\/2&#8243; css=&#8221;.vc_custom_1607275251720{padding-top: 50px !important;padding-right: 10% !important;padding-bottom: 50px !important;padding-left: 10% !important;}&#8221;][vc_single_image image=&#8221;460&#8243; img_size=&#8221;medium&#8221; alignment=&#8221;center&#8221;][\/vc_column][\/vc_row][vc_row full_width=&#8221;stretch_row_content_no_spaces&#8221; el_class=&#8221;kkRow&#8221;][vc_column][vc_single_image image=&#8221;222&#8243; img_size=&#8221;full&#8221; alignment=&#8221;center&#8221;][\/vc_column][\/vc_row]\n<\/section>","protected":false},"excerpt":{"rendered":"<p>[vc_row full_width=&#8221;stretch_row_content_no_spaces&#8221;][vc_column][vc_single_image image=&#8221;128&#8243; img_size=&#8221;full&#8221; alignment=&#8221;center&#8221;][\/vc_column][\/vc_row][vc_row equal_height=&#8221;yes&#8221; content_placement=&#8221;middle&#8221;][vc_column width=&#8221;1\/2&#8243; css=&#8221;.vc_custom_1607274169052{padding-top: 50px !important;padding-right: 10% !important;padding-bottom: 50px !important;padding-left: 10% !important;}&#8221;][vc_column_text] BIEDRONKI [\/vc_column_text][vc_column_text]Grupa Biedronki. Grupa &#8222;Biedronki&#8221; to grupa 6-cio latk\u00f3w. Dzieci s\u0105 weso\u0142e, u\u015bmiechni\u0119te i ciekawe \u015bwiata. Lubi\u0105ce si\u0119 bawi\u0107 i uczy\u0107 poprzez zabaw\u0119. \u201eBiedronki\u201d rysuj\u0105, koloruj\u0105, maluj\u0105, tworz\u0105, \u015bpiewaj\u0105, ta\u0144cz\u0105, skacz\u0105, po prostu s\u0105 sob\u0105. Ka\u017cdego dnia z rado\u015bci\u0105 przychodz\u0105 do przedszkola. Pracujemy &#8230; <\/p>\n<div><a href=\"https:\/\/zsp14gliwice.pl\/pm4\/biedronki\/\" class=\"more-link\">Read More<\/a><\/div>\n","protected":false},"author":1,"featured_media":0,"parent":0,"menu_order":0,"comment_status":"closed","ping_status":"closed","template":"template-blank-4.php","meta":{"footnotes":""},"_links":{"self":[{"href":"https:\/\/zsp14gliwice.pl\/pm4\/wp-json\/wp\/v2\/pages\/468"}],"collection":[{"href":"https:\/\/zsp14gliwice.pl\/pm4\/wp-json\/wp\/v2\/pages"}],"about":[{"href":"https:\/\/zsp14gliwice.pl\/pm4\/wp-json\/wp\/v2\/types\/page"}],"author":[{"embeddable":true,"href":"https:\/\/zsp14gliwice.pl\/pm4\/wp-json\/wp\/v2\/users\/1"}],"replies":[{"embeddable":true,"href":"https:\/\/zsp14gliwice.pl\/pm4\/wp-json\/wp\/v2\/comments?post=468"}],"version-history":[{"count":5,"href":"https:\/\/zsp14gliwice.pl\/pm4\/wp-json\/wp\/v2\/pages\/468\/revisions"}],"predecessor-version":[{"id":2194,"href":"https:\/\/zsp14gliwice.pl\/pm4\/wp-json\/wp\/v2\/pages\/468\/revisions\/2194"}],"wp:attachment":[{"href":"https:\/\/zsp14gliwice.pl\/pm4\/wp-json\/wp\/v2\/media?parent=468"}],"curies":[{"name":"wp","href":"https:\/\/api.w.org\/{rel}","templated":true}]}}