{"id":465,"date":"2020-12-13T19:51:09","date_gmt":"2020-12-13T18:51:09","guid":{"rendered":"http:\/\/zsp14gliwice.pl\/pm4\/?page_id=465"},"modified":"2020-12-16T09:07:41","modified_gmt":"2020-12-16T08:07:41","slug":"zabki","status":"publish","type":"page","link":"https:\/\/zsp14gliwice.pl\/pm4\/zabki\/","title":{"rendered":"\u017bABKI"},"content":{"rendered":"<section class=\"wpb-content-wrapper\">[vc_row full_width=&#8221;stretch_row_content_no_spaces&#8221;][vc_column][vc_single_image image=&#8221;128&#8243; img_size=&#8221;full&#8221; alignment=&#8221;center&#8221;][\/vc_column][\/vc_row][vc_row equal_height=&#8221;yes&#8221; content_placement=&#8221;middle&#8221;][vc_column width=&#8221;1\/2&#8243; css=&#8221;.vc_custom_1607274169052{padding-top: 50px !important;padding-right: 10% !important;padding-bottom: 50px !important;padding-left: 10% !important;}&#8221;][vc_column_text]\n<h1 style=\"text-align: center;\">\u017bABKI<\/h1>\n[\/vc_column_text][vc_column_text]Grupa \u017babki to dzieci czteroletnie. Dob\u00f3r metod pracy z dzie\u0107mi zale\u017cy od indywidualnych mo\u017cliwo\u015bci dzieci oraz od tego, jakie umiej\u0119tno\u015bci zaplanowali\u015bmy kszta\u0142ci\u0107 w danej chwili. Najlepszymi metodami s\u0105 te, kt\u00f3re aktywizuj\u0105 i motywuj\u0105 dziecko oraz umo\u017cliwiaj\u0105 praktyczne zastosowanie zdobytej wiedzy.<\/p>\n<p>Dodatkowo realizujemy w grupie \u017babek projekty:<\/p>\n<ol>\n<li>Og\u00f3lnopolski projekt kreatyny przedszkolak, kreatywne dziecko\u201d.<\/li>\n<li>\u201eZ Batti Strauss w \u015bwiat muzyki klasycznej\u201d.<\/li>\n<li>\u201eOd dzieciaka do samodzielnego przedszkolaka\u201d.<\/li>\n<li>\u201eCzytamy metod\u0105 symultaniczno- sekwencyjn\u0105\u201d.<\/li>\n<li>\u201ePrzedszkolaki z pasj\u0105\u201d.<\/li>\n<\/ol>\n[\/vc_column_text][\/vc_column][vc_column width=&#8221;1\/2&#8243; css=&#8221;.vc_custom_1607275251720{padding-top: 50px !important;padding-right: 10% !important;padding-bottom: 50px !important;padding-left: 10% !important;}&#8221;][vc_single_image image=&#8221;461&#8243; img_size=&#8221;medium&#8221; alignment=&#8221;center&#8221;][\/vc_column][\/vc_row][vc_row full_width=&#8221;stretch_row_content_no_spaces&#8221; el_class=&#8221;kkRow&#8221;][vc_column][vc_single_image image=&#8221;222&#8243; img_size=&#8221;full&#8221; alignment=&#8221;center&#8221;][\/vc_column][\/vc_row]\n<\/section>","protected":false},"excerpt":{"rendered":"<p>[vc_row full_width=&#8221;stretch_row_content_no_spaces&#8221;][vc_column][vc_single_image image=&#8221;128&#8243; img_size=&#8221;full&#8221; alignment=&#8221;center&#8221;][\/vc_column][\/vc_row][vc_row equal_height=&#8221;yes&#8221; content_placement=&#8221;middle&#8221;][vc_column width=&#8221;1\/2&#8243; css=&#8221;.vc_custom_1607274169052{padding-top: 50px !important;padding-right: 10% !important;padding-bottom: 50px !important;padding-left: 10% !important;}&#8221;][vc_column_text] \u017bABKI [\/vc_column_text][vc_column_text]Grupa \u017babki to dzieci czteroletnie. Dob\u00f3r metod pracy z dzie\u0107mi zale\u017cy od indywidualnych mo\u017cliwo\u015bci dzieci oraz od tego, jakie umiej\u0119tno\u015bci zaplanowali\u015bmy kszta\u0142ci\u0107 w danej chwili. Najlepszymi metodami s\u0105 te, kt\u00f3re aktywizuj\u0105 i motywuj\u0105 dziecko oraz umo\u017cliwiaj\u0105 praktyczne zastosowanie zdobytej wiedzy. Dodatkowo realizujemy &#8230; <\/p>\n<div><a href=\"https:\/\/zsp14gliwice.pl\/pm4\/zabki\/\" class=\"more-link\">Read More<\/a><\/div>\n","protected":false},"author":1,"featured_media":0,"parent":0,"menu_order":0,"comment_status":"closed","ping_status":"closed","template":"template-blank-4.php","meta":{"footnotes":""},"_links":{"self":[{"href":"https:\/\/zsp14gliwice.pl\/pm4\/wp-json\/wp\/v2\/pages\/465"}],"collection":[{"href":"https:\/\/zsp14gliwice.pl\/pm4\/wp-json\/wp\/v2\/pages"}],"about":[{"href":"https:\/\/zsp14gliwice.pl\/pm4\/wp-json\/wp\/v2\/types\/page"}],"author":[{"embeddable":true,"href":"https:\/\/zsp14gliwice.pl\/pm4\/wp-json\/wp\/v2\/users\/1"}],"replies":[{"embeddable":true,"href":"https:\/\/zsp14gliwice.pl\/pm4\/wp-json\/wp\/v2\/comments?post=465"}],"version-history":[{"count":2,"href":"https:\/\/zsp14gliwice.pl\/pm4\/wp-json\/wp\/v2\/pages\/465\/revisions"}],"predecessor-version":[{"id":506,"href":"https:\/\/zsp14gliwice.pl\/pm4\/wp-json\/wp\/v2\/pages\/465\/revisions\/506"}],"wp:attachment":[{"href":"https:\/\/zsp14gliwice.pl\/pm4\/wp-json\/wp\/v2\/media?parent=465"}],"curies":[{"name":"wp","href":"https:\/\/api.w.org\/{rel}","templated":true}]}}