{"id":446,"date":"2020-12-06T18:44:29","date_gmt":"2020-12-06T17:44:29","guid":{"rendered":"http:\/\/zsp14gliwice.pl\/pm4\/?page_id=446"},"modified":"2020-12-16T09:04:37","modified_gmt":"2020-12-16T08:04:37","slug":"gwiazdki","status":"publish","type":"page","link":"https:\/\/zsp14gliwice.pl\/pm4\/gwiazdki\/","title":{"rendered":"GWIAZDKI"},"content":{"rendered":"<section class=\"wpb-content-wrapper\">[vc_row full_width=&#8221;stretch_row_content_no_spaces&#8221;][vc_column][vc_single_image image=&#8221;128&#8243; img_size=&#8221;full&#8221; alignment=&#8221;center&#8221;][\/vc_column][\/vc_row][vc_row equal_height=&#8221;yes&#8221; content_placement=&#8221;middle&#8221;][vc_column width=&#8221;1\/2&#8243; css=&#8221;.vc_custom_1607274169052{padding-top: 50px !important;padding-right: 10% !important;padding-bottom: 50px !important;padding-left: 10% !important;}&#8221;][vc_column_text]\n<h1 style=\"text-align: center;\">GWIAZDKI<\/h1>\n[\/vc_column_text][vc_column_text]Gwiazdki to 5 i 6latki Codziennie pe\u0142ni rado\u015bci i zapa\u0142u przychodzimy do przedszkola. Bardzo lubimy zabawy konstrukcyjne, z ch\u0119ci\u0105 uczymy si\u0119 nowych wierszyk\u00f3w, piosenek i rymowanek. Ch\u0119tnie wycinamy, kleimy i sk\u0142adamy rozwijaj\u0105c nasz\u0105 aktywno\u015b\u0107 plastyczn\u0105. Edukacj\u0119 \u0142\u0105czymy z dobr\u0105 zabaw\u0105, zdobywaj\u0105c nowe wiadomo\u015bci i umiej\u0119tno\u015bci. Realizujemy projekty: \u201eOd zabawy do czytania\u201d, \u201eKodowanie i programowanie to wcale nie jest trudne\u201d. Zaj\u0119cia w grupie: j\u0119zyk angielski, religia, judo. Realizujemy program wychowania przedszkolnego \u201eZabawy z porami roku\u201d dr Iwony Lewkowicz i dr Anny Tworkowska- Baraniuk.[\/vc_column_text][\/vc_column][vc_column width=&#8221;1\/2&#8243; css=&#8221;.vc_custom_1607275251720{padding-top: 50px !important;padding-right: 10% !important;padding-bottom: 50px !important;padding-left: 10% !important;}&#8221;][vc_single_image image=&#8221;424&#8243; img_size=&#8221;medium&#8221; alignment=&#8221;center&#8221;][\/vc_column][\/vc_row][vc_row full_width=&#8221;stretch_row_content_no_spaces&#8221; el_class=&#8221;kkRow&#8221;][vc_column][vc_single_image image=&#8221;222&#8243; img_size=&#8221;full&#8221; alignment=&#8221;center&#8221;][\/vc_column][\/vc_row]\n<\/section>","protected":false},"excerpt":{"rendered":"<p>[vc_row full_width=&#8221;stretch_row_content_no_spaces&#8221;][vc_column][vc_single_image image=&#8221;128&#8243; img_size=&#8221;full&#8221; alignment=&#8221;center&#8221;][\/vc_column][\/vc_row][vc_row equal_height=&#8221;yes&#8221; content_placement=&#8221;middle&#8221;][vc_column width=&#8221;1\/2&#8243; css=&#8221;.vc_custom_1607274169052{padding-top: 50px !important;padding-right: 10% !important;padding-bottom: 50px !important;padding-left: 10% !important;}&#8221;][vc_column_text] GWIAZDKI [\/vc_column_text][vc_column_text]Gwiazdki to 5 i 6latki Codziennie pe\u0142ni rado\u015bci i zapa\u0142u przychodzimy do przedszkola. Bardzo lubimy zabawy konstrukcyjne, z ch\u0119ci\u0105 uczymy si\u0119 nowych wierszyk\u00f3w, piosenek i rymowanek. Ch\u0119tnie wycinamy, kleimy i sk\u0142adamy rozwijaj\u0105c nasz\u0105 aktywno\u015b\u0107 plastyczn\u0105. Edukacj\u0119 \u0142\u0105czymy z dobr\u0105 zabaw\u0105, zdobywaj\u0105c nowe &#8230; <\/p>\n<div><a href=\"https:\/\/zsp14gliwice.pl\/pm4\/gwiazdki\/\" class=\"more-link\">Read More<\/a><\/div>\n","protected":false},"author":1,"featured_media":0,"parent":0,"menu_order":0,"comment_status":"closed","ping_status":"closed","template":"template-blank-4.php","meta":{"footnotes":""},"_links":{"self":[{"href":"https:\/\/zsp14gliwice.pl\/pm4\/wp-json\/wp\/v2\/pages\/446"}],"collection":[{"href":"https:\/\/zsp14gliwice.pl\/pm4\/wp-json\/wp\/v2\/pages"}],"about":[{"href":"https:\/\/zsp14gliwice.pl\/pm4\/wp-json\/wp\/v2\/types\/page"}],"author":[{"embeddable":true,"href":"https:\/\/zsp14gliwice.pl\/pm4\/wp-json\/wp\/v2\/users\/1"}],"replies":[{"embeddable":true,"href":"https:\/\/zsp14gliwice.pl\/pm4\/wp-json\/wp\/v2\/comments?post=446"}],"version-history":[{"count":2,"href":"https:\/\/zsp14gliwice.pl\/pm4\/wp-json\/wp\/v2\/pages\/446\/revisions"}],"predecessor-version":[{"id":504,"href":"https:\/\/zsp14gliwice.pl\/pm4\/wp-json\/wp\/v2\/pages\/446\/revisions\/504"}],"wp:attachment":[{"href":"https:\/\/zsp14gliwice.pl\/pm4\/wp-json\/wp\/v2\/media?parent=446"}],"curies":[{"name":"wp","href":"https:\/\/api.w.org\/{rel}","templated":true}]}}