{"id":434,"date":"2020-12-06T18:38:45","date_gmt":"2020-12-06T17:38:45","guid":{"rendered":"http:\/\/zsp14gliwice.pl\/pm4\/?page_id=434"},"modified":"2020-12-06T18:42:47","modified_gmt":"2020-12-06T17:42:47","slug":"krasnoludki","status":"publish","type":"page","link":"https:\/\/zsp14gliwice.pl\/pm4\/krasnoludki\/","title":{"rendered":"KRASNOLUDKI"},"content":{"rendered":"<section class=\"wpb-content-wrapper\">[vc_row full_width=&#8221;stretch_row_content_no_spaces&#8221;][vc_column][vc_single_image image=&#8221;128&#8243; img_size=&#8221;full&#8221; alignment=&#8221;center&#8221;][\/vc_column][\/vc_row][vc_row equal_height=&#8221;yes&#8221; content_placement=&#8221;middle&#8221;][vc_column width=&#8221;1\/2&#8243; css=&#8221;.vc_custom_1607274169052{padding-top: 50px !important;padding-right: 10% !important;padding-bottom: 50px !important;padding-left: 10% !important;}&#8221;][vc_column_text]\n<h1 style=\"text-align: center;\">KRASNOLUDKI<\/h1>\n[\/vc_column_text][vc_column_text]Krasnoludki 3-latki Pracujemy w oparciu o program Kolorowy start Mac edukacja. Projekty w grupie: Grunt to rodzinka i Og\u00f3lnopolski projekt edukacyjny Kreatywny Przedszkolak- Kreatywne Dziecko. Dzieci ch\u0119tnie ucz\u0119szczaj\u0105 do przedszkola, s\u0105 pogodne, otwarte i aktywne podczas zabaw i zaj\u0119\u0107. Z ch\u0119ci\u0105 ucz\u0105 si\u0119 rymowanek i piosenek. Bardzo lubi\u0105 wykonywa\u0107 prace plastyczne z zastosowaniem r\u00f3\u017cnych technik. Wiele rado\u015bci sprawiaj\u0105 dzieciom zabawy ruchowe, zabawy w k\u0105cikach zainteresowa\u0144 oraz na dywanie interaktywnym. Zaj\u0119cia w grupie: j\u0119zyk angielski, rytmika, zaj\u0119cia logopedyczne.[\/vc_column_text][\/vc_column][vc_column width=&#8221;1\/2&#8243; css=&#8221;.vc_custom_1607275251720{padding-top: 50px !important;padding-right: 10% !important;padding-bottom: 50px !important;padding-left: 10% !important;}&#8221;][vc_single_image image=&#8221;426&#8243; img_size=&#8221;large&#8221; alignment=&#8221;center&#8221;][\/vc_column][\/vc_row][vc_row full_width=&#8221;stretch_row_content_no_spaces&#8221; el_class=&#8221;kkRow&#8221;][vc_column][vc_single_image image=&#8221;222&#8243; img_size=&#8221;full&#8221; alignment=&#8221;center&#8221;][\/vc_column][\/vc_row]\n<\/section>","protected":false},"excerpt":{"rendered":"<p>[vc_row full_width=&#8221;stretch_row_content_no_spaces&#8221;][vc_column][vc_single_image image=&#8221;128&#8243; img_size=&#8221;full&#8221; alignment=&#8221;center&#8221;][\/vc_column][\/vc_row][vc_row equal_height=&#8221;yes&#8221; content_placement=&#8221;middle&#8221;][vc_column width=&#8221;1\/2&#8243; css=&#8221;.vc_custom_1607274169052{padding-top: 50px !important;padding-right: 10% !important;padding-bottom: 50px !important;padding-left: 10% !important;}&#8221;][vc_column_text] KRASNOLUDKI [\/vc_column_text][vc_column_text]Krasnoludki 3-latki Pracujemy w oparciu o program Kolorowy start Mac edukacja. Projekty w grupie: Grunt to rodzinka i Og\u00f3lnopolski projekt edukacyjny Kreatywny Przedszkolak- Kreatywne Dziecko. Dzieci ch\u0119tnie ucz\u0119szczaj\u0105 do przedszkola, s\u0105 pogodne, otwarte i aktywne podczas zabaw i zaj\u0119\u0107. Z ch\u0119ci\u0105 ucz\u0105 &#8230; <\/p>\n<div><a href=\"https:\/\/zsp14gliwice.pl\/pm4\/krasnoludki\/\" class=\"more-link\">Read More<\/a><\/div>\n","protected":false},"author":1,"featured_media":0,"parent":0,"menu_order":0,"comment_status":"closed","ping_status":"closed","template":"template-blank-4.php","meta":{"footnotes":""},"_links":{"self":[{"href":"https:\/\/zsp14gliwice.pl\/pm4\/wp-json\/wp\/v2\/pages\/434"}],"collection":[{"href":"https:\/\/zsp14gliwice.pl\/pm4\/wp-json\/wp\/v2\/pages"}],"about":[{"href":"https:\/\/zsp14gliwice.pl\/pm4\/wp-json\/wp\/v2\/types\/page"}],"author":[{"embeddable":true,"href":"https:\/\/zsp14gliwice.pl\/pm4\/wp-json\/wp\/v2\/users\/1"}],"replies":[{"embeddable":true,"href":"https:\/\/zsp14gliwice.pl\/pm4\/wp-json\/wp\/v2\/comments?post=434"}],"version-history":[{"count":5,"href":"https:\/\/zsp14gliwice.pl\/pm4\/wp-json\/wp\/v2\/pages\/434\/revisions"}],"predecessor-version":[{"id":443,"href":"https:\/\/zsp14gliwice.pl\/pm4\/wp-json\/wp\/v2\/pages\/434\/revisions\/443"}],"wp:attachment":[{"href":"https:\/\/zsp14gliwice.pl\/pm4\/wp-json\/wp\/v2\/media?parent=434"}],"curies":[{"name":"wp","href":"https:\/\/api.w.org\/{rel}","templated":true}]}}