{"id":433,"date":"2020-12-06T18:30:35","date_gmt":"2020-12-06T17:30:35","guid":{"rendered":"http:\/\/zsp14gliwice.pl\/pm4\/?page_id=433"},"modified":"2026-04-03T10:59:53","modified_gmt":"2026-04-03T08:59:53","slug":"pszczolki","status":"publish","type":"page","link":"https:\/\/zsp14gliwice.pl\/pm4\/pszczolki\/","title":{"rendered":"PSZCZ\u00d3\u0141KI"},"content":{"rendered":"<section class=\"wpb-content-wrapper\">[vc_row full_width=&#8221;stretch_row_content_no_spaces&#8221;][vc_column][vc_single_image image=&#8221;128&#8243; img_size=&#8221;full&#8221; alignment=&#8221;center&#8221;][\/vc_column][\/vc_row][vc_row equal_height=&#8221;yes&#8221; content_placement=&#8221;middle&#8221;][vc_column width=&#8221;1\/2&#8243; css=&#8221;.vc_custom_1607274169052{padding-top: 50px !important;padding-right: 10% !important;padding-bottom: 50px !important;padding-left: 10% !important;}&#8221;][vc_column_text]\n<h1 style=\"text-align: center;\">PSZCZ\u00d3\u0141KI<\/h1>\n[\/vc_column_text][vc_column_text]\u201ePszcz\u00f3\u0142ki\u201d- to grupa &#8222;rodzinkowa&#8221;, zr\u00f3\u017cnicowana wiekowo , do kt\u00f3rej chodz\u0105 dzieci 3-6-letnie. Pracujemy w oparciu o program wychowania przedszkolnego: \u201eZabawy z porami roku\u201d. Bierzemy udzia\u0142 w zaj\u0119ciach j\u0119zykowych, matematycznych, plastycznych, rytmice, judo i religii. Bardzo lubimy uczy\u0107 si\u0119, rysowa\u0107 , \u015bpiewa\u0107 a najbardziej tworzy\u0107 i dzia\u0142a\u0107. Bierzemy udzia\u0142 w og\u00f3lnopolskich projektach i programach edukacyjnych.[\/vc_column_text][\/vc_column][vc_column width=&#8221;1\/2&#8243; css=&#8221;.vc_custom_1607275251720{padding-top: 50px !important;padding-right: 10% !important;padding-bottom: 50px !important;padding-left: 10% !important;}&#8221;][vc_single_image image=&#8221;425&#8243; img_size=&#8221;medium&#8221; alignment=&#8221;center&#8221;][\/vc_column][\/vc_row][vc_row full_width=&#8221;stretch_row_content_no_spaces&#8221; el_class=&#8221;kkRow&#8221;][vc_column][vc_single_image image=&#8221;222&#8243; img_size=&#8221;full&#8221; alignment=&#8221;center&#8221;][\/vc_column][\/vc_row]\n<\/section>","protected":false},"excerpt":{"rendered":"<p>[vc_row full_width=&#8221;stretch_row_content_no_spaces&#8221;][vc_column][vc_single_image image=&#8221;128&#8243; img_size=&#8221;full&#8221; alignment=&#8221;center&#8221;][\/vc_column][\/vc_row][vc_row equal_height=&#8221;yes&#8221; content_placement=&#8221;middle&#8221;][vc_column width=&#8221;1\/2&#8243; css=&#8221;.vc_custom_1607274169052{padding-top: 50px !important;padding-right: 10% !important;padding-bottom: 50px !important;padding-left: 10% !important;}&#8221;][vc_column_text] PSZCZ\u00d3\u0141KI [\/vc_column_text][vc_column_text]\u201ePszcz\u00f3\u0142ki\u201d- to grupa &#8222;rodzinkowa&#8221;, zr\u00f3\u017cnicowana wiekowo , do kt\u00f3rej chodz\u0105 dzieci 3-6-letnie. Pracujemy w oparciu o program wychowania przedszkolnego: \u201eZabawy z porami roku\u201d. Bierzemy udzia\u0142 w zaj\u0119ciach j\u0119zykowych, matematycznych, plastycznych, rytmice, judo i religii. Bardzo lubimy uczy\u0107 si\u0119, rysowa\u0107 , \u015bpiewa\u0107 a &#8230; <\/p>\n<div><a href=\"https:\/\/zsp14gliwice.pl\/pm4\/pszczolki\/\" class=\"more-link\">Read More<\/a><\/div>\n","protected":false},"author":1,"featured_media":0,"parent":0,"menu_order":0,"comment_status":"closed","ping_status":"closed","template":"template-blank-4.php","meta":{"footnotes":""},"_links":{"self":[{"href":"https:\/\/zsp14gliwice.pl\/pm4\/wp-json\/wp\/v2\/pages\/433"}],"collection":[{"href":"https:\/\/zsp14gliwice.pl\/pm4\/wp-json\/wp\/v2\/pages"}],"about":[{"href":"https:\/\/zsp14gliwice.pl\/pm4\/wp-json\/wp\/v2\/types\/page"}],"author":[{"embeddable":true,"href":"https:\/\/zsp14gliwice.pl\/pm4\/wp-json\/wp\/v2\/users\/1"}],"replies":[{"embeddable":true,"href":"https:\/\/zsp14gliwice.pl\/pm4\/wp-json\/wp\/v2\/comments?post=433"}],"version-history":[{"count":5,"href":"https:\/\/zsp14gliwice.pl\/pm4\/wp-json\/wp\/v2\/pages\/433\/revisions"}],"predecessor-version":[{"id":2191,"href":"https:\/\/zsp14gliwice.pl\/pm4\/wp-json\/wp\/v2\/pages\/433\/revisions\/2191"}],"wp:attachment":[{"href":"https:\/\/zsp14gliwice.pl\/pm4\/wp-json\/wp\/v2\/media?parent=433"}],"curies":[{"name":"wp","href":"https:\/\/api.w.org\/{rel}","templated":true}]}}