{"id":1289,"date":"2022-02-09T11:42:13","date_gmt":"2022-02-09T10:42:13","guid":{"rendered":"http:\/\/zsp14gliwice.pl\/pm4\/?page_id=1289"},"modified":"2024-02-12T10:51:54","modified_gmt":"2024-02-12T09:51:54","slug":"kontynuacja-przedszkola-w-roku-2022-2023","status":"publish","type":"page","link":"https:\/\/zsp14gliwice.pl\/pm4\/kontynuacja-przedszkola-w-roku-2022-2023\/","title":{"rendered":"Kontynuacja przedszkola w roku 2024\/2025"},"content":{"rendered":"\n<p><strong>Szanowni Pa\u0144stwo,<\/strong><br>Prosimy pobra\u0107 w PM 4 druk dotycz\u0105cy kontynuacji ucz\u0119szczania dziecka do przedszkola<br>w roku 2024\/2025. Wype\u0142niony i podpisany przez obojga rodzic\u00f3w druk nale\u017cy odda\u0107 do<br>wicedyrektora, do dnia 19.02.2024 . Brak pisemnego potwierdzenia kontynuacji do 19 lutego <br>oznacza rezygnacj\u0119 z miejsca w przedszkolu.<\/p>\n\n\n\n<div class=\"wp-block-buttons is-horizontal is-content-justification-center is-layout-flex wp-container-core-buttons-layout-1 wp-block-buttons-is-layout-flex\">\n<div class=\"wp-block-button\"><a class=\"wp-block-button__link wp-element-button\" href=\"http:\/\/zsp14gliwice.pl\/pm4\/wp-content\/uploads\/2022\/02\/KONTYNUACJA_2022.docx\" target=\"_blank\" rel=\"noreferrer noopener\">Pobierz plik<\/a><\/div>\n<\/div>\n","protected":false},"excerpt":{"rendered":"<p>Szanowni Pa\u0144stwo,Prosimy pobra\u0107 w PM 4 druk dotycz\u0105cy kontynuacji ucz\u0119szczania dziecka do przedszkolaw roku 2024\/2025. Wype\u0142niony i podpisany przez obojga rodzic\u00f3w druk nale\u017cy odda\u0107 dowicedyrektora, do dnia 19.02.2024 . Brak pisemnego potwierdzenia kontynuacji do 19 lutego oznacza rezygnacj\u0119 z miejsca w przedszkolu.<\/p>\n","protected":false},"author":1,"featured_media":0,"parent":0,"menu_order":0,"comment_status":"closed","ping_status":"closed","template":"","meta":{"footnotes":""},"_links":{"self":[{"href":"https:\/\/zsp14gliwice.pl\/pm4\/wp-json\/wp\/v2\/pages\/1289"}],"collection":[{"href":"https:\/\/zsp14gliwice.pl\/pm4\/wp-json\/wp\/v2\/pages"}],"about":[{"href":"https:\/\/zsp14gliwice.pl\/pm4\/wp-json\/wp\/v2\/types\/page"}],"author":[{"embeddable":true,"href":"https:\/\/zsp14gliwice.pl\/pm4\/wp-json\/wp\/v2\/users\/1"}],"replies":[{"embeddable":true,"href":"https:\/\/zsp14gliwice.pl\/pm4\/wp-json\/wp\/v2\/comments?post=1289"}],"version-history":[{"count":6,"href":"https:\/\/zsp14gliwice.pl\/pm4\/wp-json\/wp\/v2\/pages\/1289\/revisions"}],"predecessor-version":[{"id":1739,"href":"https:\/\/zsp14gliwice.pl\/pm4\/wp-json\/wp\/v2\/pages\/1289\/revisions\/1739"}],"wp:attachment":[{"href":"https:\/\/zsp14gliwice.pl\/pm4\/wp-json\/wp\/v2\/media?parent=1289"}],"curies":[{"name":"wp","href":"https:\/\/api.w.org\/{rel}","templated":true}]}}